{"id":467,"date":"2021-08-17T17:33:36","date_gmt":"2021-08-17T22:33:36","guid":{"rendered":"https:\/\/www.okur.com.co\/sitio\/?post_type=product&#038;p=467"},"modified":"2024-02-25T14:20:43","modified_gmt":"2024-02-25T19:20:43","slug":"caida-cabello-graso-kit-crecimiento","status":"publish","type":"product","link":"https:\/\/www.okur.com.co\/sitio\/producto\/caida-cabello-graso-kit-crecimiento\/","title":{"rendered":"Ca\u00edda del Cabello Graso \ud83e\uddc5 Kit Crecimiento"},"content":{"rendered":"<h4><strong>CHAO Ca\u00edda Cabello Graso<\/strong><\/h4>\n<p>Estimula el crecimiento del cabello, aporta oxigenaci\u00f3n al fol\u00edculo y la hebra capilar, ideal para cabellos grasos, es sebo regulador, Los componentes activos de la cebolla y el ajo, hacen que circule m\u00e1s sangre en el cuero cabelludo creciendo m\u00e1s r\u00e1pido el cabello.<\/p>\n<p>\u00a1Descubre la Magia Natural en Cada Botella! \ud83c\udf1f Prep\u00e1rate para transformar tu cabello en una obra maestra de brillo, suavidad y fortaleza. La sinergia de los extractos naturales presentes en los 4 productos, es la llave a un mundo donde la naturaleza se une a la belleza. \u00a1Tu cabello nunca se habr\u00e1 sentido tan vivaz y radiante! \ud83d\udc83\ud83c\udf89\u2728<\/p>\n<p>Activa el crecimiento de d\u00eda y de noche. Despu\u00e9s del uso constante de todo el kit, ver\u00e1s el cambio<br \/>\nen la calidad del cabello.<\/p>\n","protected":false},"excerpt":{"rendered":"<ul>\n<li>Repara el Cabello grasoso, Opaco y delgado,\ud83d\udca5Detiene la Ca\u00edda del Cabello\ud83e\uddc5Champ\u00fa de Cebolla y Ajo OKUR\ud83c\udf31 \u2728 Revitalizaci\u00f3n M\u00e1gica\u00a0\u26a1 Con Vitamina E [la Protecci\u00f3n Total para los rayos del SOL\u26a1]\u00a0. Suaviza el cabello y lo hace m\u00e1s manejable. Restaura el brillo natural del cabello, Ayuda al cabello a retener la humedad.<\/li>\n<li>Todos los productos son sin sal<\/li>\n<\/ul>\n","protected":false},"featured_media":470,"comment_status":"open","ping_status":"closed","template":"","meta":{"_et_pb_use_builder":"","_et_pb_old_content":"","_et_gb_content_width":""},"product_brand":[],"product_cat":[47,34,20,17,19,18],"product_tag":[46,43,39],"class_list":{"0":"post-467","1":"product","2":"type-product","3":"status-publish","4":"has-post-thumbnail","6":"product_cat-cabello-grasoso","7":"product_cat-delgado","8":"product_cat-kits","9":"product_cat-shampoo","10":"product_cat-tonicos","11":"product_cat-tratamientos","12":"product_tag-ayuda-al-crecimiento","13":"product_tag-caida","14":"product_tag-para-ayudar-a-el-cuero-cabelludo","16":"first","17":"instock","18":"shipping-taxable","19":"purchasable","20":"product-type-simple"},"yoast_head":"<!-- This site is optimized with the Yoast SEO plugin v26.9 - https:\/\/yoast.com\/product\/yoast-seo-wordpress\/ -->\n<title>CHAO Ca\u00edda del Cabello Graso<\/title>\n<meta name=\"description\" content=\"Estimula el crecimiento del cabello, \ud83e\uddc5 aporta oxigenaci\u00f3n al fol\u00edculo y la hebra capilar, ideal para cabellos grasos, evita la ca\u00edda.\" \/>\n<meta name=\"robots\" content=\"index, follow, max-snippet:-1, max-image-preview:large, max-video-preview:-1\" \/>\n<link rel=\"canonical\" href=\"https:\/\/www.okur.com.co\/sitio\/producto\/caida-cabello-graso-kit-crecimiento\/\" \/>\n<meta property=\"og:locale\" content=\"es_ES\" \/>\n<meta property=\"og:type\" content=\"article\" \/>\n<meta property=\"og:title\" content=\"CHAO Ca\u00edda del Cabello Graso\" \/>\n<meta property=\"og:description\" content=\"Estimula el crecimiento del cabello, \ud83e\uddc5 aporta oxigenaci\u00f3n al fol\u00edculo y la hebra capilar, ideal para cabellos grasos, evita la ca\u00edda.\" \/>\n<meta property=\"og:url\" content=\"https:\/\/www.okur.com.co\/sitio\/producto\/caida-cabello-graso-kit-crecimiento\/\" \/>\n<meta property=\"og:site_name\" content=\"Okur\" \/>\n<meta property=\"article:modified_time\" content=\"2024-02-25T19:20:43+00:00\" \/>\n<meta property=\"og:image\" content=\"https:\/\/www.okur.com.co\/sitio\/wp-content\/uploads\/2021\/08\/Combo-Shampoo-acondicionador-tonico-y-regenerador-capilar-Okur.jpg\" \/>\n\t<meta property=\"og:image:width\" content=\"800\" \/>\n\t<meta property=\"og:image:height\" content=\"700\" \/>\n\t<meta property=\"og:image:type\" content=\"image\/jpeg\" \/>\n<meta name=\"twitter:card\" content=\"summary_large_image\" \/>\n<meta name=\"twitter:label1\" content=\"Tiempo de lectura\" \/>\n\t<meta name=\"twitter:data1\" content=\"1 minuto\" \/>\n<script type=\"application\/ld+json\" class=\"yoast-schema-graph\">{\"@context\":\"https:\/\/schema.org\",\"@graph\":[{\"@type\":\"WebPage\",\"@id\":\"https:\/\/www.okur.com.co\/sitio\/producto\/caida-cabello-graso-kit-crecimiento\/\",\"url\":\"https:\/\/www.okur.com.co\/sitio\/producto\/caida-cabello-graso-kit-crecimiento\/\",\"name\":\"CHAO Ca\u00edda del Cabello Graso\",\"isPartOf\":{\"@id\":\"https:\/\/www.okur.com.co\/sitio\/#website\"},\"primaryImageOfPage\":{\"@id\":\"https:\/\/www.okur.com.co\/sitio\/producto\/caida-cabello-graso-kit-crecimiento\/#primaryimage\"},\"image\":{\"@id\":\"https:\/\/www.okur.com.co\/sitio\/producto\/caida-cabello-graso-kit-crecimiento\/#primaryimage\"},\"thumbnailUrl\":\"https:\/\/www.okur.com.co\/sitio\/wp-content\/uploads\/2021\/08\/Combo-Shampoo-acondicionador-tonico-y-regenerador-capilar-Okur.jpg\",\"datePublished\":\"2021-08-17T22:33:36+00:00\",\"dateModified\":\"2024-02-25T19:20:43+00:00\",\"description\":\"Estimula el crecimiento del cabello, \ud83e\uddc5 aporta oxigenaci\u00f3n al fol\u00edculo y la hebra capilar, ideal para cabellos grasos, evita la ca\u00edda.\",\"breadcrumb\":{\"@id\":\"https:\/\/www.okur.com.co\/sitio\/producto\/caida-cabello-graso-kit-crecimiento\/#breadcrumb\"},\"inLanguage\":\"es\",\"potentialAction\":[{\"@type\":\"ReadAction\",\"target\":[\"https:\/\/www.okur.com.co\/sitio\/producto\/caida-cabello-graso-kit-crecimiento\/\"]}]},{\"@type\":\"ImageObject\",\"inLanguage\":\"es\",\"@id\":\"https:\/\/www.okur.com.co\/sitio\/producto\/caida-cabello-graso-kit-crecimiento\/#primaryimage\",\"url\":\"https:\/\/www.okur.com.co\/sitio\/wp-content\/uploads\/2021\/08\/Combo-Shampoo-acondicionador-tonico-y-regenerador-capilar-Okur.jpg\",\"contentUrl\":\"https:\/\/www.okur.com.co\/sitio\/wp-content\/uploads\/2021\/08\/Combo-Shampoo-acondicionador-tonico-y-regenerador-capilar-Okur.jpg\",\"width\":800,\"height\":700},{\"@type\":\"BreadcrumbList\",\"@id\":\"https:\/\/www.okur.com.co\/sitio\/producto\/caida-cabello-graso-kit-crecimiento\/#breadcrumb\",\"itemListElement\":[{\"@type\":\"ListItem\",\"position\":1,\"name\":\"Portada\",\"item\":\"https:\/\/www.okur.com.co\/sitio\/\"},{\"@type\":\"ListItem\",\"position\":2,\"name\":\"Tienda\",\"item\":\"https:\/\/www.okur.com.co\/sitio\/\"},{\"@type\":\"ListItem\",\"position\":3,\"name\":\"Ca\u00edda del Cabello Graso \ud83e\uddc5 Kit Crecimiento\"}]},{\"@type\":\"WebSite\",\"@id\":\"https:\/\/www.okur.com.co\/sitio\/#website\",\"url\":\"https:\/\/www.okur.com.co\/sitio\/\",\"name\":\"Okur\",\"description\":\"Tienda para el cuidado capilar de la familia\",\"potentialAction\":[{\"@type\":\"SearchAction\",\"target\":{\"@type\":\"EntryPoint\",\"urlTemplate\":\"https:\/\/www.okur.com.co\/sitio\/?s={search_term_string}\"},\"query-input\":{\"@type\":\"PropertyValueSpecification\",\"valueRequired\":true,\"valueName\":\"search_term_string\"}}],\"inLanguage\":\"es\"}]}<\/script>\n<!-- \/ Yoast SEO plugin. -->","yoast_head_json":{"title":"CHAO Ca\u00edda del Cabello Graso","description":"Estimula el crecimiento del cabello, \ud83e\uddc5 aporta oxigenaci\u00f3n al fol\u00edculo y la hebra capilar, ideal para cabellos grasos, evita la ca\u00edda.","robots":{"index":"index","follow":"follow","max-snippet":"max-snippet:-1","max-image-preview":"max-image-preview:large","max-video-preview":"max-video-preview:-1"},"canonical":"https:\/\/www.okur.com.co\/sitio\/producto\/caida-cabello-graso-kit-crecimiento\/","og_locale":"es_ES","og_type":"article","og_title":"CHAO Ca\u00edda del Cabello Graso","og_description":"Estimula el crecimiento del cabello, \ud83e\uddc5 aporta oxigenaci\u00f3n al fol\u00edculo y la hebra capilar, ideal para cabellos grasos, evita la ca\u00edda.","og_url":"https:\/\/www.okur.com.co\/sitio\/producto\/caida-cabello-graso-kit-crecimiento\/","og_site_name":"Okur","article_modified_time":"2024-02-25T19:20:43+00:00","og_image":[{"width":800,"height":700,"url":"https:\/\/www.okur.com.co\/sitio\/wp-content\/uploads\/2021\/08\/Combo-Shampoo-acondicionador-tonico-y-regenerador-capilar-Okur.jpg","type":"image\/jpeg"}],"twitter_card":"summary_large_image","twitter_misc":{"Tiempo de lectura":"1 minuto"},"schema":{"@context":"https:\/\/schema.org","@graph":[{"@type":"WebPage","@id":"https:\/\/www.okur.com.co\/sitio\/producto\/caida-cabello-graso-kit-crecimiento\/","url":"https:\/\/www.okur.com.co\/sitio\/producto\/caida-cabello-graso-kit-crecimiento\/","name":"CHAO Ca\u00edda del Cabello Graso","isPartOf":{"@id":"https:\/\/www.okur.com.co\/sitio\/#website"},"primaryImageOfPage":{"@id":"https:\/\/www.okur.com.co\/sitio\/producto\/caida-cabello-graso-kit-crecimiento\/#primaryimage"},"image":{"@id":"https:\/\/www.okur.com.co\/sitio\/producto\/caida-cabello-graso-kit-crecimiento\/#primaryimage"},"thumbnailUrl":"https:\/\/www.okur.com.co\/sitio\/wp-content\/uploads\/2021\/08\/Combo-Shampoo-acondicionador-tonico-y-regenerador-capilar-Okur.jpg","datePublished":"2021-08-17T22:33:36+00:00","dateModified":"2024-02-25T19:20:43+00:00","description":"Estimula el crecimiento del cabello, \ud83e\uddc5 aporta oxigenaci\u00f3n al fol\u00edculo y la hebra capilar, ideal para cabellos grasos, evita la ca\u00edda.","breadcrumb":{"@id":"https:\/\/www.okur.com.co\/sitio\/producto\/caida-cabello-graso-kit-crecimiento\/#breadcrumb"},"inLanguage":"es","potentialAction":[{"@type":"ReadAction","target":["https:\/\/www.okur.com.co\/sitio\/producto\/caida-cabello-graso-kit-crecimiento\/"]}]},{"@type":"ImageObject","inLanguage":"es","@id":"https:\/\/www.okur.com.co\/sitio\/producto\/caida-cabello-graso-kit-crecimiento\/#primaryimage","url":"https:\/\/www.okur.com.co\/sitio\/wp-content\/uploads\/2021\/08\/Combo-Shampoo-acondicionador-tonico-y-regenerador-capilar-Okur.jpg","contentUrl":"https:\/\/www.okur.com.co\/sitio\/wp-content\/uploads\/2021\/08\/Combo-Shampoo-acondicionador-tonico-y-regenerador-capilar-Okur.jpg","width":800,"height":700},{"@type":"BreadcrumbList","@id":"https:\/\/www.okur.com.co\/sitio\/producto\/caida-cabello-graso-kit-crecimiento\/#breadcrumb","itemListElement":[{"@type":"ListItem","position":1,"name":"Portada","item":"https:\/\/www.okur.com.co\/sitio\/"},{"@type":"ListItem","position":2,"name":"Tienda","item":"https:\/\/www.okur.com.co\/sitio\/"},{"@type":"ListItem","position":3,"name":"Ca\u00edda del Cabello Graso \ud83e\uddc5 Kit Crecimiento"}]},{"@type":"WebSite","@id":"https:\/\/www.okur.com.co\/sitio\/#website","url":"https:\/\/www.okur.com.co\/sitio\/","name":"Okur","description":"Tienda para el cuidado capilar de la familia","potentialAction":[{"@type":"SearchAction","target":{"@type":"EntryPoint","urlTemplate":"https:\/\/www.okur.com.co\/sitio\/?s={search_term_string}"},"query-input":{"@type":"PropertyValueSpecification","valueRequired":true,"valueName":"search_term_string"}}],"inLanguage":"es"}]}},"_links":{"self":[{"href":"https:\/\/www.okur.com.co\/sitio\/wp-json\/wp\/v2\/product\/467","targetHints":{"allow":["GET"]}}],"collection":[{"href":"https:\/\/www.okur.com.co\/sitio\/wp-json\/wp\/v2\/product"}],"about":[{"href":"https:\/\/www.okur.com.co\/sitio\/wp-json\/wp\/v2\/types\/product"}],"replies":[{"embeddable":true,"href":"https:\/\/www.okur.com.co\/sitio\/wp-json\/wp\/v2\/comments?post=467"}],"wp:featuredmedia":[{"embeddable":true,"href":"https:\/\/www.okur.com.co\/sitio\/wp-json\/wp\/v2\/media\/470"}],"wp:attachment":[{"href":"https:\/\/www.okur.com.co\/sitio\/wp-json\/wp\/v2\/media?parent=467"}],"wp:term":[{"taxonomy":"product_brand","embeddable":true,"href":"https:\/\/www.okur.com.co\/sitio\/wp-json\/wp\/v2\/product_brand?post=467"},{"taxonomy":"product_cat","embeddable":true,"href":"https:\/\/www.okur.com.co\/sitio\/wp-json\/wp\/v2\/product_cat?post=467"},{"taxonomy":"product_tag","embeddable":true,"href":"https:\/\/www.okur.com.co\/sitio\/wp-json\/wp\/v2\/product_tag?post=467"}],"curies":[{"name":"wp","href":"https:\/\/api.w.org\/{rel}","templated":true}]}}