{"id":466,"date":"2021-08-17T17:39:07","date_gmt":"2021-08-17T22:39:07","guid":{"rendered":"https:\/\/www.okur.com.co\/sitio\/?post_type=product&#038;p=466"},"modified":"2024-07-15T00:58:32","modified_gmt":"2024-07-15T05:58:32","slug":"cabello-seco-kit-humectacion-capilar","status":"publish","type":"product","link":"https:\/\/www.okur.com.co\/sitio\/producto\/cabello-seco-kit-humectacion-capilar\/","title":{"rendered":"Cabello Seco \ud83d\udc10 \ud83e\udd65 Kit Humectaci\u00f3n"},"content":{"rendered":"<h4><strong>BENEFICIOS<\/strong><\/h4>\n<p>Vitamina E: Potente antioxidante que revitaliza el cabello y el cuero cabelludo, estimulando su crecimiento y aportando vitalidad.<\/p>\n<p>Extracto de Coco: Ofrece propiedades suavizantes, humectantes, y brillo, mientras protege la piel y act\u00faa como acondicionador. Nutre el fol\u00edculo piloso, manteni\u00e9ndolo hidratado y protegido.<\/p>\n<p>Aloe Vera: Esencial para la salud capilar, el extracto cuida y mantiene hidratada la estructura del fol\u00edculo piloso, contribuyendo a su salud y funcionamiento adecuado.<\/p>\n<p>Gingo Biloba y Leche de Cabra: Mejora la apariencia del cabello, proporcionando un brillo natural y una sensaci\u00f3n de suavidad y sedosidad. Reduce eficazmente el friz y la electricidad est\u00e1tica, estimula el crecimiento y fortalece la hebra capilar.<\/p>\n<h4><strong>Instrucciones de Uso<\/strong><\/h4>\n<p>El uso de este kit, dar\u00e1 resultados notorios en brillo, vitalidad y mucha suavidad en t\u00fa cabello. No contienen sal ni parabenos, debe usarse de acuerdo al nivel de maltrato y resequedad del cabello. La mascarilla de arg\u00e1n y miel debe usarse m\u00ednimo 2 veces por semana. Los resultados son visibles desde el primer uso.<\/p>\n","protected":false},"excerpt":{"rendered":"<p>\u00a1Descubre la combinaci\u00f3n perfecta para transformar tu cabello seco en una melena radiante y saludable! Nuestra f\u00f3rmula exclusiva combina lo mejor de la naturaleza para brindarte resultados sorprendentes.<\/p>\n<p>El Ginkgo Biloba, conocido por sus propiedades revitalizantes, estimula la circulaci\u00f3n sangu\u00ednea en el cuero cabelludo, fomentando as\u00ed el crecimiento de cabello fuerte y saludable. Por otro lado, la leche de cabra, rica en nutrientes esenciales, proporciona una hidrataci\u00f3n profunda, restaurando la suavidad y la elasticidad perdida en tu cabello seco.<\/p>\n<p>El extracto de aguacate, lleno de \u00e1cidos grasos y vitaminas, penetra profundamente en cada hebra, nutri\u00e9ndola desde adentro y reparando los da\u00f1os causados por el calor y los qu\u00edmicos. Y no podemos olvidar el aceite de arg\u00e1n y la miel, una combinaci\u00f3n poderosa que sella la hidrataci\u00f3n y proporciona un brillo incomparable, dejando tu cabello suave, sedoso y lleno de vida.<\/p>\n<p>Con esta sinergia de ingredientes naturales, dile adi\u00f3s al cabello seco y hola a una melena revitalizada y radiante. \u00a1Descubre el secreto de un cabello hermoso con la combinaci\u00f3n de estos cuatro productos y sus beneficios de Gingko Biloba, leche de cabra, extracto de aguacate, arg\u00e1n y miel! presentes en este maravilloso Kit.<\/p>\n","protected":false},"featured_media":471,"comment_status":"open","ping_status":"closed","template":"","meta":{"_et_pb_use_builder":"","_et_pb_old_content":"","_et_gb_content_width":""},"product_brand":[],"product_cat":[34,33,20,31],"product_tag":[41,38,37,39],"class_list":{"0":"post-466","1":"product","2":"type-product","3":"status-publish","4":"has-post-thumbnail","6":"product_cat-delgado","7":"product_cat-frizz","8":"product_cat-kits","9":"product_cat-seco","10":"product_tag-acondicionador-reparador","11":"product_tag-crecimientodelcabello","12":"product_tag-falta-brillo","13":"product_tag-para-ayudar-a-el-cuero-cabelludo","15":"first","16":"instock","17":"shipping-taxable","18":"purchasable","19":"product-type-simple"},"yoast_head":"<!-- This site is optimized with the Yoast SEO plugin v26.9 - https:\/\/yoast.com\/product\/yoast-seo-wordpress\/ -->\n<title>Cabello Seco \ud83e\udd65\ud83d\udc10 Kit Humectaci\u00f3n Capilar<\/title>\n<meta name=\"description\" content=\"Cabello Seco, con este Kit encuentras una sinergia de extractos naturales \u00a1Descubre el secreto de un cabello hermoso y brillante!\" \/>\n<meta name=\"robots\" content=\"index, follow, max-snippet:-1, max-image-preview:large, max-video-preview:-1\" \/>\n<link rel=\"canonical\" href=\"https:\/\/www.okur.com.co\/sitio\/producto\/cabello-seco-kit-humectacion-capilar\/\" \/>\n<meta property=\"og:locale\" content=\"es_ES\" \/>\n<meta property=\"og:type\" content=\"article\" \/>\n<meta property=\"og:title\" content=\"Cabello Seco \ud83e\udd65\ud83d\udc10 Kit Humectaci\u00f3n Capilar\" \/>\n<meta property=\"og:description\" content=\"Cabello Seco, con este Kit encuentras una sinergia de extractos naturales \u00a1Descubre el secreto de un cabello hermoso y brillante!\" \/>\n<meta property=\"og:url\" content=\"https:\/\/www.okur.com.co\/sitio\/producto\/cabello-seco-kit-humectacion-capilar\/\" \/>\n<meta property=\"og:site_name\" content=\"Okur\" \/>\n<meta property=\"article:modified_time\" content=\"2024-07-15T05:58:32+00:00\" \/>\n<meta property=\"og:image\" content=\"https:\/\/www.okur.com.co\/sitio\/wp-content\/uploads\/2021\/08\/Combo-Shampoo-acondicionador-tratamiento-y-regenerador-capilar-Okur.jpg\" \/>\n\t<meta property=\"og:image:width\" content=\"800\" \/>\n\t<meta property=\"og:image:height\" content=\"800\" \/>\n\t<meta property=\"og:image:type\" content=\"image\/jpeg\" \/>\n<meta name=\"twitter:card\" content=\"summary_large_image\" \/>\n<meta name=\"twitter:label1\" content=\"Tiempo de lectura\" \/>\n\t<meta name=\"twitter:data1\" content=\"1 minuto\" \/>\n<script type=\"application\/ld+json\" class=\"yoast-schema-graph\">{\"@context\":\"https:\/\/schema.org\",\"@graph\":[{\"@type\":\"WebPage\",\"@id\":\"https:\/\/www.okur.com.co\/sitio\/producto\/cabello-seco-kit-humectacion-capilar\/\",\"url\":\"https:\/\/www.okur.com.co\/sitio\/producto\/cabello-seco-kit-humectacion-capilar\/\",\"name\":\"Cabello Seco \ud83e\udd65\ud83d\udc10 Kit Humectaci\u00f3n Capilar\",\"isPartOf\":{\"@id\":\"https:\/\/www.okur.com.co\/sitio\/#website\"},\"primaryImageOfPage\":{\"@id\":\"https:\/\/www.okur.com.co\/sitio\/producto\/cabello-seco-kit-humectacion-capilar\/#primaryimage\"},\"image\":{\"@id\":\"https:\/\/www.okur.com.co\/sitio\/producto\/cabello-seco-kit-humectacion-capilar\/#primaryimage\"},\"thumbnailUrl\":\"https:\/\/www.okur.com.co\/sitio\/wp-content\/uploads\/2021\/08\/Combo-Shampoo-acondicionador-tratamiento-y-regenerador-capilar-Okur.jpg\",\"datePublished\":\"2021-08-17T22:39:07+00:00\",\"dateModified\":\"2024-07-15T05:58:32+00:00\",\"description\":\"Cabello Seco, con este Kit encuentras una sinergia de extractos naturales \u00a1Descubre el secreto de un cabello hermoso y brillante!\",\"breadcrumb\":{\"@id\":\"https:\/\/www.okur.com.co\/sitio\/producto\/cabello-seco-kit-humectacion-capilar\/#breadcrumb\"},\"inLanguage\":\"es\",\"potentialAction\":[{\"@type\":\"ReadAction\",\"target\":[\"https:\/\/www.okur.com.co\/sitio\/producto\/cabello-seco-kit-humectacion-capilar\/\"]}]},{\"@type\":\"ImageObject\",\"inLanguage\":\"es\",\"@id\":\"https:\/\/www.okur.com.co\/sitio\/producto\/cabello-seco-kit-humectacion-capilar\/#primaryimage\",\"url\":\"https:\/\/www.okur.com.co\/sitio\/wp-content\/uploads\/2021\/08\/Combo-Shampoo-acondicionador-tratamiento-y-regenerador-capilar-Okur.jpg\",\"contentUrl\":\"https:\/\/www.okur.com.co\/sitio\/wp-content\/uploads\/2021\/08\/Combo-Shampoo-acondicionador-tratamiento-y-regenerador-capilar-Okur.jpg\",\"width\":800,\"height\":800,\"caption\":\"sinergia de extractos naturales \u00a1Descubre el secreto de un cabello hermoso y brillante!\"},{\"@type\":\"BreadcrumbList\",\"@id\":\"https:\/\/www.okur.com.co\/sitio\/producto\/cabello-seco-kit-humectacion-capilar\/#breadcrumb\",\"itemListElement\":[{\"@type\":\"ListItem\",\"position\":1,\"name\":\"Portada\",\"item\":\"https:\/\/www.okur.com.co\/sitio\/\"},{\"@type\":\"ListItem\",\"position\":2,\"name\":\"Tienda\",\"item\":\"https:\/\/www.okur.com.co\/sitio\/\"},{\"@type\":\"ListItem\",\"position\":3,\"name\":\"Cabello Seco \ud83d\udc10 \ud83e\udd65 Kit Humectaci\u00f3n\"}]},{\"@type\":\"WebSite\",\"@id\":\"https:\/\/www.okur.com.co\/sitio\/#website\",\"url\":\"https:\/\/www.okur.com.co\/sitio\/\",\"name\":\"Okur\",\"description\":\"Tienda para el cuidado capilar de la familia\",\"potentialAction\":[{\"@type\":\"SearchAction\",\"target\":{\"@type\":\"EntryPoint\",\"urlTemplate\":\"https:\/\/www.okur.com.co\/sitio\/?s={search_term_string}\"},\"query-input\":{\"@type\":\"PropertyValueSpecification\",\"valueRequired\":true,\"valueName\":\"search_term_string\"}}],\"inLanguage\":\"es\"}]}<\/script>\n<!-- \/ Yoast SEO plugin. -->","yoast_head_json":{"title":"Cabello Seco \ud83e\udd65\ud83d\udc10 Kit Humectaci\u00f3n Capilar","description":"Cabello Seco, con este Kit encuentras una sinergia de extractos naturales \u00a1Descubre el secreto de un cabello hermoso y brillante!","robots":{"index":"index","follow":"follow","max-snippet":"max-snippet:-1","max-image-preview":"max-image-preview:large","max-video-preview":"max-video-preview:-1"},"canonical":"https:\/\/www.okur.com.co\/sitio\/producto\/cabello-seco-kit-humectacion-capilar\/","og_locale":"es_ES","og_type":"article","og_title":"Cabello Seco \ud83e\udd65\ud83d\udc10 Kit Humectaci\u00f3n Capilar","og_description":"Cabello Seco, con este Kit encuentras una sinergia de extractos naturales \u00a1Descubre el secreto de un cabello hermoso y brillante!","og_url":"https:\/\/www.okur.com.co\/sitio\/producto\/cabello-seco-kit-humectacion-capilar\/","og_site_name":"Okur","article_modified_time":"2024-07-15T05:58:32+00:00","og_image":[{"width":800,"height":800,"url":"https:\/\/www.okur.com.co\/sitio\/wp-content\/uploads\/2021\/08\/Combo-Shampoo-acondicionador-tratamiento-y-regenerador-capilar-Okur.jpg","type":"image\/jpeg"}],"twitter_card":"summary_large_image","twitter_misc":{"Tiempo de lectura":"1 minuto"},"schema":{"@context":"https:\/\/schema.org","@graph":[{"@type":"WebPage","@id":"https:\/\/www.okur.com.co\/sitio\/producto\/cabello-seco-kit-humectacion-capilar\/","url":"https:\/\/www.okur.com.co\/sitio\/producto\/cabello-seco-kit-humectacion-capilar\/","name":"Cabello Seco \ud83e\udd65\ud83d\udc10 Kit Humectaci\u00f3n Capilar","isPartOf":{"@id":"https:\/\/www.okur.com.co\/sitio\/#website"},"primaryImageOfPage":{"@id":"https:\/\/www.okur.com.co\/sitio\/producto\/cabello-seco-kit-humectacion-capilar\/#primaryimage"},"image":{"@id":"https:\/\/www.okur.com.co\/sitio\/producto\/cabello-seco-kit-humectacion-capilar\/#primaryimage"},"thumbnailUrl":"https:\/\/www.okur.com.co\/sitio\/wp-content\/uploads\/2021\/08\/Combo-Shampoo-acondicionador-tratamiento-y-regenerador-capilar-Okur.jpg","datePublished":"2021-08-17T22:39:07+00:00","dateModified":"2024-07-15T05:58:32+00:00","description":"Cabello Seco, con este Kit encuentras una sinergia de extractos naturales \u00a1Descubre el secreto de un cabello hermoso y brillante!","breadcrumb":{"@id":"https:\/\/www.okur.com.co\/sitio\/producto\/cabello-seco-kit-humectacion-capilar\/#breadcrumb"},"inLanguage":"es","potentialAction":[{"@type":"ReadAction","target":["https:\/\/www.okur.com.co\/sitio\/producto\/cabello-seco-kit-humectacion-capilar\/"]}]},{"@type":"ImageObject","inLanguage":"es","@id":"https:\/\/www.okur.com.co\/sitio\/producto\/cabello-seco-kit-humectacion-capilar\/#primaryimage","url":"https:\/\/www.okur.com.co\/sitio\/wp-content\/uploads\/2021\/08\/Combo-Shampoo-acondicionador-tratamiento-y-regenerador-capilar-Okur.jpg","contentUrl":"https:\/\/www.okur.com.co\/sitio\/wp-content\/uploads\/2021\/08\/Combo-Shampoo-acondicionador-tratamiento-y-regenerador-capilar-Okur.jpg","width":800,"height":800,"caption":"sinergia de extractos naturales \u00a1Descubre el secreto de un cabello hermoso y brillante!"},{"@type":"BreadcrumbList","@id":"https:\/\/www.okur.com.co\/sitio\/producto\/cabello-seco-kit-humectacion-capilar\/#breadcrumb","itemListElement":[{"@type":"ListItem","position":1,"name":"Portada","item":"https:\/\/www.okur.com.co\/sitio\/"},{"@type":"ListItem","position":2,"name":"Tienda","item":"https:\/\/www.okur.com.co\/sitio\/"},{"@type":"ListItem","position":3,"name":"Cabello Seco \ud83d\udc10 \ud83e\udd65 Kit Humectaci\u00f3n"}]},{"@type":"WebSite","@id":"https:\/\/www.okur.com.co\/sitio\/#website","url":"https:\/\/www.okur.com.co\/sitio\/","name":"Okur","description":"Tienda para el cuidado capilar de la familia","potentialAction":[{"@type":"SearchAction","target":{"@type":"EntryPoint","urlTemplate":"https:\/\/www.okur.com.co\/sitio\/?s={search_term_string}"},"query-input":{"@type":"PropertyValueSpecification","valueRequired":true,"valueName":"search_term_string"}}],"inLanguage":"es"}]}},"_links":{"self":[{"href":"https:\/\/www.okur.com.co\/sitio\/wp-json\/wp\/v2\/product\/466","targetHints":{"allow":["GET"]}}],"collection":[{"href":"https:\/\/www.okur.com.co\/sitio\/wp-json\/wp\/v2\/product"}],"about":[{"href":"https:\/\/www.okur.com.co\/sitio\/wp-json\/wp\/v2\/types\/product"}],"replies":[{"embeddable":true,"href":"https:\/\/www.okur.com.co\/sitio\/wp-json\/wp\/v2\/comments?post=466"}],"wp:featuredmedia":[{"embeddable":true,"href":"https:\/\/www.okur.com.co\/sitio\/wp-json\/wp\/v2\/media\/471"}],"wp:attachment":[{"href":"https:\/\/www.okur.com.co\/sitio\/wp-json\/wp\/v2\/media?parent=466"}],"wp:term":[{"taxonomy":"product_brand","embeddable":true,"href":"https:\/\/www.okur.com.co\/sitio\/wp-json\/wp\/v2\/product_brand?post=466"},{"taxonomy":"product_cat","embeddable":true,"href":"https:\/\/www.okur.com.co\/sitio\/wp-json\/wp\/v2\/product_cat?post=466"},{"taxonomy":"product_tag","embeddable":true,"href":"https:\/\/www.okur.com.co\/sitio\/wp-json\/wp\/v2\/product_tag?post=466"}],"curies":[{"name":"wp","href":"https:\/\/api.w.org\/{rel}","templated":true}]}}