{"id":465,"date":"2021-08-17T17:22:41","date_gmt":"2021-08-17T22:22:41","guid":{"rendered":"https:\/\/www.okur.com.co\/sitio\/?post_type=product&#038;p=465"},"modified":"2024-06-12T05:48:04","modified_gmt":"2024-06-12T10:48:04","slug":"cabello-reseco-maltratado-kit-humectacion-aguacate","status":"publish","type":"product","link":"https:\/\/www.okur.com.co\/sitio\/producto\/cabello-reseco-maltratado-kit-humectacion-aguacate\/","title":{"rendered":"Cabello Reseco y Maltratado \ud83e\udd51 Kit Humectaci\u00f3n Aguacate"},"content":{"rendered":"<p style=\"text-align: left;\">CHAO cabello reseco y maltratado!!!, con tratamientos qu\u00edmicos, problemas de resequedad y puntas<br \/>\nabiertas. El uso de este kit, dar\u00e1 resultados notorios en brillo, vitalidad y mucha suavidad en t\u00fa<br \/>\ncabello. No contienen sal ni parabenos, debe usarse de acuerdo al nivel de maltrato y resequedad<br \/>\ndel cabello.<\/p>\n<p>El Ginkgo Biloba, conocido por sus propiedades revitalizantes, estimula la circulaci\u00f3n sangu\u00ednea en el cuero cabelludo, fomentando as\u00ed el crecimiento de cabello fuerte y saludable. Por otro lado, la leche de cabra, rica en nutrientes esenciales, proporciona una hidrataci\u00f3n profunda, restaurando la suavidad y la elasticidad perdida en tu cabello reseco y maltratado<\/p>\n<p>El extracto de aguacate, lleno de \u00e1cidos grasos y vitaminas, penetra profundamente en cada hebra, nutri\u00e9ndola desde adentro y reparando los da\u00f1os causados por el calor y los qu\u00edmicos, una combinaci\u00f3n poderosa que sella la hidrataci\u00f3n y proporciona un brillo incomparable, dejando tu cabello suave, sedoso y lleno de vida.<\/p>\n<p>Con esta sinergia de ingredientes naturales, dile adi\u00f3s al cabello reseco y maltratado \u00a1Descubre el secreto de un cabello hermoso!<\/p>\n","protected":false},"excerpt":{"rendered":"<div class=\"w-full text-token-text-primary\" data-testid=\"conversation-turn-152\">\n<div class=\"px-4 py-2 justify-center text-base md:gap-6 m-auto\">\n<div class=\"flex flex-1 text-base mx-auto gap-3 md:px-5 lg:px-1 xl:px-5 md:max-w-3xl lg:max-w-[40rem] xl:max-w-[48rem] group\">\n<div class=\"relative flex w-full flex-col\">\n<div class=\"flex-col gap-1 md:gap-3\">\n<div class=\"flex flex-grow flex-col max-w-full\">\n<div class=\"min-h-[20px] text-message flex flex-col items-start gap-3 whitespace-pre-wrap break-words [.text-message+&amp;]:mt-5 overflow-x-auto\" data-message-author-role=\"user\" data-message-id=\"aaa2418c-3713-4304-ad27-6a048942fbd9\">\n<div class=\"\">Hidrataci\u00f3n intensiva para cabello reseco y maltratado, transformar tu cabello en una melena radiante y saludable, con el uso de estos cuatro productos.<\/div>\n<\/div>\n<\/div>\n<div class=\"mt-1 flex justify-start gap-3 empty:hidden\">\n<div class=\"text-gray-400 flex self-end lg:self-center justify-center lg:justify-start mt-0 -ml-1 h-7 visible\">\n<div class=\"flex items-center gap-1.5 text-xs\"><\/div>\n<\/div>\n<\/div>\n<\/div>\n<\/div>\n<\/div>\n<\/div>\n<\/div>\n<div class=\"w-full text-token-text-primary\" data-testid=\"conversation-turn-153\">\n<div class=\"px-4 py-2 justify-center text-base md:gap-6 m-auto\">\n<div class=\"flex flex-1 text-base mx-auto gap-3 md:px-5 lg:px-1 xl:px-5 md:max-w-3xl lg:max-w-[40rem] xl:max-w-[48rem] group final-completion\">\n<div class=\"flex-shrink-0 flex flex-col relative items-end\">\n<div>\n<div class=\"pt-0.5\">\n<div class=\"gizmo-shadow-stroke flex h-6 w-6 items-center justify-center overflow-hidden rounded-full\">\n<div class=\"relative p-1 rounded-sm h-9 w-9 text-white flex items-center justify-center\"><\/div>\n<\/div>\n<\/div>\n<\/div>\n<\/div>\n<\/div>\n<\/div>\n<\/div>\n","protected":false},"featured_media":468,"comment_status":"open","ping_status":"closed","template":"","meta":{"_et_pb_use_builder":"","_et_pb_old_content":"","_et_gb_content_width":""},"product_brand":[],"product_cat":[34,20,31,18],"product_tag":[41,42,36,37,44],"class_list":{"0":"post-465","1":"product","2":"type-product","3":"status-publish","4":"has-post-thumbnail","6":"product_cat-delgado","7":"product_cat-kits","8":"product_cat-seco","9":"product_cat-tratamientos","10":"product_tag-acondicionador-reparador","11":"product_tag-cabello-deshidratado","12":"product_tag-dano-por-quimicos","13":"product_tag-falta-brillo","14":"product_tag-shampoo-para-cabellos-rizados-con-extractos-naturales-y-libre-de-sal-y-parabenos","16":"first","17":"instock","18":"shipping-taxable","19":"purchasable","20":"product-type-simple"},"yoast_head":"<!-- This site is optimized with the Yoast SEO plugin v26.9 - https:\/\/yoast.com\/product\/yoast-seo-wordpress\/ -->\n<title>CHAO cabello reseco y maltratado!!!<\/title>\n<meta name=\"description\" content=\"CHAO cabello reseco y maltratado!!! \ud83e\udd51 El uso de este kit, da vitalidad, mejora las puntas abiertas y brindar\u00e1 mucha suavidad\" \/>\n<meta name=\"robots\" content=\"index, follow, max-snippet:-1, max-image-preview:large, max-video-preview:-1\" \/>\n<link rel=\"canonical\" href=\"https:\/\/www.okur.com.co\/sitio\/producto\/cabello-reseco-maltratado-kit-humectacion-aguacate\/\" \/>\n<meta property=\"og:locale\" content=\"es_ES\" \/>\n<meta property=\"og:type\" content=\"article\" \/>\n<meta property=\"og:title\" content=\"CHAO cabello reseco y maltratado!!!\" \/>\n<meta property=\"og:description\" content=\"CHAO cabello reseco y maltratado!!! \ud83e\udd51 El uso de este kit, da vitalidad, mejora las puntas abiertas y brindar\u00e1 mucha suavidad\" \/>\n<meta property=\"og:url\" content=\"https:\/\/www.okur.com.co\/sitio\/producto\/cabello-reseco-maltratado-kit-humectacion-aguacate\/\" \/>\n<meta property=\"og:site_name\" content=\"Okur\" \/>\n<meta property=\"article:modified_time\" content=\"2024-06-12T10:48:04+00:00\" \/>\n<meta property=\"og:image\" content=\"https:\/\/www.okur.com.co\/sitio\/wp-content\/uploads\/2021\/08\/Combo-etnico-Shampoo-acondicionador-tratamiento-y-regenerador-capilar-Okur.jpg\" \/>\n\t<meta property=\"og:image:width\" content=\"800\" \/>\n\t<meta property=\"og:image:height\" content=\"658\" \/>\n\t<meta property=\"og:image:type\" content=\"image\/jpeg\" \/>\n<meta name=\"twitter:card\" content=\"summary_large_image\" \/>\n<meta name=\"twitter:label1\" content=\"Tiempo de lectura\" \/>\n\t<meta name=\"twitter:data1\" content=\"1 minuto\" \/>\n<script type=\"application\/ld+json\" class=\"yoast-schema-graph\">{\"@context\":\"https:\/\/schema.org\",\"@graph\":[{\"@type\":\"WebPage\",\"@id\":\"https:\/\/www.okur.com.co\/sitio\/producto\/cabello-reseco-maltratado-kit-humectacion-aguacate\/\",\"url\":\"https:\/\/www.okur.com.co\/sitio\/producto\/cabello-reseco-maltratado-kit-humectacion-aguacate\/\",\"name\":\"CHAO cabello reseco y maltratado!!!\",\"isPartOf\":{\"@id\":\"https:\/\/www.okur.com.co\/sitio\/#website\"},\"primaryImageOfPage\":{\"@id\":\"https:\/\/www.okur.com.co\/sitio\/producto\/cabello-reseco-maltratado-kit-humectacion-aguacate\/#primaryimage\"},\"image\":{\"@id\":\"https:\/\/www.okur.com.co\/sitio\/producto\/cabello-reseco-maltratado-kit-humectacion-aguacate\/#primaryimage\"},\"thumbnailUrl\":\"https:\/\/www.okur.com.co\/sitio\/wp-content\/uploads\/2021\/08\/Combo-etnico-Shampoo-acondicionador-tratamiento-y-regenerador-capilar-Okur.jpg\",\"datePublished\":\"2021-08-17T22:22:41+00:00\",\"dateModified\":\"2024-06-12T10:48:04+00:00\",\"description\":\"CHAO cabello reseco y maltratado!!! \ud83e\udd51 El uso de este kit, da vitalidad, mejora las puntas abiertas y brindar\u00e1 mucha suavidad\",\"breadcrumb\":{\"@id\":\"https:\/\/www.okur.com.co\/sitio\/producto\/cabello-reseco-maltratado-kit-humectacion-aguacate\/#breadcrumb\"},\"inLanguage\":\"es\",\"potentialAction\":[{\"@type\":\"ReadAction\",\"target\":[\"https:\/\/www.okur.com.co\/sitio\/producto\/cabello-reseco-maltratado-kit-humectacion-aguacate\/\"]}]},{\"@type\":\"ImageObject\",\"inLanguage\":\"es\",\"@id\":\"https:\/\/www.okur.com.co\/sitio\/producto\/cabello-reseco-maltratado-kit-humectacion-aguacate\/#primaryimage\",\"url\":\"https:\/\/www.okur.com.co\/sitio\/wp-content\/uploads\/2021\/08\/Combo-etnico-Shampoo-acondicionador-tratamiento-y-regenerador-capilar-Okur.jpg\",\"contentUrl\":\"https:\/\/www.okur.com.co\/sitio\/wp-content\/uploads\/2021\/08\/Combo-etnico-Shampoo-acondicionador-tratamiento-y-regenerador-capilar-Okur.jpg\",\"width\":800,\"height\":658,\"caption\":\"CHAO cabello reseco y maltratado!!!\"},{\"@type\":\"BreadcrumbList\",\"@id\":\"https:\/\/www.okur.com.co\/sitio\/producto\/cabello-reseco-maltratado-kit-humectacion-aguacate\/#breadcrumb\",\"itemListElement\":[{\"@type\":\"ListItem\",\"position\":1,\"name\":\"Portada\",\"item\":\"https:\/\/www.okur.com.co\/sitio\/\"},{\"@type\":\"ListItem\",\"position\":2,\"name\":\"Tienda\",\"item\":\"https:\/\/www.okur.com.co\/sitio\/\"},{\"@type\":\"ListItem\",\"position\":3,\"name\":\"Cabello Reseco y Maltratado \ud83e\udd51 Kit Humectaci\u00f3n Aguacate\"}]},{\"@type\":\"WebSite\",\"@id\":\"https:\/\/www.okur.com.co\/sitio\/#website\",\"url\":\"https:\/\/www.okur.com.co\/sitio\/\",\"name\":\"Okur\",\"description\":\"Tienda para el cuidado capilar de la familia\",\"potentialAction\":[{\"@type\":\"SearchAction\",\"target\":{\"@type\":\"EntryPoint\",\"urlTemplate\":\"https:\/\/www.okur.com.co\/sitio\/?s={search_term_string}\"},\"query-input\":{\"@type\":\"PropertyValueSpecification\",\"valueRequired\":true,\"valueName\":\"search_term_string\"}}],\"inLanguage\":\"es\"}]}<\/script>\n<!-- \/ Yoast SEO plugin. -->","yoast_head_json":{"title":"CHAO cabello reseco y maltratado!!!","description":"CHAO cabello reseco y maltratado!!! \ud83e\udd51 El uso de este kit, da vitalidad, mejora las puntas abiertas y brindar\u00e1 mucha suavidad","robots":{"index":"index","follow":"follow","max-snippet":"max-snippet:-1","max-image-preview":"max-image-preview:large","max-video-preview":"max-video-preview:-1"},"canonical":"https:\/\/www.okur.com.co\/sitio\/producto\/cabello-reseco-maltratado-kit-humectacion-aguacate\/","og_locale":"es_ES","og_type":"article","og_title":"CHAO cabello reseco y maltratado!!!","og_description":"CHAO cabello reseco y maltratado!!! \ud83e\udd51 El uso de este kit, da vitalidad, mejora las puntas abiertas y brindar\u00e1 mucha suavidad","og_url":"https:\/\/www.okur.com.co\/sitio\/producto\/cabello-reseco-maltratado-kit-humectacion-aguacate\/","og_site_name":"Okur","article_modified_time":"2024-06-12T10:48:04+00:00","og_image":[{"width":800,"height":658,"url":"https:\/\/www.okur.com.co\/sitio\/wp-content\/uploads\/2021\/08\/Combo-etnico-Shampoo-acondicionador-tratamiento-y-regenerador-capilar-Okur.jpg","type":"image\/jpeg"}],"twitter_card":"summary_large_image","twitter_misc":{"Tiempo de lectura":"1 minuto"},"schema":{"@context":"https:\/\/schema.org","@graph":[{"@type":"WebPage","@id":"https:\/\/www.okur.com.co\/sitio\/producto\/cabello-reseco-maltratado-kit-humectacion-aguacate\/","url":"https:\/\/www.okur.com.co\/sitio\/producto\/cabello-reseco-maltratado-kit-humectacion-aguacate\/","name":"CHAO cabello reseco y maltratado!!!","isPartOf":{"@id":"https:\/\/www.okur.com.co\/sitio\/#website"},"primaryImageOfPage":{"@id":"https:\/\/www.okur.com.co\/sitio\/producto\/cabello-reseco-maltratado-kit-humectacion-aguacate\/#primaryimage"},"image":{"@id":"https:\/\/www.okur.com.co\/sitio\/producto\/cabello-reseco-maltratado-kit-humectacion-aguacate\/#primaryimage"},"thumbnailUrl":"https:\/\/www.okur.com.co\/sitio\/wp-content\/uploads\/2021\/08\/Combo-etnico-Shampoo-acondicionador-tratamiento-y-regenerador-capilar-Okur.jpg","datePublished":"2021-08-17T22:22:41+00:00","dateModified":"2024-06-12T10:48:04+00:00","description":"CHAO cabello reseco y maltratado!!! \ud83e\udd51 El uso de este kit, da vitalidad, mejora las puntas abiertas y brindar\u00e1 mucha suavidad","breadcrumb":{"@id":"https:\/\/www.okur.com.co\/sitio\/producto\/cabello-reseco-maltratado-kit-humectacion-aguacate\/#breadcrumb"},"inLanguage":"es","potentialAction":[{"@type":"ReadAction","target":["https:\/\/www.okur.com.co\/sitio\/producto\/cabello-reseco-maltratado-kit-humectacion-aguacate\/"]}]},{"@type":"ImageObject","inLanguage":"es","@id":"https:\/\/www.okur.com.co\/sitio\/producto\/cabello-reseco-maltratado-kit-humectacion-aguacate\/#primaryimage","url":"https:\/\/www.okur.com.co\/sitio\/wp-content\/uploads\/2021\/08\/Combo-etnico-Shampoo-acondicionador-tratamiento-y-regenerador-capilar-Okur.jpg","contentUrl":"https:\/\/www.okur.com.co\/sitio\/wp-content\/uploads\/2021\/08\/Combo-etnico-Shampoo-acondicionador-tratamiento-y-regenerador-capilar-Okur.jpg","width":800,"height":658,"caption":"CHAO cabello reseco y maltratado!!!"},{"@type":"BreadcrumbList","@id":"https:\/\/www.okur.com.co\/sitio\/producto\/cabello-reseco-maltratado-kit-humectacion-aguacate\/#breadcrumb","itemListElement":[{"@type":"ListItem","position":1,"name":"Portada","item":"https:\/\/www.okur.com.co\/sitio\/"},{"@type":"ListItem","position":2,"name":"Tienda","item":"https:\/\/www.okur.com.co\/sitio\/"},{"@type":"ListItem","position":3,"name":"Cabello Reseco y Maltratado \ud83e\udd51 Kit Humectaci\u00f3n Aguacate"}]},{"@type":"WebSite","@id":"https:\/\/www.okur.com.co\/sitio\/#website","url":"https:\/\/www.okur.com.co\/sitio\/","name":"Okur","description":"Tienda para el cuidado capilar de la familia","potentialAction":[{"@type":"SearchAction","target":{"@type":"EntryPoint","urlTemplate":"https:\/\/www.okur.com.co\/sitio\/?s={search_term_string}"},"query-input":{"@type":"PropertyValueSpecification","valueRequired":true,"valueName":"search_term_string"}}],"inLanguage":"es"}]}},"_links":{"self":[{"href":"https:\/\/www.okur.com.co\/sitio\/wp-json\/wp\/v2\/product\/465","targetHints":{"allow":["GET"]}}],"collection":[{"href":"https:\/\/www.okur.com.co\/sitio\/wp-json\/wp\/v2\/product"}],"about":[{"href":"https:\/\/www.okur.com.co\/sitio\/wp-json\/wp\/v2\/types\/product"}],"replies":[{"embeddable":true,"href":"https:\/\/www.okur.com.co\/sitio\/wp-json\/wp\/v2\/comments?post=465"}],"wp:featuredmedia":[{"embeddable":true,"href":"https:\/\/www.okur.com.co\/sitio\/wp-json\/wp\/v2\/media\/468"}],"wp:attachment":[{"href":"https:\/\/www.okur.com.co\/sitio\/wp-json\/wp\/v2\/media?parent=465"}],"wp:term":[{"taxonomy":"product_brand","embeddable":true,"href":"https:\/\/www.okur.com.co\/sitio\/wp-json\/wp\/v2\/product_brand?post=465"},{"taxonomy":"product_cat","embeddable":true,"href":"https:\/\/www.okur.com.co\/sitio\/wp-json\/wp\/v2\/product_cat?post=465"},{"taxonomy":"product_tag","embeddable":true,"href":"https:\/\/www.okur.com.co\/sitio\/wp-json\/wp\/v2\/product_tag?post=465"}],"curies":[{"name":"wp","href":"https:\/\/api.w.org\/{rel}","templated":true}]}}