{"id":464,"date":"2021-08-17T17:43:25","date_gmt":"2021-08-17T22:43:25","guid":{"rendered":"https:\/\/www.okur.com.co\/sitio\/?post_type=product&#038;p=464"},"modified":"2026-01-21T06:07:36","modified_gmt":"2026-01-21T11:07:36","slug":"cabello-fino-sin-volumen-kit-entrenamiento","status":"publish","type":"product","link":"https:\/\/www.okur.com.co\/sitio\/producto\/cabello-fino-sin-volumen-kit-entrenamiento\/","title":{"rendered":"Cabello Fino y sin Volumen\ud83c\udf3e Kit Entrenamiento"},"content":{"rendered":"<p>Con la ayuda de los extractos naturales presentes en este Kit, encontraras alivio al cuero cabelludo, reduciendo la irritaci\u00f3n y fomentando la salud del fol\u00edculo capilar. Evitaras la ca\u00edda del cabello. Adem\u00e1s, su acci\u00f3n hidratante, presente en el acondicionador y el regenerador, se nutre el cabello, aport\u00e1ndole suavidad y vitalidad, y fortaleci\u00e9ndolo desde la ra\u00edz hasta las puntas.<\/p>\n<p><strong>Al usar el Shampoo de Manzanilla, lograras brillo y suavidad:<\/strong> Nuestra f\u00f3rmula est\u00e1 dise\u00f1ada para proporcionar brillo y una sensaci\u00f3n de suavidad y sedosidad al cabello. Reduce el friz, la electricidad est\u00e1tica y controla el cabello alborotado, dej\u00e1ndolo manejable y radiante en todo momento.<\/p>\n<p>&nbsp;<\/p>\n","protected":false},"excerpt":{"rendered":"<ul>\n<li>Cabellos sanos que deben seguir Nutri\u00e9ndose<\/li>\n<li>Acondiciona y da frescura<\/li>\n<li>Este kit es ideal para cuidar el cabello y seguir nutriendo. El shampoo aporta sedosidad y brillo, facilita el peinado y aporta flexibilidad. El regenerador Okur se usa como revitalizador en las noches aplicando en la ra\u00edz y en el d\u00eda como crema de peinar y es un poderoso termo protector.<\/li>\n<li>Acondiciona y da frescura con el acondicionador a base de aguacate.<\/li>\n<\/ul>\n","protected":false},"featured_media":472,"comment_status":"open","ping_status":"closed","template":"","meta":{"_et_pb_use_builder":"","_et_pb_old_content":"","_et_gb_content_width":""},"product_brand":[],"product_cat":[23,35,34,33,20,31],"product_tag":[41,46,37,22],"class_list":{"0":"post-464","1":"product","2":"type-product","3":"status-publish","4":"has-post-thumbnail","6":"product_cat-acondicionador","7":"product_cat-debil","8":"product_cat-delgado","9":"product_cat-frizz","10":"product_cat-kits","11":"product_cat-seco","12":"product_tag-acondicionador-reparador","13":"product_tag-ayuda-al-crecimiento","14":"product_tag-falta-brillo","15":"product_tag-shampoo","17":"first","18":"instock","19":"shipping-taxable","20":"purchasable","21":"product-type-simple"},"yoast_head":"<!-- This site is optimized with the Yoast SEO plugin v26.9 - https:\/\/yoast.com\/product\/yoast-seo-wordpress\/ -->\n<title>\u00a1\u00a1\u00a1Adi\u00f3s!!! Cabello Fino \ud83c\udf3e y sin Volumen<\/title>\n<meta name=\"description\" content=\"\u00a1\u00a1\u00a1Adi\u00f3s!!! al Cabello Fino y sin Volumen, con la sinergia de los extractos naturales de estos tres productos le devolver\u00e1s la vitalidad a tu cabello.\" \/>\n<meta name=\"robots\" content=\"index, follow, max-snippet:-1, max-image-preview:large, max-video-preview:-1\" \/>\n<link rel=\"canonical\" href=\"https:\/\/www.okur.com.co\/sitio\/producto\/cabello-fino-sin-volumen-kit-entrenamiento\/\" \/>\n<meta property=\"og:locale\" content=\"es_ES\" \/>\n<meta property=\"og:type\" content=\"article\" \/>\n<meta property=\"og:title\" content=\"\u00a1\u00a1\u00a1Adi\u00f3s!!! Cabello Fino \ud83c\udf3e y sin Volumen\" \/>\n<meta property=\"og:description\" content=\"\u00a1\u00a1\u00a1Adi\u00f3s!!! al Cabello Fino y sin Volumen, con la sinergia de los extractos naturales de estos tres productos le devolver\u00e1s la vitalidad a tu cabello.\" \/>\n<meta property=\"og:url\" content=\"https:\/\/www.okur.com.co\/sitio\/producto\/cabello-fino-sin-volumen-kit-entrenamiento\/\" \/>\n<meta property=\"og:site_name\" content=\"Okur\" \/>\n<meta property=\"article:modified_time\" content=\"2026-01-21T11:07:36+00:00\" \/>\n<meta property=\"og:image\" content=\"https:\/\/www.okur.com.co\/sitio\/wp-content\/uploads\/2021\/08\/Combo-Shampoo-acondicionador-regenerador-capilar-Okur.jpg\" \/>\n\t<meta property=\"og:image:width\" content=\"829\" \/>\n\t<meta property=\"og:image:height\" content=\"788\" \/>\n\t<meta property=\"og:image:type\" content=\"image\/jpeg\" \/>\n<meta name=\"twitter:card\" content=\"summary_large_image\" \/>\n<meta name=\"twitter:label1\" content=\"Tiempo de lectura\" \/>\n\t<meta name=\"twitter:data1\" content=\"1 minuto\" \/>\n<script type=\"application\/ld+json\" class=\"yoast-schema-graph\">{\"@context\":\"https:\/\/schema.org\",\"@graph\":[{\"@type\":\"WebPage\",\"@id\":\"https:\/\/www.okur.com.co\/sitio\/producto\/cabello-fino-sin-volumen-kit-entrenamiento\/\",\"url\":\"https:\/\/www.okur.com.co\/sitio\/producto\/cabello-fino-sin-volumen-kit-entrenamiento\/\",\"name\":\"\u00a1\u00a1\u00a1Adi\u00f3s!!! Cabello Fino \ud83c\udf3e y sin Volumen\",\"isPartOf\":{\"@id\":\"https:\/\/www.okur.com.co\/sitio\/#website\"},\"primaryImageOfPage\":{\"@id\":\"https:\/\/www.okur.com.co\/sitio\/producto\/cabello-fino-sin-volumen-kit-entrenamiento\/#primaryimage\"},\"image\":{\"@id\":\"https:\/\/www.okur.com.co\/sitio\/producto\/cabello-fino-sin-volumen-kit-entrenamiento\/#primaryimage\"},\"thumbnailUrl\":\"https:\/\/www.okur.com.co\/sitio\/wp-content\/uploads\/2021\/08\/Combo-Shampoo-acondicionador-regenerador-capilar-Okur.jpg\",\"datePublished\":\"2021-08-17T22:43:25+00:00\",\"dateModified\":\"2026-01-21T11:07:36+00:00\",\"description\":\"\u00a1\u00a1\u00a1Adi\u00f3s!!! al Cabello Fino y sin Volumen, con la sinergia de los extractos naturales de estos tres productos le devolver\u00e1s la vitalidad a tu cabello.\",\"breadcrumb\":{\"@id\":\"https:\/\/www.okur.com.co\/sitio\/producto\/cabello-fino-sin-volumen-kit-entrenamiento\/#breadcrumb\"},\"inLanguage\":\"es\",\"potentialAction\":[{\"@type\":\"ReadAction\",\"target\":[\"https:\/\/www.okur.com.co\/sitio\/producto\/cabello-fino-sin-volumen-kit-entrenamiento\/\"]}]},{\"@type\":\"ImageObject\",\"inLanguage\":\"es\",\"@id\":\"https:\/\/www.okur.com.co\/sitio\/producto\/cabello-fino-sin-volumen-kit-entrenamiento\/#primaryimage\",\"url\":\"https:\/\/www.okur.com.co\/sitio\/wp-content\/uploads\/2021\/08\/Combo-Shampoo-acondicionador-regenerador-capilar-Okur.jpg\",\"contentUrl\":\"https:\/\/www.okur.com.co\/sitio\/wp-content\/uploads\/2021\/08\/Combo-Shampoo-acondicionador-regenerador-capilar-Okur.jpg\",\"width\":829,\"height\":788,\"caption\":\"ADIOS!!! al Cabello Fino y sin Volumen, con la sinergia de los extractos naturales de estos tres productos le devolver\u00e1s la vitalidad a tu cabello.\"},{\"@type\":\"BreadcrumbList\",\"@id\":\"https:\/\/www.okur.com.co\/sitio\/producto\/cabello-fino-sin-volumen-kit-entrenamiento\/#breadcrumb\",\"itemListElement\":[{\"@type\":\"ListItem\",\"position\":1,\"name\":\"Portada\",\"item\":\"https:\/\/www.okur.com.co\/sitio\/\"},{\"@type\":\"ListItem\",\"position\":2,\"name\":\"Tienda\",\"item\":\"https:\/\/www.okur.com.co\/sitio\/\"},{\"@type\":\"ListItem\",\"position\":3,\"name\":\"Cabello Fino y sin Volumen\ud83c\udf3e Kit Entrenamiento\"}]},{\"@type\":\"WebSite\",\"@id\":\"https:\/\/www.okur.com.co\/sitio\/#website\",\"url\":\"https:\/\/www.okur.com.co\/sitio\/\",\"name\":\"Okur\",\"description\":\"Tienda para el cuidado capilar de la familia\",\"potentialAction\":[{\"@type\":\"SearchAction\",\"target\":{\"@type\":\"EntryPoint\",\"urlTemplate\":\"https:\/\/www.okur.com.co\/sitio\/?s={search_term_string}\"},\"query-input\":{\"@type\":\"PropertyValueSpecification\",\"valueRequired\":true,\"valueName\":\"search_term_string\"}}],\"inLanguage\":\"es\"}]}<\/script>\n<!-- \/ Yoast SEO plugin. -->","yoast_head_json":{"title":"\u00a1\u00a1\u00a1Adi\u00f3s!!! Cabello Fino \ud83c\udf3e y sin Volumen","description":"\u00a1\u00a1\u00a1Adi\u00f3s!!! al Cabello Fino y sin Volumen, con la sinergia de los extractos naturales de estos tres productos le devolver\u00e1s la vitalidad a tu cabello.","robots":{"index":"index","follow":"follow","max-snippet":"max-snippet:-1","max-image-preview":"max-image-preview:large","max-video-preview":"max-video-preview:-1"},"canonical":"https:\/\/www.okur.com.co\/sitio\/producto\/cabello-fino-sin-volumen-kit-entrenamiento\/","og_locale":"es_ES","og_type":"article","og_title":"\u00a1\u00a1\u00a1Adi\u00f3s!!! Cabello Fino \ud83c\udf3e y sin Volumen","og_description":"\u00a1\u00a1\u00a1Adi\u00f3s!!! al Cabello Fino y sin Volumen, con la sinergia de los extractos naturales de estos tres productos le devolver\u00e1s la vitalidad a tu cabello.","og_url":"https:\/\/www.okur.com.co\/sitio\/producto\/cabello-fino-sin-volumen-kit-entrenamiento\/","og_site_name":"Okur","article_modified_time":"2026-01-21T11:07:36+00:00","og_image":[{"width":829,"height":788,"url":"https:\/\/www.okur.com.co\/sitio\/wp-content\/uploads\/2021\/08\/Combo-Shampoo-acondicionador-regenerador-capilar-Okur.jpg","type":"image\/jpeg"}],"twitter_card":"summary_large_image","twitter_misc":{"Tiempo de lectura":"1 minuto"},"schema":{"@context":"https:\/\/schema.org","@graph":[{"@type":"WebPage","@id":"https:\/\/www.okur.com.co\/sitio\/producto\/cabello-fino-sin-volumen-kit-entrenamiento\/","url":"https:\/\/www.okur.com.co\/sitio\/producto\/cabello-fino-sin-volumen-kit-entrenamiento\/","name":"\u00a1\u00a1\u00a1Adi\u00f3s!!! Cabello Fino \ud83c\udf3e y sin Volumen","isPartOf":{"@id":"https:\/\/www.okur.com.co\/sitio\/#website"},"primaryImageOfPage":{"@id":"https:\/\/www.okur.com.co\/sitio\/producto\/cabello-fino-sin-volumen-kit-entrenamiento\/#primaryimage"},"image":{"@id":"https:\/\/www.okur.com.co\/sitio\/producto\/cabello-fino-sin-volumen-kit-entrenamiento\/#primaryimage"},"thumbnailUrl":"https:\/\/www.okur.com.co\/sitio\/wp-content\/uploads\/2021\/08\/Combo-Shampoo-acondicionador-regenerador-capilar-Okur.jpg","datePublished":"2021-08-17T22:43:25+00:00","dateModified":"2026-01-21T11:07:36+00:00","description":"\u00a1\u00a1\u00a1Adi\u00f3s!!! al Cabello Fino y sin Volumen, con la sinergia de los extractos naturales de estos tres productos le devolver\u00e1s la vitalidad a tu cabello.","breadcrumb":{"@id":"https:\/\/www.okur.com.co\/sitio\/producto\/cabello-fino-sin-volumen-kit-entrenamiento\/#breadcrumb"},"inLanguage":"es","potentialAction":[{"@type":"ReadAction","target":["https:\/\/www.okur.com.co\/sitio\/producto\/cabello-fino-sin-volumen-kit-entrenamiento\/"]}]},{"@type":"ImageObject","inLanguage":"es","@id":"https:\/\/www.okur.com.co\/sitio\/producto\/cabello-fino-sin-volumen-kit-entrenamiento\/#primaryimage","url":"https:\/\/www.okur.com.co\/sitio\/wp-content\/uploads\/2021\/08\/Combo-Shampoo-acondicionador-regenerador-capilar-Okur.jpg","contentUrl":"https:\/\/www.okur.com.co\/sitio\/wp-content\/uploads\/2021\/08\/Combo-Shampoo-acondicionador-regenerador-capilar-Okur.jpg","width":829,"height":788,"caption":"ADIOS!!! al Cabello Fino y sin Volumen, con la sinergia de los extractos naturales de estos tres productos le devolver\u00e1s la vitalidad a tu cabello."},{"@type":"BreadcrumbList","@id":"https:\/\/www.okur.com.co\/sitio\/producto\/cabello-fino-sin-volumen-kit-entrenamiento\/#breadcrumb","itemListElement":[{"@type":"ListItem","position":1,"name":"Portada","item":"https:\/\/www.okur.com.co\/sitio\/"},{"@type":"ListItem","position":2,"name":"Tienda","item":"https:\/\/www.okur.com.co\/sitio\/"},{"@type":"ListItem","position":3,"name":"Cabello Fino y sin Volumen\ud83c\udf3e Kit Entrenamiento"}]},{"@type":"WebSite","@id":"https:\/\/www.okur.com.co\/sitio\/#website","url":"https:\/\/www.okur.com.co\/sitio\/","name":"Okur","description":"Tienda para el cuidado capilar de la familia","potentialAction":[{"@type":"SearchAction","target":{"@type":"EntryPoint","urlTemplate":"https:\/\/www.okur.com.co\/sitio\/?s={search_term_string}"},"query-input":{"@type":"PropertyValueSpecification","valueRequired":true,"valueName":"search_term_string"}}],"inLanguage":"es"}]}},"_links":{"self":[{"href":"https:\/\/www.okur.com.co\/sitio\/wp-json\/wp\/v2\/product\/464","targetHints":{"allow":["GET"]}}],"collection":[{"href":"https:\/\/www.okur.com.co\/sitio\/wp-json\/wp\/v2\/product"}],"about":[{"href":"https:\/\/www.okur.com.co\/sitio\/wp-json\/wp\/v2\/types\/product"}],"replies":[{"embeddable":true,"href":"https:\/\/www.okur.com.co\/sitio\/wp-json\/wp\/v2\/comments?post=464"}],"wp:featuredmedia":[{"embeddable":true,"href":"https:\/\/www.okur.com.co\/sitio\/wp-json\/wp\/v2\/media\/472"}],"wp:attachment":[{"href":"https:\/\/www.okur.com.co\/sitio\/wp-json\/wp\/v2\/media?parent=464"}],"wp:term":[{"taxonomy":"product_brand","embeddable":true,"href":"https:\/\/www.okur.com.co\/sitio\/wp-json\/wp\/v2\/product_brand?post=464"},{"taxonomy":"product_cat","embeddable":true,"href":"https:\/\/www.okur.com.co\/sitio\/wp-json\/wp\/v2\/product_cat?post=464"},{"taxonomy":"product_tag","embeddable":true,"href":"https:\/\/www.okur.com.co\/sitio\/wp-json\/wp\/v2\/product_tag?post=464"}],"curies":[{"name":"wp","href":"https:\/\/api.w.org\/{rel}","templated":true}]}}