{"id":463,"date":"2021-08-17T17:48:57","date_gmt":"2021-08-17T22:48:57","guid":{"rendered":"https:\/\/www.okur.com.co\/sitio\/?post_type=product&#038;p=463"},"modified":"2024-08-17T15:24:59","modified_gmt":"2024-08-17T20:24:59","slug":"kit-reanimacion-capilar","status":"publish","type":"product","link":"https:\/\/www.okur.com.co\/sitio\/producto\/kit-reanimacion-capilar\/","title":{"rendered":"Puntas Abiertas \ud83c\udf34 Kit Reanimaci\u00f3n"},"content":{"rendered":"<p>\u00bfPuntas Abiertas? El uso de este kit act\u00faa como un estimulante capilar, mejorando la estructura del cabello, su brillo y su textura. Regula el sebo que produce el pelo y, por ende, la grasa que se acumula en el mismo. Hidrata el cuero cabelludo seco y, en general, es un acondicionador natural, que aporta suavidad y brillo.<\/p>\n<p>Se recomienda en el d\u00eda con el shampoo y el acondicionador y en la noche, el t\u00f3nico capilar, despu\u00e9s del uso constante durante 13 d\u00edas, podr\u00e1s ver tu cabello m\u00e1s suave, con brillo y menos puntas abiertas.<\/p>\n<p>Todos los productos son sin sal y libre de parabenos, evitan el friz y pueden ser usados por toda la familia.<\/p>\n","protected":false},"excerpt":{"rendered":"<p>Gracias a la combinaci\u00f3n de los extractos naturales, presentes en este Kit, encontraremos propiedades regeneradoras, el ginkgo biloba ayuda a prevenir la resequedad tanto del cuero cabelludo como del cabello, lo que reduce significativamente el quiebre y las puntas abiertas. Adem\u00e1s, previene el envejecimiento prematuro del cabello y el agrietamiento del cuero cabelludo, manteniendo los fol\u00edculos pilosos perfectamente hidratados y nutridos.<\/p>\n","protected":false},"featured_media":475,"comment_status":"open","ping_status":"closed","template":"","meta":{"_et_pb_use_builder":"","_et_pb_old_content":"","_et_gb_content_width":""},"product_brand":[],"product_cat":[34,20,17,19],"product_tag":[41,46,43,37],"class_list":{"0":"post-463","1":"product","2":"type-product","3":"status-publish","4":"has-post-thumbnail","6":"product_cat-delgado","7":"product_cat-kits","8":"product_cat-shampoo","9":"product_cat-tonicos","10":"product_tag-acondicionador-reparador","11":"product_tag-ayuda-al-crecimiento","12":"product_tag-caida","13":"product_tag-falta-brillo","15":"first","16":"instock","17":"shipping-taxable","18":"purchasable","19":"product-type-simple"},"yoast_head":"<!-- This site is optimized with the Yoast SEO plugin v26.9 - https:\/\/yoast.com\/product\/yoast-seo-wordpress\/ -->\n<title>\ud83c\udf3fPuntas Abiertas\ud83d\udc10Kit Reanimaci\u00f3n<\/title>\n<meta name=\"description\" content=\"\u00a1Descubre la combinaci\u00f3n perfecta presente en este Kit, para transformar tu cabello seco y con Puntas Abiertas, en una melena radiante y saludable!\" \/>\n<meta name=\"robots\" content=\"index, follow, max-snippet:-1, max-image-preview:large, max-video-preview:-1\" \/>\n<link rel=\"canonical\" href=\"https:\/\/www.okur.com.co\/sitio\/producto\/kit-reanimacion-capilar\/\" \/>\n<meta property=\"og:locale\" content=\"es_ES\" \/>\n<meta property=\"og:type\" content=\"article\" \/>\n<meta property=\"og:title\" content=\"\ud83c\udf3fPuntas Abiertas\ud83d\udc10Kit Reanimaci\u00f3n\" \/>\n<meta property=\"og:description\" content=\"\u00a1Descubre la combinaci\u00f3n perfecta presente en este Kit, para transformar tu cabello seco y con Puntas Abiertas, en una melena radiante y saludable!\" \/>\n<meta property=\"og:url\" content=\"https:\/\/www.okur.com.co\/sitio\/producto\/kit-reanimacion-capilar\/\" \/>\n<meta property=\"og:site_name\" content=\"Okur\" \/>\n<meta property=\"article:modified_time\" content=\"2024-08-17T20:24:59+00:00\" \/>\n<meta property=\"og:image\" content=\"https:\/\/www.okur.com.co\/sitio\/wp-content\/uploads\/2021\/08\/Combo-Shampoo-acondicionador-tonico-capilar-Okur.jpg\" \/>\n\t<meta property=\"og:image:width\" content=\"800\" \/>\n\t<meta property=\"og:image:height\" content=\"675\" \/>\n\t<meta property=\"og:image:type\" content=\"image\/jpeg\" \/>\n<meta name=\"twitter:card\" content=\"summary_large_image\" \/>\n<meta name=\"twitter:label1\" content=\"Tiempo de lectura\" \/>\n\t<meta name=\"twitter:data1\" content=\"1 minuto\" \/>\n<script type=\"application\/ld+json\" class=\"yoast-schema-graph\">{\"@context\":\"https:\/\/schema.org\",\"@graph\":[{\"@type\":\"WebPage\",\"@id\":\"https:\/\/www.okur.com.co\/sitio\/producto\/kit-reanimacion-capilar\/\",\"url\":\"https:\/\/www.okur.com.co\/sitio\/producto\/kit-reanimacion-capilar\/\",\"name\":\"\ud83c\udf3fPuntas Abiertas\ud83d\udc10Kit Reanimaci\u00f3n\",\"isPartOf\":{\"@id\":\"https:\/\/www.okur.com.co\/sitio\/#website\"},\"primaryImageOfPage\":{\"@id\":\"https:\/\/www.okur.com.co\/sitio\/producto\/kit-reanimacion-capilar\/#primaryimage\"},\"image\":{\"@id\":\"https:\/\/www.okur.com.co\/sitio\/producto\/kit-reanimacion-capilar\/#primaryimage\"},\"thumbnailUrl\":\"https:\/\/www.okur.com.co\/sitio\/wp-content\/uploads\/2021\/08\/Combo-Shampoo-acondicionador-tonico-capilar-Okur.jpg\",\"datePublished\":\"2021-08-17T22:48:57+00:00\",\"dateModified\":\"2024-08-17T20:24:59+00:00\",\"description\":\"\u00a1Descubre la combinaci\u00f3n perfecta presente en este Kit, para transformar tu cabello seco y con Puntas Abiertas, en una melena radiante y saludable!\",\"breadcrumb\":{\"@id\":\"https:\/\/www.okur.com.co\/sitio\/producto\/kit-reanimacion-capilar\/#breadcrumb\"},\"inLanguage\":\"es\",\"potentialAction\":[{\"@type\":\"ReadAction\",\"target\":[\"https:\/\/www.okur.com.co\/sitio\/producto\/kit-reanimacion-capilar\/\"]}]},{\"@type\":\"ImageObject\",\"inLanguage\":\"es\",\"@id\":\"https:\/\/www.okur.com.co\/sitio\/producto\/kit-reanimacion-capilar\/#primaryimage\",\"url\":\"https:\/\/www.okur.com.co\/sitio\/wp-content\/uploads\/2021\/08\/Combo-Shampoo-acondicionador-tonico-capilar-Okur.jpg\",\"contentUrl\":\"https:\/\/www.okur.com.co\/sitio\/wp-content\/uploads\/2021\/08\/Combo-Shampoo-acondicionador-tonico-capilar-Okur.jpg\",\"width\":800,\"height\":675,\"caption\":\"\u00a1Descubre la combinaci\u00f3n perfecta presente en este Kit, para transformar tu cabello seco y con Puntas Abiertas, en una melena radiante y saludable!\"},{\"@type\":\"BreadcrumbList\",\"@id\":\"https:\/\/www.okur.com.co\/sitio\/producto\/kit-reanimacion-capilar\/#breadcrumb\",\"itemListElement\":[{\"@type\":\"ListItem\",\"position\":1,\"name\":\"Portada\",\"item\":\"https:\/\/www.okur.com.co\/sitio\/\"},{\"@type\":\"ListItem\",\"position\":2,\"name\":\"Tienda\",\"item\":\"https:\/\/www.okur.com.co\/sitio\/\"},{\"@type\":\"ListItem\",\"position\":3,\"name\":\"Puntas Abiertas \ud83c\udf34 Kit Reanimaci\u00f3n\"}]},{\"@type\":\"WebSite\",\"@id\":\"https:\/\/www.okur.com.co\/sitio\/#website\",\"url\":\"https:\/\/www.okur.com.co\/sitio\/\",\"name\":\"Okur\",\"description\":\"Tienda para el cuidado capilar de la familia\",\"potentialAction\":[{\"@type\":\"SearchAction\",\"target\":{\"@type\":\"EntryPoint\",\"urlTemplate\":\"https:\/\/www.okur.com.co\/sitio\/?s={search_term_string}\"},\"query-input\":{\"@type\":\"PropertyValueSpecification\",\"valueRequired\":true,\"valueName\":\"search_term_string\"}}],\"inLanguage\":\"es\"}]}<\/script>\n<!-- \/ Yoast SEO plugin. -->","yoast_head_json":{"title":"\ud83c\udf3fPuntas Abiertas\ud83d\udc10Kit Reanimaci\u00f3n","description":"\u00a1Descubre la combinaci\u00f3n perfecta presente en este Kit, para transformar tu cabello seco y con Puntas Abiertas, en una melena radiante y saludable!","robots":{"index":"index","follow":"follow","max-snippet":"max-snippet:-1","max-image-preview":"max-image-preview:large","max-video-preview":"max-video-preview:-1"},"canonical":"https:\/\/www.okur.com.co\/sitio\/producto\/kit-reanimacion-capilar\/","og_locale":"es_ES","og_type":"article","og_title":"\ud83c\udf3fPuntas Abiertas\ud83d\udc10Kit Reanimaci\u00f3n","og_description":"\u00a1Descubre la combinaci\u00f3n perfecta presente en este Kit, para transformar tu cabello seco y con Puntas Abiertas, en una melena radiante y saludable!","og_url":"https:\/\/www.okur.com.co\/sitio\/producto\/kit-reanimacion-capilar\/","og_site_name":"Okur","article_modified_time":"2024-08-17T20:24:59+00:00","og_image":[{"width":800,"height":675,"url":"https:\/\/www.okur.com.co\/sitio\/wp-content\/uploads\/2021\/08\/Combo-Shampoo-acondicionador-tonico-capilar-Okur.jpg","type":"image\/jpeg"}],"twitter_card":"summary_large_image","twitter_misc":{"Tiempo de lectura":"1 minuto"},"schema":{"@context":"https:\/\/schema.org","@graph":[{"@type":"WebPage","@id":"https:\/\/www.okur.com.co\/sitio\/producto\/kit-reanimacion-capilar\/","url":"https:\/\/www.okur.com.co\/sitio\/producto\/kit-reanimacion-capilar\/","name":"\ud83c\udf3fPuntas Abiertas\ud83d\udc10Kit Reanimaci\u00f3n","isPartOf":{"@id":"https:\/\/www.okur.com.co\/sitio\/#website"},"primaryImageOfPage":{"@id":"https:\/\/www.okur.com.co\/sitio\/producto\/kit-reanimacion-capilar\/#primaryimage"},"image":{"@id":"https:\/\/www.okur.com.co\/sitio\/producto\/kit-reanimacion-capilar\/#primaryimage"},"thumbnailUrl":"https:\/\/www.okur.com.co\/sitio\/wp-content\/uploads\/2021\/08\/Combo-Shampoo-acondicionador-tonico-capilar-Okur.jpg","datePublished":"2021-08-17T22:48:57+00:00","dateModified":"2024-08-17T20:24:59+00:00","description":"\u00a1Descubre la combinaci\u00f3n perfecta presente en este Kit, para transformar tu cabello seco y con Puntas Abiertas, en una melena radiante y saludable!","breadcrumb":{"@id":"https:\/\/www.okur.com.co\/sitio\/producto\/kit-reanimacion-capilar\/#breadcrumb"},"inLanguage":"es","potentialAction":[{"@type":"ReadAction","target":["https:\/\/www.okur.com.co\/sitio\/producto\/kit-reanimacion-capilar\/"]}]},{"@type":"ImageObject","inLanguage":"es","@id":"https:\/\/www.okur.com.co\/sitio\/producto\/kit-reanimacion-capilar\/#primaryimage","url":"https:\/\/www.okur.com.co\/sitio\/wp-content\/uploads\/2021\/08\/Combo-Shampoo-acondicionador-tonico-capilar-Okur.jpg","contentUrl":"https:\/\/www.okur.com.co\/sitio\/wp-content\/uploads\/2021\/08\/Combo-Shampoo-acondicionador-tonico-capilar-Okur.jpg","width":800,"height":675,"caption":"\u00a1Descubre la combinaci\u00f3n perfecta presente en este Kit, para transformar tu cabello seco y con Puntas Abiertas, en una melena radiante y saludable!"},{"@type":"BreadcrumbList","@id":"https:\/\/www.okur.com.co\/sitio\/producto\/kit-reanimacion-capilar\/#breadcrumb","itemListElement":[{"@type":"ListItem","position":1,"name":"Portada","item":"https:\/\/www.okur.com.co\/sitio\/"},{"@type":"ListItem","position":2,"name":"Tienda","item":"https:\/\/www.okur.com.co\/sitio\/"},{"@type":"ListItem","position":3,"name":"Puntas Abiertas \ud83c\udf34 Kit Reanimaci\u00f3n"}]},{"@type":"WebSite","@id":"https:\/\/www.okur.com.co\/sitio\/#website","url":"https:\/\/www.okur.com.co\/sitio\/","name":"Okur","description":"Tienda para el cuidado capilar de la familia","potentialAction":[{"@type":"SearchAction","target":{"@type":"EntryPoint","urlTemplate":"https:\/\/www.okur.com.co\/sitio\/?s={search_term_string}"},"query-input":{"@type":"PropertyValueSpecification","valueRequired":true,"valueName":"search_term_string"}}],"inLanguage":"es"}]}},"_links":{"self":[{"href":"https:\/\/www.okur.com.co\/sitio\/wp-json\/wp\/v2\/product\/463","targetHints":{"allow":["GET"]}}],"collection":[{"href":"https:\/\/www.okur.com.co\/sitio\/wp-json\/wp\/v2\/product"}],"about":[{"href":"https:\/\/www.okur.com.co\/sitio\/wp-json\/wp\/v2\/types\/product"}],"replies":[{"embeddable":true,"href":"https:\/\/www.okur.com.co\/sitio\/wp-json\/wp\/v2\/comments?post=463"}],"wp:featuredmedia":[{"embeddable":true,"href":"https:\/\/www.okur.com.co\/sitio\/wp-json\/wp\/v2\/media\/475"}],"wp:attachment":[{"href":"https:\/\/www.okur.com.co\/sitio\/wp-json\/wp\/v2\/media?parent=463"}],"wp:term":[{"taxonomy":"product_brand","embeddable":true,"href":"https:\/\/www.okur.com.co\/sitio\/wp-json\/wp\/v2\/product_brand?post=463"},{"taxonomy":"product_cat","embeddable":true,"href":"https:\/\/www.okur.com.co\/sitio\/wp-json\/wp\/v2\/product_cat?post=463"},{"taxonomy":"product_tag","embeddable":true,"href":"https:\/\/www.okur.com.co\/sitio\/wp-json\/wp\/v2\/product_tag?post=463"}],"curies":[{"name":"wp","href":"https:\/\/api.w.org\/{rel}","templated":true}]}}