{"id":462,"date":"2021-08-17T17:56:56","date_gmt":"2021-08-17T22:56:56","guid":{"rendered":"https:\/\/www.okur.com.co\/sitio\/?post_type=product&#038;p=462"},"modified":"2024-02-24T14:13:39","modified_gmt":"2024-02-24T19:13:39","slug":"cabello-deshidratado-mascarilla-de-aguacate-okur","status":"publish","type":"product","link":"https:\/\/www.okur.com.co\/sitio\/producto\/cabello-deshidratado-mascarilla-de-aguacate-okur\/","title":{"rendered":"Cabello Deshidratado\ud83e\udd51Mascarilla Aguacate"},"content":{"rendered":"<p>Tienes Cabello Deshidratado? Devuelve la salud con nuestra Mascarilla Aguacate Okur<\/p>\n<p>Cuando se trata del cuidado del cabello, comprender\u00a0<strong>la diferencia<\/strong>\u00a0entre\u00a0<strong>cabello seco<\/strong>\u00a0y\u00a0<strong>deshidratado\u00a0<\/strong>es crucial. Aunque estos t\u00e9rminos suelen utilizarse indistintamente, tienen\u00a0<strong>caracter\u00edsticas distintas\u00a0<\/strong>y requieren\u00a0<strong>enfoques\u00a0<\/strong>de\u00a0<strong>tratamiento diferentes<\/strong>.<\/p>\n<p>El cabello seco es un estado del cabello que\u00a0<strong>carece<\/strong>\u00a0de suficiente\u00a0<strong>grasa natural<\/strong>\u00a0o sebo. Esto puede ocurrir por varias razones, como un lavado excesivo con champ\u00fa, el uso excesivo de herramientas de peinado t\u00e9rmicas, la exposici\u00f3n a productos qu\u00edmicos agresivos o factores ambientales como el sol y el viento. Adem\u00e1s, la predisposici\u00f3n gen\u00e9tica y ciertas afecciones m\u00e9dicas pueden contribuir a la sequedad capilar. Los signos del cabello seco suelen ser:<\/p>\n<ul>\n<li>Textura quebradiza y \u00e1spera.<\/li>\n<li>Puntas abiertas.<\/li>\n<li>Falta de brillo y lustre.<\/li>\n<li>Ruptura frecuente del cabello.<\/li>\n<\/ul>\n<p>Al contrario que el cabello seco, el cabello deshidratado\u00a0<strong>carece de humedad\u00a0<\/strong>o\u00a0<strong>contenido de agua<\/strong>. Esto ocurre cuando las hebras capilares no tienen suficiente humedad para retener o atraer el agua. La deshidrataci\u00f3n puede deberse a factores externos, como la exposici\u00f3n excesiva al sol, el clima seco o nadar en piscinas cloradas, as\u00ed como a factores internos, como la falta de ingesta de agua o una dieta desequilibrada. Los signos de un cabello deshidratado son:<\/p>\n<ul>\n<li>Apariencia apagada y sin vida.<\/li>\n<li>Sensaci\u00f3n de sequedad y aspereza.<\/li>\n<li>Crespos y cabellos electrizados.<\/li>\n<li>Est\u00e1tica capilar elevada.<\/li>\n<\/ul>\n<p>El extracto natural de aguacate es una soluci\u00f3n hidratante y fortalecedora que nutre desde la ra\u00edz hasta las puntas, proporcionando energ\u00eda y vitalidad al cabello. Gracias a sus propiedades, este tratamiento ayuda a prevenir la ca\u00edda del cabello, promoviendo un cuero cabelludo saludable y estimulando el crecimiento natural.<\/p>\n<p>Su f\u00f3rmula ofrece un nivel de hidrataci\u00f3n superior, lo que lo convierte en el aliado perfecto para fortalecer y restaurar las propiedades del cabello \u00e9tnico, que tiende a ser m\u00e1s delicado y fino. Por esta raz\u00f3n, requiere un cuidado especial y atenci\u00f3n constante.<\/p>\n<p>Nuestro tratamiento de aguacate es libre de sal y parabenos, elaborado con extractos naturales y componentes biodegradables para ofrecerte una experiencia capilar indulgente y respetuosa con el medio ambiente. Adem\u00e1s, con su f\u00f3rmula enriquecida con protecci\u00f3n solar, tu cabello estar\u00e1 protegido de los da\u00f1inos rayos UV, manteni\u00e9ndolo saludable y radiante en todo momento.<\/p>\n<p>Para diferenciar el cabello seco del deshidratado puedes consultar <a href=\"https:\/\/laclinicadelcabello.com\/pelo-deshidratado-y-encrespado\/\">Consejos y Tratamientos para combatir el Cabello Deshidratado\u00a0<\/a><\/p>\n<h4><b>Instrucciones<\/b><strong>\u00a0de Uso<\/strong><\/h4>\n<p>Para combatir el cabello deshidratado, simplemente aplica el tratamiento Aguacate Okur sobre el cabello h\u00famedo, distribuyendo una cantidad moderada desde la mitad de la cabellera hacia las puntas. D\u00e9jalo actuar durante 15 a 20 minutos para que los ingredientes penetren y nutran profundamente el cabello. Puedes optar por dejarlo como crema para peinar, aunque si tienes cabello graso, se recomienda lavarlo despu\u00e9s de la aplicaci\u00f3n para evitar la acumulaci\u00f3n de residuos.<\/p>\n","protected":false},"excerpt":{"rendered":"<p>Cabello Hidratado y Saludable, tratamiento rico en grasas insaturadas, ofrece una hidrataci\u00f3n intensiva al cabello, fortaleciendo las ra\u00edces y fomentando su regeneraci\u00f3n natural. Sus aceites naturales penetran profundamente en las hebras capilares, combatiendo eficazmente la sequedad provocada por el uso frecuente de herramientas t\u00e9rmicas como la plancha o el secador. Soluciona el Cabello Deshidratado con los extractos naturales presentes en nuestra mascarilla Aguacate Okur.<\/p>\n<p><a href=\"https:\/\/laclinicadelcabello.com\/cabello-deshidratado-causas\/\">\u00a0Adem\u00e1s de sus beneficios hidratantes<\/a>, el aguacate refuerza las fibras de queratina y los fol\u00edculos pilosos, reduciendo as\u00ed la ca\u00edda excesiva del cabello. Actuando como un acondicionador natural, proporciona una suavidad y brillo excepcionales a cada hebra. Asimismo, restaura el cabello seco y opaco, hidrat\u00e1ndolo y nutri\u00e9ndolo profundamente, mientras previene el encrespamiento gracias a sus aceites vegetales.<\/p>\n<p>&nbsp;<\/p>\n","protected":false},"featured_media":480,"comment_status":"open","ping_status":"closed","template":"","meta":{"_et_pb_use_builder":"","_et_pb_old_content":"","_et_gb_content_width":""},"product_brand":[],"product_cat":[35,34,31,18],"product_tag":[42,36,37],"class_list":{"0":"post-462","1":"product","2":"type-product","3":"status-publish","4":"has-post-thumbnail","6":"product_cat-debil","7":"product_cat-delgado","8":"product_cat-seco","9":"product_cat-tratamientos","10":"product_tag-cabello-deshidratado","11":"product_tag-dano-por-quimicos","12":"product_tag-falta-brillo","14":"first","15":"instock","16":"shipping-taxable","17":"purchasable","18":"product-type-simple"},"yoast_head":"<!-- This site is optimized with the Yoast SEO plugin v26.9 - https:\/\/yoast.com\/product\/yoast-seo-wordpress\/ -->\n<title>Cabello Deshidratado\ud83e\udd51Mascarilla de Aguacate<\/title>\n<meta name=\"description\" content=\"Cabello Deshidratado \ud83e\udd51 Mascarilla de Aguacate con ingredientes naturales, hidrata profundamente tu cabello dej\u00e1ndolo suave.\" \/>\n<meta name=\"robots\" content=\"index, follow, max-snippet:-1, max-image-preview:large, max-video-preview:-1\" \/>\n<link rel=\"canonical\" href=\"https:\/\/www.okur.com.co\/sitio\/producto\/cabello-deshidratado-mascarilla-de-aguacate-okur\/\" \/>\n<meta property=\"og:locale\" content=\"es_ES\" \/>\n<meta property=\"og:type\" content=\"article\" \/>\n<meta property=\"og:title\" content=\"Cabello Deshidratado\ud83e\udd51Mascarilla de Aguacate\" \/>\n<meta property=\"og:description\" content=\"Cabello Deshidratado \ud83e\udd51 Mascarilla de Aguacate con ingredientes naturales, hidrata profundamente tu cabello dej\u00e1ndolo suave.\" \/>\n<meta property=\"og:url\" content=\"https:\/\/www.okur.com.co\/sitio\/producto\/cabello-deshidratado-mascarilla-de-aguacate-okur\/\" \/>\n<meta property=\"og:site_name\" content=\"Okur\" \/>\n<meta property=\"article:modified_time\" content=\"2024-02-24T19:13:39+00:00\" \/>\n<meta property=\"og:image\" content=\"https:\/\/www.okur.com.co\/sitio\/wp-content\/uploads\/2021\/08\/Tratamiento-Capilar-Etnico-Extracto-de-aguacate-okur.jpg\" \/>\n\t<meta property=\"og:image:width\" content=\"800\" \/>\n\t<meta property=\"og:image:height\" content=\"800\" \/>\n\t<meta property=\"og:image:type\" content=\"image\/jpeg\" \/>\n<meta name=\"twitter:card\" content=\"summary_large_image\" \/>\n<meta name=\"twitter:label1\" content=\"Tiempo de lectura\" \/>\n\t<meta name=\"twitter:data1\" content=\"3 minutos\" \/>\n<script type=\"application\/ld+json\" class=\"yoast-schema-graph\">{\"@context\":\"https:\/\/schema.org\",\"@graph\":[{\"@type\":\"WebPage\",\"@id\":\"https:\/\/www.okur.com.co\/sitio\/producto\/cabello-deshidratado-mascarilla-de-aguacate-okur\/\",\"url\":\"https:\/\/www.okur.com.co\/sitio\/producto\/cabello-deshidratado-mascarilla-de-aguacate-okur\/\",\"name\":\"Cabello Deshidratado\ud83e\udd51Mascarilla de Aguacate\",\"isPartOf\":{\"@id\":\"https:\/\/www.okur.com.co\/sitio\/#website\"},\"primaryImageOfPage\":{\"@id\":\"https:\/\/www.okur.com.co\/sitio\/producto\/cabello-deshidratado-mascarilla-de-aguacate-okur\/#primaryimage\"},\"image\":{\"@id\":\"https:\/\/www.okur.com.co\/sitio\/producto\/cabello-deshidratado-mascarilla-de-aguacate-okur\/#primaryimage\"},\"thumbnailUrl\":\"https:\/\/www.okur.com.co\/sitio\/wp-content\/uploads\/2021\/08\/Tratamiento-Capilar-Etnico-Extracto-de-aguacate-okur.jpg\",\"datePublished\":\"2021-08-17T22:56:56+00:00\",\"dateModified\":\"2024-02-24T19:13:39+00:00\",\"description\":\"Cabello Deshidratado \ud83e\udd51 Mascarilla de Aguacate con ingredientes naturales, hidrata profundamente tu cabello dej\u00e1ndolo suave.\",\"breadcrumb\":{\"@id\":\"https:\/\/www.okur.com.co\/sitio\/producto\/cabello-deshidratado-mascarilla-de-aguacate-okur\/#breadcrumb\"},\"inLanguage\":\"es\",\"potentialAction\":[{\"@type\":\"ReadAction\",\"target\":[\"https:\/\/www.okur.com.co\/sitio\/producto\/cabello-deshidratado-mascarilla-de-aguacate-okur\/\"]}]},{\"@type\":\"ImageObject\",\"inLanguage\":\"es\",\"@id\":\"https:\/\/www.okur.com.co\/sitio\/producto\/cabello-deshidratado-mascarilla-de-aguacate-okur\/#primaryimage\",\"url\":\"https:\/\/www.okur.com.co\/sitio\/wp-content\/uploads\/2021\/08\/Tratamiento-Capilar-Etnico-Extracto-de-aguacate-okur.jpg\",\"contentUrl\":\"https:\/\/www.okur.com.co\/sitio\/wp-content\/uploads\/2021\/08\/Tratamiento-Capilar-Etnico-Extracto-de-aguacate-okur.jpg\",\"width\":800,\"height\":800,\"caption\":\"Cabello Hidratado y Saludable\ud83e\udd51\ud83e\udd51\ud83e\udd51Mascarilla de Aguacate\"},{\"@type\":\"BreadcrumbList\",\"@id\":\"https:\/\/www.okur.com.co\/sitio\/producto\/cabello-deshidratado-mascarilla-de-aguacate-okur\/#breadcrumb\",\"itemListElement\":[{\"@type\":\"ListItem\",\"position\":1,\"name\":\"Portada\",\"item\":\"https:\/\/www.okur.com.co\/sitio\/\"},{\"@type\":\"ListItem\",\"position\":2,\"name\":\"Tienda\",\"item\":\"https:\/\/www.okur.com.co\/sitio\/\"},{\"@type\":\"ListItem\",\"position\":3,\"name\":\"Cabello Deshidratado\ud83e\udd51Mascarilla Aguacate\"}]},{\"@type\":\"WebSite\",\"@id\":\"https:\/\/www.okur.com.co\/sitio\/#website\",\"url\":\"https:\/\/www.okur.com.co\/sitio\/\",\"name\":\"Okur\",\"description\":\"Tienda para el cuidado capilar de la familia\",\"potentialAction\":[{\"@type\":\"SearchAction\",\"target\":{\"@type\":\"EntryPoint\",\"urlTemplate\":\"https:\/\/www.okur.com.co\/sitio\/?s={search_term_string}\"},\"query-input\":{\"@type\":\"PropertyValueSpecification\",\"valueRequired\":true,\"valueName\":\"search_term_string\"}}],\"inLanguage\":\"es\"}]}<\/script>\n<!-- \/ Yoast SEO plugin. -->","yoast_head_json":{"title":"Cabello Deshidratado\ud83e\udd51Mascarilla de Aguacate","description":"Cabello Deshidratado \ud83e\udd51 Mascarilla de Aguacate con ingredientes naturales, hidrata profundamente tu cabello dej\u00e1ndolo suave.","robots":{"index":"index","follow":"follow","max-snippet":"max-snippet:-1","max-image-preview":"max-image-preview:large","max-video-preview":"max-video-preview:-1"},"canonical":"https:\/\/www.okur.com.co\/sitio\/producto\/cabello-deshidratado-mascarilla-de-aguacate-okur\/","og_locale":"es_ES","og_type":"article","og_title":"Cabello Deshidratado\ud83e\udd51Mascarilla de Aguacate","og_description":"Cabello Deshidratado \ud83e\udd51 Mascarilla de Aguacate con ingredientes naturales, hidrata profundamente tu cabello dej\u00e1ndolo suave.","og_url":"https:\/\/www.okur.com.co\/sitio\/producto\/cabello-deshidratado-mascarilla-de-aguacate-okur\/","og_site_name":"Okur","article_modified_time":"2024-02-24T19:13:39+00:00","og_image":[{"width":800,"height":800,"url":"https:\/\/www.okur.com.co\/sitio\/wp-content\/uploads\/2021\/08\/Tratamiento-Capilar-Etnico-Extracto-de-aguacate-okur.jpg","type":"image\/jpeg"}],"twitter_card":"summary_large_image","twitter_misc":{"Tiempo de lectura":"3 minutos"},"schema":{"@context":"https:\/\/schema.org","@graph":[{"@type":"WebPage","@id":"https:\/\/www.okur.com.co\/sitio\/producto\/cabello-deshidratado-mascarilla-de-aguacate-okur\/","url":"https:\/\/www.okur.com.co\/sitio\/producto\/cabello-deshidratado-mascarilla-de-aguacate-okur\/","name":"Cabello Deshidratado\ud83e\udd51Mascarilla de Aguacate","isPartOf":{"@id":"https:\/\/www.okur.com.co\/sitio\/#website"},"primaryImageOfPage":{"@id":"https:\/\/www.okur.com.co\/sitio\/producto\/cabello-deshidratado-mascarilla-de-aguacate-okur\/#primaryimage"},"image":{"@id":"https:\/\/www.okur.com.co\/sitio\/producto\/cabello-deshidratado-mascarilla-de-aguacate-okur\/#primaryimage"},"thumbnailUrl":"https:\/\/www.okur.com.co\/sitio\/wp-content\/uploads\/2021\/08\/Tratamiento-Capilar-Etnico-Extracto-de-aguacate-okur.jpg","datePublished":"2021-08-17T22:56:56+00:00","dateModified":"2024-02-24T19:13:39+00:00","description":"Cabello Deshidratado \ud83e\udd51 Mascarilla de Aguacate con ingredientes naturales, hidrata profundamente tu cabello dej\u00e1ndolo suave.","breadcrumb":{"@id":"https:\/\/www.okur.com.co\/sitio\/producto\/cabello-deshidratado-mascarilla-de-aguacate-okur\/#breadcrumb"},"inLanguage":"es","potentialAction":[{"@type":"ReadAction","target":["https:\/\/www.okur.com.co\/sitio\/producto\/cabello-deshidratado-mascarilla-de-aguacate-okur\/"]}]},{"@type":"ImageObject","inLanguage":"es","@id":"https:\/\/www.okur.com.co\/sitio\/producto\/cabello-deshidratado-mascarilla-de-aguacate-okur\/#primaryimage","url":"https:\/\/www.okur.com.co\/sitio\/wp-content\/uploads\/2021\/08\/Tratamiento-Capilar-Etnico-Extracto-de-aguacate-okur.jpg","contentUrl":"https:\/\/www.okur.com.co\/sitio\/wp-content\/uploads\/2021\/08\/Tratamiento-Capilar-Etnico-Extracto-de-aguacate-okur.jpg","width":800,"height":800,"caption":"Cabello Hidratado y Saludable\ud83e\udd51\ud83e\udd51\ud83e\udd51Mascarilla de Aguacate"},{"@type":"BreadcrumbList","@id":"https:\/\/www.okur.com.co\/sitio\/producto\/cabello-deshidratado-mascarilla-de-aguacate-okur\/#breadcrumb","itemListElement":[{"@type":"ListItem","position":1,"name":"Portada","item":"https:\/\/www.okur.com.co\/sitio\/"},{"@type":"ListItem","position":2,"name":"Tienda","item":"https:\/\/www.okur.com.co\/sitio\/"},{"@type":"ListItem","position":3,"name":"Cabello Deshidratado\ud83e\udd51Mascarilla Aguacate"}]},{"@type":"WebSite","@id":"https:\/\/www.okur.com.co\/sitio\/#website","url":"https:\/\/www.okur.com.co\/sitio\/","name":"Okur","description":"Tienda para el cuidado capilar de la familia","potentialAction":[{"@type":"SearchAction","target":{"@type":"EntryPoint","urlTemplate":"https:\/\/www.okur.com.co\/sitio\/?s={search_term_string}"},"query-input":{"@type":"PropertyValueSpecification","valueRequired":true,"valueName":"search_term_string"}}],"inLanguage":"es"}]}},"_links":{"self":[{"href":"https:\/\/www.okur.com.co\/sitio\/wp-json\/wp\/v2\/product\/462","targetHints":{"allow":["GET"]}}],"collection":[{"href":"https:\/\/www.okur.com.co\/sitio\/wp-json\/wp\/v2\/product"}],"about":[{"href":"https:\/\/www.okur.com.co\/sitio\/wp-json\/wp\/v2\/types\/product"}],"replies":[{"embeddable":true,"href":"https:\/\/www.okur.com.co\/sitio\/wp-json\/wp\/v2\/comments?post=462"}],"wp:featuredmedia":[{"embeddable":true,"href":"https:\/\/www.okur.com.co\/sitio\/wp-json\/wp\/v2\/media\/480"}],"wp:attachment":[{"href":"https:\/\/www.okur.com.co\/sitio\/wp-json\/wp\/v2\/media?parent=462"}],"wp:term":[{"taxonomy":"product_brand","embeddable":true,"href":"https:\/\/www.okur.com.co\/sitio\/wp-json\/wp\/v2\/product_brand?post=462"},{"taxonomy":"product_cat","embeddable":true,"href":"https:\/\/www.okur.com.co\/sitio\/wp-json\/wp\/v2\/product_cat?post=462"},{"taxonomy":"product_tag","embeddable":true,"href":"https:\/\/www.okur.com.co\/sitio\/wp-json\/wp\/v2\/product_tag?post=462"}],"curies":[{"name":"wp","href":"https:\/\/api.w.org\/{rel}","templated":true}]}}