{"id":461,"date":"2021-08-17T17:52:06","date_gmt":"2021-08-17T22:52:06","guid":{"rendered":"https:\/\/www.okur.com.co\/sitio\/?post_type=product&#038;p=461"},"modified":"2024-02-25T11:32:38","modified_gmt":"2024-02-25T16:32:38","slug":"cabello-rizado","status":"publish","type":"product","link":"https:\/\/www.okur.com.co\/sitio\/producto\/cabello-rizado\/","title":{"rendered":"Cabello Rizado \ud83e\udd51 Shampoo Aguacate"},"content":{"rendered":"<p>Experimenta una serie de beneficios con nuestro shampoo para Cabellos Rizados:<\/p>\n<ul>\n<li><strong>Brillo y Suavidad:<\/strong> Enriquecido con excipientes que promueven un cabello brillante y sedoso, nuestro shampoo ayuda a mejorar la apariencia y la sensaci\u00f3n del cabello, dej\u00e1ndolo suave al tacto.<\/li>\n<li><strong>Control del Frizz:<\/strong> Reduce la electricidad est\u00e1tica y el cabello alborotado, proporcionando un aspecto m\u00e1s pulido y manejable.<\/li>\n<li><strong>Flexibilidad y Vitalidad:<\/strong> Mejora la flexibilidad de la fibra capilar, permitiendo un deslizamiento suave de los dedos o peines. Adem\u00e1s, aporta energ\u00eda y vitalidad al cabello, revitaliz\u00e1ndolo desde la ra\u00edz hasta las puntas.<\/li>\n<li><strong>Libre de Sal y Nutritivo:<\/strong> Nuestro shampoo est\u00e1 formulado sin sal y contiene aceites esenciales naturales que reponen las prote\u00ednas del cabello. Estos nutrientes ayudan a mantener los aceites naturales del cabello \u00e9tnico, incrementando su brillo e hidrataci\u00f3n.<\/li>\n<li><strong>Promueve la Humedad, Volumen y Textura:<\/strong> Gracias a su sinergia de ingredientes naturales, nuestro shampoo promueve la humedad del cabello, aporta volumen y mejora su textura, dej\u00e1ndolo con un aspecto saludable y radiante.<\/li>\n<\/ul>\n<p><strong>Modo de Empleo<\/strong><\/p>\n<p>Para obtener resultados \u00f3ptimos, sigue estas recomendaciones:<\/p>\n<ul>\n<li><strong>Frecuencia de Uso:<\/strong> Utiliza el shampoo d\u00eda de por medio o seg\u00fan tus requerimientos individuales.<\/li>\n<li><strong>Aplicaci\u00f3n:<\/strong> Aplica sobre el cabello h\u00famedo, masajeando suavemente. Enjuaga<\/li>\n<\/ul>\n<p>\u00a1Dale a tu cabello el cuidado que se merece con nuestro shampoo lleno de beneficios naturales!<\/p>\n","protected":false},"excerpt":{"rendered":"<p>Descubre nuestro Shampoo para cabello rizado producto especialmente dise\u00f1ado para cabello afro, una soluci\u00f3n completa para tu rutina capilar. Enriquecido con extracto de aguacate, este producto no solo favorece la reparaci\u00f3n de la fibra capilar da\u00f1ada, sino que tambi\u00e9n proporciona una hidrataci\u00f3n profunda y duradera.<\/p>\n<p>Gracias a sus propiedades, nuestro producto recupera el brillo, la fuerza y la suavidad de tu cabello, previniendo la resequedad y dej\u00e1ndolo radiante y saludable. Adem\u00e1s, nuestra f\u00f3rmula es libre de sal y parabenos, lo que garantiza un cuidado suave y efectivo sin ingredientes agresivos.<\/p>\n<p>\u00a1Dale a tu cabello el cuidado que se merece con nuestro producto, y descubre la diferencia en cada aplicaci\u00f3n!<\/p>\n","protected":false},"featured_media":477,"comment_status":"open","ping_status":"closed","template":"","meta":{"_et_pb_use_builder":"","_et_pb_old_content":"","_et_gb_content_width":""},"product_brand":[],"product_cat":[35,34,33,31,17],"product_tag":[45,38,36,44],"class_list":{"0":"post-461","1":"product","2":"type-product","3":"status-publish","4":"has-post-thumbnail","6":"product_cat-debil","7":"product_cat-delgado","8":"product_cat-frizz","9":"product_cat-seco","10":"product_cat-shampoo","11":"product_tag-cabello-rizado","12":"product_tag-crecimientodelcabello","13":"product_tag-dano-por-quimicos","14":"product_tag-shampoo-para-cabellos-rizados-con-extractos-naturales-y-libre-de-sal-y-parabenos","16":"first","17":"instock","18":"shipping-taxable","19":"purchasable","20":"product-type-simple"},"yoast_head":"<!-- This site is optimized with the Yoast SEO plugin v26.9 - https:\/\/yoast.com\/product\/yoast-seo-wordpress\/ -->\n<title>Shampoo para Cabello Rizado<\/title>\n<meta name=\"description\" content=\"Descubre Shampoo Okur Especial para Cabello Rizado formulado para limpiar profundamente y brindar un cuidado especializado a cabellos \u00e9tnicos.\" \/>\n<meta name=\"robots\" content=\"index, follow, max-snippet:-1, max-image-preview:large, max-video-preview:-1\" \/>\n<link rel=\"canonical\" href=\"https:\/\/www.okur.com.co\/sitio\/producto\/cabello-rizado\/\" \/>\n<meta property=\"og:locale\" content=\"es_ES\" \/>\n<meta property=\"og:type\" content=\"article\" \/>\n<meta property=\"og:title\" content=\"Shampoo para Cabello Rizado\" \/>\n<meta property=\"og:description\" content=\"Descubre Shampoo Okur Especial para Cabello Rizado formulado para limpiar profundamente y brindar un cuidado especializado a cabellos \u00e9tnicos.\" \/>\n<meta property=\"og:url\" content=\"https:\/\/www.okur.com.co\/sitio\/producto\/cabello-rizado\/\" \/>\n<meta property=\"og:site_name\" content=\"Okur\" \/>\n<meta property=\"article:modified_time\" content=\"2024-02-25T16:32:38+00:00\" \/>\n<meta property=\"og:image\" content=\"https:\/\/www.okur.com.co\/sitio\/wp-content\/uploads\/2021\/08\/Shampoo-etnico-sin-sal-okur.jpg\" \/>\n\t<meta property=\"og:image:width\" content=\"800\" \/>\n\t<meta property=\"og:image:height\" content=\"800\" \/>\n\t<meta property=\"og:image:type\" content=\"image\/jpeg\" \/>\n<meta name=\"twitter:card\" content=\"summary_large_image\" \/>\n<meta name=\"twitter:label1\" content=\"Tiempo de lectura\" \/>\n\t<meta name=\"twitter:data1\" content=\"2 minutos\" \/>\n<script type=\"application\/ld+json\" class=\"yoast-schema-graph\">{\"@context\":\"https:\/\/schema.org\",\"@graph\":[{\"@type\":\"WebPage\",\"@id\":\"https:\/\/www.okur.com.co\/sitio\/producto\/cabello-rizado\/\",\"url\":\"https:\/\/www.okur.com.co\/sitio\/producto\/cabello-rizado\/\",\"name\":\"Shampoo para Cabello Rizado\",\"isPartOf\":{\"@id\":\"https:\/\/www.okur.com.co\/sitio\/#website\"},\"primaryImageOfPage\":{\"@id\":\"https:\/\/www.okur.com.co\/sitio\/producto\/cabello-rizado\/#primaryimage\"},\"image\":{\"@id\":\"https:\/\/www.okur.com.co\/sitio\/producto\/cabello-rizado\/#primaryimage\"},\"thumbnailUrl\":\"https:\/\/www.okur.com.co\/sitio\/wp-content\/uploads\/2021\/08\/Shampoo-etnico-sin-sal-okur.jpg\",\"datePublished\":\"2021-08-17T22:52:06+00:00\",\"dateModified\":\"2024-02-25T16:32:38+00:00\",\"description\":\"Descubre Shampoo Okur Especial para Cabello Rizado formulado para limpiar profundamente y brindar un cuidado especializado a cabellos \u00e9tnicos.\",\"breadcrumb\":{\"@id\":\"https:\/\/www.okur.com.co\/sitio\/producto\/cabello-rizado\/#breadcrumb\"},\"inLanguage\":\"es\",\"potentialAction\":[{\"@type\":\"ReadAction\",\"target\":[\"https:\/\/www.okur.com.co\/sitio\/producto\/cabello-rizado\/\"]}]},{\"@type\":\"ImageObject\",\"inLanguage\":\"es\",\"@id\":\"https:\/\/www.okur.com.co\/sitio\/producto\/cabello-rizado\/#primaryimage\",\"url\":\"https:\/\/www.okur.com.co\/sitio\/wp-content\/uploads\/2021\/08\/Shampoo-etnico-sin-sal-okur.jpg\",\"contentUrl\":\"https:\/\/www.okur.com.co\/sitio\/wp-content\/uploads\/2021\/08\/Shampoo-etnico-sin-sal-okur.jpg\",\"width\":800,\"height\":800,\"caption\":\"Shampoo para cabellos rizados con extractos naturales y libre de sal y parabenos\"},{\"@type\":\"BreadcrumbList\",\"@id\":\"https:\/\/www.okur.com.co\/sitio\/producto\/cabello-rizado\/#breadcrumb\",\"itemListElement\":[{\"@type\":\"ListItem\",\"position\":1,\"name\":\"Portada\",\"item\":\"https:\/\/www.okur.com.co\/sitio\/\"},{\"@type\":\"ListItem\",\"position\":2,\"name\":\"Tienda\",\"item\":\"https:\/\/www.okur.com.co\/sitio\/\"},{\"@type\":\"ListItem\",\"position\":3,\"name\":\"Cabello Rizado \ud83e\udd51 Shampoo Aguacate\"}]},{\"@type\":\"WebSite\",\"@id\":\"https:\/\/www.okur.com.co\/sitio\/#website\",\"url\":\"https:\/\/www.okur.com.co\/sitio\/\",\"name\":\"Okur\",\"description\":\"Tienda para el cuidado capilar de la familia\",\"potentialAction\":[{\"@type\":\"SearchAction\",\"target\":{\"@type\":\"EntryPoint\",\"urlTemplate\":\"https:\/\/www.okur.com.co\/sitio\/?s={search_term_string}\"},\"query-input\":{\"@type\":\"PropertyValueSpecification\",\"valueRequired\":true,\"valueName\":\"search_term_string\"}}],\"inLanguage\":\"es\"}]}<\/script>\n<!-- \/ Yoast SEO plugin. -->","yoast_head_json":{"title":"Shampoo para Cabello Rizado","description":"Descubre Shampoo Okur Especial para Cabello Rizado formulado para limpiar profundamente y brindar un cuidado especializado a cabellos \u00e9tnicos.","robots":{"index":"index","follow":"follow","max-snippet":"max-snippet:-1","max-image-preview":"max-image-preview:large","max-video-preview":"max-video-preview:-1"},"canonical":"https:\/\/www.okur.com.co\/sitio\/producto\/cabello-rizado\/","og_locale":"es_ES","og_type":"article","og_title":"Shampoo para Cabello Rizado","og_description":"Descubre Shampoo Okur Especial para Cabello Rizado formulado para limpiar profundamente y brindar un cuidado especializado a cabellos \u00e9tnicos.","og_url":"https:\/\/www.okur.com.co\/sitio\/producto\/cabello-rizado\/","og_site_name":"Okur","article_modified_time":"2024-02-25T16:32:38+00:00","og_image":[{"width":800,"height":800,"url":"https:\/\/www.okur.com.co\/sitio\/wp-content\/uploads\/2021\/08\/Shampoo-etnico-sin-sal-okur.jpg","type":"image\/jpeg"}],"twitter_card":"summary_large_image","twitter_misc":{"Tiempo de lectura":"2 minutos"},"schema":{"@context":"https:\/\/schema.org","@graph":[{"@type":"WebPage","@id":"https:\/\/www.okur.com.co\/sitio\/producto\/cabello-rizado\/","url":"https:\/\/www.okur.com.co\/sitio\/producto\/cabello-rizado\/","name":"Shampoo para Cabello Rizado","isPartOf":{"@id":"https:\/\/www.okur.com.co\/sitio\/#website"},"primaryImageOfPage":{"@id":"https:\/\/www.okur.com.co\/sitio\/producto\/cabello-rizado\/#primaryimage"},"image":{"@id":"https:\/\/www.okur.com.co\/sitio\/producto\/cabello-rizado\/#primaryimage"},"thumbnailUrl":"https:\/\/www.okur.com.co\/sitio\/wp-content\/uploads\/2021\/08\/Shampoo-etnico-sin-sal-okur.jpg","datePublished":"2021-08-17T22:52:06+00:00","dateModified":"2024-02-25T16:32:38+00:00","description":"Descubre Shampoo Okur Especial para Cabello Rizado formulado para limpiar profundamente y brindar un cuidado especializado a cabellos \u00e9tnicos.","breadcrumb":{"@id":"https:\/\/www.okur.com.co\/sitio\/producto\/cabello-rizado\/#breadcrumb"},"inLanguage":"es","potentialAction":[{"@type":"ReadAction","target":["https:\/\/www.okur.com.co\/sitio\/producto\/cabello-rizado\/"]}]},{"@type":"ImageObject","inLanguage":"es","@id":"https:\/\/www.okur.com.co\/sitio\/producto\/cabello-rizado\/#primaryimage","url":"https:\/\/www.okur.com.co\/sitio\/wp-content\/uploads\/2021\/08\/Shampoo-etnico-sin-sal-okur.jpg","contentUrl":"https:\/\/www.okur.com.co\/sitio\/wp-content\/uploads\/2021\/08\/Shampoo-etnico-sin-sal-okur.jpg","width":800,"height":800,"caption":"Shampoo para cabellos rizados con extractos naturales y libre de sal y parabenos"},{"@type":"BreadcrumbList","@id":"https:\/\/www.okur.com.co\/sitio\/producto\/cabello-rizado\/#breadcrumb","itemListElement":[{"@type":"ListItem","position":1,"name":"Portada","item":"https:\/\/www.okur.com.co\/sitio\/"},{"@type":"ListItem","position":2,"name":"Tienda","item":"https:\/\/www.okur.com.co\/sitio\/"},{"@type":"ListItem","position":3,"name":"Cabello Rizado \ud83e\udd51 Shampoo Aguacate"}]},{"@type":"WebSite","@id":"https:\/\/www.okur.com.co\/sitio\/#website","url":"https:\/\/www.okur.com.co\/sitio\/","name":"Okur","description":"Tienda para el cuidado capilar de la familia","potentialAction":[{"@type":"SearchAction","target":{"@type":"EntryPoint","urlTemplate":"https:\/\/www.okur.com.co\/sitio\/?s={search_term_string}"},"query-input":{"@type":"PropertyValueSpecification","valueRequired":true,"valueName":"search_term_string"}}],"inLanguage":"es"}]}},"_links":{"self":[{"href":"https:\/\/www.okur.com.co\/sitio\/wp-json\/wp\/v2\/product\/461","targetHints":{"allow":["GET"]}}],"collection":[{"href":"https:\/\/www.okur.com.co\/sitio\/wp-json\/wp\/v2\/product"}],"about":[{"href":"https:\/\/www.okur.com.co\/sitio\/wp-json\/wp\/v2\/types\/product"}],"replies":[{"embeddable":true,"href":"https:\/\/www.okur.com.co\/sitio\/wp-json\/wp\/v2\/comments?post=461"}],"wp:featuredmedia":[{"embeddable":true,"href":"https:\/\/www.okur.com.co\/sitio\/wp-json\/wp\/v2\/media\/477"}],"wp:attachment":[{"href":"https:\/\/www.okur.com.co\/sitio\/wp-json\/wp\/v2\/media?parent=461"}],"wp:term":[{"taxonomy":"product_brand","embeddable":true,"href":"https:\/\/www.okur.com.co\/sitio\/wp-json\/wp\/v2\/product_brand?post=461"},{"taxonomy":"product_cat","embeddable":true,"href":"https:\/\/www.okur.com.co\/sitio\/wp-json\/wp\/v2\/product_cat?post=461"},{"taxonomy":"product_tag","embeddable":true,"href":"https:\/\/www.okur.com.co\/sitio\/wp-json\/wp\/v2\/product_tag?post=461"}],"curies":[{"name":"wp","href":"https:\/\/api.w.org\/{rel}","templated":true}]}}