{"id":460,"date":"2021-08-17T18:12:34","date_gmt":"2021-08-17T23:12:34","guid":{"rendered":"https:\/\/www.okur.com.co\/sitio\/?post_type=product&#038;p=460"},"modified":"2024-02-25T11:17:08","modified_gmt":"2024-02-25T16:17:08","slug":"tratamiento-para-cabello-danado","status":"publish","type":"product","link":"https:\/\/www.okur.com.co\/sitio\/producto\/tratamiento-para-cabello-danado\/","title":{"rendered":"Cabello Da\u00f1ado I Mascarilla Arg\u00e1n y Miel"},"content":{"rendered":"<div class=\"rwrl rwrl_pri rwrl_padref rwrl_fontexp rwrl_bchl\">\n<div class=\"flex-1 overflow-hidden\">\n<div class=\"react-scroll-to-bottom--css-nwgur-79elbk h-full\">\n<div class=\"react-scroll-to-bottom--css-nwgur-1n7m0yu\">\n<div class=\"flex flex-col pb-9 text-sm\">\n<div class=\"w-full text-token-text-primary\" data-testid=\"conversation-turn-37\">\n<div class=\"px-4 py-2 justify-center text-base md:gap-6 m-auto\">\n<div class=\"flex flex-1 text-base mx-auto gap-3 md:px-5 lg:px-1 xl:px-5 md:max-w-3xl lg:max-w-[40rem] xl:max-w-[48rem] group final-completion\">\n<div class=\"relative flex w-full flex-col agent-turn\">\n<div class=\"flex-col gap-1 md:gap-3\">\n<div class=\"flex flex-grow flex-col max-w-full\">\n<div class=\"min-h-[20px] text-message flex flex-col items-start gap-3 whitespace-pre-wrap break-words [.text-message+&amp;]:mt-5 overflow-x-auto\" data-message-author-role=\"assistant\" data-message-id=\"c45a0bc2-aa44-4041-ad93-6f87850677e0\">\n<div class=\"markdown prose w-full break-words dark:prose-invert light\">\n<p>\u00a1Descubre el poder de la naturaleza para transformar tu cabello da\u00f1ado! Este tratamiento capilar est\u00e1 enriquecido con los beneficios de dos ingredientes naturales: el arg\u00e1n y la miel. Estos ingredientes trabajan en armon\u00eda para resolver una variedad de problemas capilares y revitalizar tu cabello da\u00f1ado.<\/p>\n<\/div>\n<p>La lucha contra el\u00a0<strong>cabello da\u00f1ado<\/strong> puede parecer una batalla interminable. A medida que nuestra melena se expone diariamente a peinados con calor, tratamientos qu\u00edmicos y factores ambientales, su salud y brillo disminuyen gradualmente \u00a1no te preocupes! Con el r\u00e9gimen de <strong>cuidado capilar y tratamiento eficaz<\/strong>, puedes revitalizar tu cabello, diciendo adi\u00f3s a la sequedad, los da\u00f1os y las molestas puntas abiertas.<\/p>\n<p><strong style=\"color: #333333; font-size: 18px;\">Instrucciones de Uso para mejorar el cabello da\u00f1ado:<\/strong><\/p>\n<div class=\"markdown prose w-full break-words dark:prose-invert light\">\n<ol>\n<li>Lava tu cabello da\u00f1ado como de costumbre y aseg\u00farate de que est\u00e9 h\u00famedo.<\/li>\n<li>Aplica una cantidad moderada del tratamiento Arg\u00e1n y Miel Okur en la palma de tu mano.<\/li>\n<li>Distribuye uniformemente el producto desde la mitad de tu cabello hasta las puntas, o por toda la cabellera si es necesario.<\/li>\n<li>Masajea suavemente el cabello para asegurar una aplicaci\u00f3n completa.<\/li>\n<li>Para un tratamiento m\u00e1s intensivo, deja actuar el producto durante 15 a 20 minutos.<\/li>\n<li>Enjuaga completamente con agua tibia.<\/li>\n<li>Para un efecto adicional, el tratamiento tambi\u00e9n puede ser utilizado como crema para peinar, aplic\u00e1ndolo sobre el cabello h\u00famedo y dej\u00e1ndolo en el cabello sin enjuagar.<\/li>\n<\/ol>\n<p>Recomendamos utilizar el tratamiento Arg\u00e1n y Miel Okur de 2 a 3 veces por semana, para recuperar tu cabello da\u00f1ado, adaptando la frecuencia seg\u00fan las necesidades individuales de tu cabello. \u00a1Disfruta de un cabello radiante y saludable con nuestro tratamiento capilar!<\/p>\n<p>Consulta aqu\u00ed un tratamiento m\u00e1s completo: <a href=\"https:\/\/www.okur.com.co\/sitio\/producto\/kit-humectacion-capilar\/\">Kit Humectaci\u00f3n Capilar &#8211; Okur<\/a><\/p>\n<\/div>\n<ul>\n<li>Encuentra con expertos www.laclinicadelcabello.com soluciones efectivas para los problemas capilares:<br \/>\n<a href=\"https:\/\/laclinicadelcabello.com\/problemas-capilares-en-el-cuero-cabelludo\/\">Descubre c\u00f3mo cuidar tu pelo y mantenerlo saludable<\/a><\/li>\n<li><a href=\"https:\/\/laclinicadelcabello.com\/puntas-danadas-por-decoloracion\/\">Puntas da\u00f1adas por decoloraci\u00f3n: C\u00f3mo prevenir y solucionar este problema capilar<\/a><\/li>\n<\/ul>\n<\/div>\n<h4 data-message-author-role=\"assistant\" data-message-id=\"c45a0bc2-aa44-4041-ad93-6f87850677e0\"><\/h4>\n<h4 class=\"min-h-[20px] text-message flex flex-col items-start gap-3 whitespace-pre-wrap break-words [.text-message+&amp;]:mt-5 overflow-x-auto\" data-message-author-role=\"assistant\" data-message-id=\"c45a0bc2-aa44-4041-ad93-6f87850677e0\"><strong>Opciones de tratamiento eficaces para el cabello seco y da\u00f1ado<\/strong><\/h4>\n<\/div>\n<div class=\"mt-1 flex justify-start gap-3 empty:hidden\">\n<div class=\"text-gray-400 flex self-end lg:self-center justify-center lg:justify-start mt-0 -ml-1 visible\">\n<p>1. Recorta tu cabello con regularidad: Para deshacerte de las puntas abiertas existentes y evitar que se extiendan m\u00e1s, es esencial recortarlas regularmente. Recorta el pelo cada 6-8 semanas para mantenerlo fresco y sano.<\/p>\n<p>2. Acondicionamiento profundo: Nutrir el pelo con tratamientos de acondicionamiento profundo es crucial para reponer la hidrataci\u00f3n y reparar los da\u00f1os. Busca productos enriquecidos con aceites naturales como el aceite de arg\u00e1n o el aceite de coco, ya que proporcionan una hidrataci\u00f3n intensa y restauran el brillo.<\/p>\n<p>3. Reduce el peinado con calor: Limita el uso de herramientas de peinado con calor para minimizar los da\u00f1os. Utiliza el secado al aire, trenzas u otras opciones de peinado sin calor para dar a tu pelo un descanso muy necesario y reducir el riesgo de sequedad y puntas abiertas.<\/p>\n<p>4. Utiliza un protector t\u00e9rmico: Cuando decidas peinarte con calor, aplica siempre un spray protector t\u00e9rmico de antemano. Esto crea una barrera entre tus mechones y el calor, minimizando el da\u00f1o y evitando que se sequen m\u00e1s.<\/p>\n<p>5. Evita lavarlo en exceso: Lavarlo en exceso puede eliminar los aceites naturales del cabello, resec\u00e1ndolo y haci\u00e9ndolo propenso a la rotura. Intenta lavarte el pelo cada 2-3 d\u00edas, y utiliza un champ\u00fa suave y sin sulfatos para conservar la hidrataci\u00f3n.<\/p>\n<p>6. Mant\u00e9n una dieta sana: La nutrici\u00f3n adecuada empieza desde dentro. Aseg\u00farate de que tu dieta incluya alimentos ricos en vitaminas, minerales y prote\u00ednas para favorecer el crecimiento sano del cabello. Alimentos como el salm\u00f3n, los frutos secos, las verduras de hoja verde y los huevos son opciones excelentes.<\/p>\n<p>7. Prot\u00e9gete de los factores ambientales: Protege tu cabello de los rayos UV llevando un sombrero o utilizando productos que ofrezcan protecci\u00f3n UV. Cuando nades, apl\u00edcate un acondicionador sin aclarado o ponte un gorro de ba\u00f1o para proteger tu cabello de los efectos da\u00f1inos del agua clorada.<\/p>\n<\/div>\n<\/div>\n<\/div>\n<\/div>\n<\/div>\n<\/div>\n<\/div>\n<\/div>\n<\/div>\n<\/div>\n<\/div>\n<div class=\"w-full pt-2 md:pt-0 dark:border-white\/20 md:border-transparent md:dark:border-transparent md:w-[calc(100%-.5rem)]\">\n<form class=\"stretch mx-2 flex flex-row gap-3 last:mb-2 md:mx-4 md:last:mb-6 lg:mx-auto lg:max-w-2xl xl:max-w-3xl\">\n<div class=\"relative flex h-full flex-1 items-stretch md:flex-col\">\n<div class=\"flex w-full items-center\"><\/div>\n<\/div>\n<\/form>\n<\/div>\n<\/div>\n","protected":false},"excerpt":{"rendered":"<div class=\"flex-1 overflow-hidden\">\n<div class=\"react-scroll-to-bottom--css-nwgur-79elbk h-full\">\n<div class=\"react-scroll-to-bottom--css-nwgur-1n7m0yu\">\n<div class=\"flex flex-col pb-9 text-sm\">\n<div class=\"w-full text-token-text-primary\" data-testid=\"conversation-turn-35\">\n<div class=\"px-4 py-2 justify-center text-base md:gap-6 m-auto\">\n<div class=\"flex flex-1 text-base mx-auto gap-3 md:px-5 lg:px-1 xl:px-5 md:max-w-3xl lg:max-w-[40rem] xl:max-w-[48rem] group final-completion\">\n<div class=\"relative flex w-full flex-col agent-turn\">\n<div class=\"flex-col gap-1 md:gap-3\">\n<div class=\"flex flex-grow flex-col max-w-full\">\n<div class=\"min-h-[20px] text-message flex flex-col items-start gap-3 whitespace-pre-wrap break-words [.text-message+&amp;]:mt-5 overflow-x-auto\" data-message-author-role=\"assistant\" data-message-id=\"62a59974-fe9a-4207-a23b-c10b52fcdaf3\">\n<div class=\"markdown prose w-full break-words dark:prose-invert light\">\n<h4><strong>BENEFICIOS<\/strong><\/h4>\n<p><strong>El arg\u00e1n<\/strong>, conocido como \u00aboro l\u00edquido\u00bb, es un ingrediente profundamente nutritivo que hidrata y fortalece el cabello desde la ra\u00edz hasta las puntas. Su acci\u00f3n reparadora ayuda a prevenir la ca\u00edda del cabello y estimula el crecimiento natural, dejando tu cabello m\u00e1s fuerte, resistente y radiante.<\/p>\n<p>Por otro lado, <strong>la miel<\/strong> es un humectante natural que ayuda a retener la humedad en el cabello, manteni\u00e9ndolo suave, sedoso y libre de encrespamiento. Suaviza la fibra capilar y reduce la electricidad est\u00e1tica, dejando tu cabello manejable y f\u00e1cil de peinar.<\/p>\n<p>Juntos, <strong>el arg\u00e1n y la miel<\/strong> forman una poderosa combinaci\u00f3n que resuelve una variedad de problemas capilares, desde la sequedad y la fragilidad hasta el encrespamiento y la falta de brillo. Descubre la magia de estos ingredientes naturales y transforma tu cabello da\u00f1ado en una melena radiante y saludable.<\/p>\n<h4><b>Instrucciones<\/b><strong>\u00a0de Uso<\/strong><\/h4>\n<p>Aplica el tratamiento Arg\u00e1n y Miel Okur sobre el cabello h\u00famedo, distribuyendo una cantidad moderada desde la mitad de la cabellera hacia las puntas. D\u00e9jalo actuar durante 15 a 20 minutos para que los ingredientes penetren y nutran profundamente el cabello. Puedes optar por dejarlo como crema para peinar, aunque si tienes cabello graso, se recomienda lavarlo despu\u00e9s de la aplicaci\u00f3n para evitar la acumulaci\u00f3n de residuos.<\/p>\n<\/div>\n<\/div>\n<\/div>\n<\/div>\n<\/div>\n<\/div>\n<\/div>\n<\/div>\n<\/div>\n<\/div>\n<\/div>\n<\/div>\n","protected":false},"featured_media":479,"comment_status":"open","ping_status":"closed","template":"","meta":{"_et_pb_use_builder":"","_et_pb_old_content":"","_et_gb_content_width":""},"product_brand":[],"product_cat":[35,33,31,18],"product_tag":[42,36,37,39],"class_list":{"0":"post-460","1":"product","2":"type-product","3":"status-publish","4":"has-post-thumbnail","6":"product_cat-debil","7":"product_cat-frizz","8":"product_cat-seco","9":"product_cat-tratamientos","10":"product_tag-cabello-deshidratado","11":"product_tag-dano-por-quimicos","12":"product_tag-falta-brillo","13":"product_tag-para-ayudar-a-el-cuero-cabelludo","15":"first","16":"instock","17":"shipping-taxable","18":"purchasable","19":"product-type-simple"},"yoast_head":"<!-- This site is optimized with the Yoast SEO plugin v26.9 - https:\/\/yoast.com\/product\/yoast-seo-wordpress\/ -->\n<title>Cabello da\u00f1ado, seco o sin vida \ud83d\udc4cTratamiento Arg\u00e1n y Miel - Okur<\/title>\n<meta name=\"description\" content=\"El tratamiento de arg\u00e1n y miel es la soluci\u00f3n que necesitas para tu cabello da\u00f1ado. Restaura la vitalidad, hidrataci\u00f3n y brillo del cabello.\" \/>\n<meta name=\"robots\" content=\"index, follow, max-snippet:-1, max-image-preview:large, max-video-preview:-1\" \/>\n<link rel=\"canonical\" href=\"https:\/\/www.okur.com.co\/sitio\/producto\/tratamiento-para-cabello-danado\/\" \/>\n<meta property=\"og:locale\" content=\"es_ES\" \/>\n<meta property=\"og:type\" content=\"article\" \/>\n<meta property=\"og:title\" content=\"Cabello da\u00f1ado, seco o sin vida \ud83d\udc4cTratamiento Arg\u00e1n y Miel - Okur\" \/>\n<meta property=\"og:description\" content=\"El tratamiento de arg\u00e1n y miel es la soluci\u00f3n que necesitas para tu cabello da\u00f1ado. Restaura la vitalidad, hidrataci\u00f3n y brillo del cabello.\" \/>\n<meta property=\"og:url\" content=\"https:\/\/www.okur.com.co\/sitio\/producto\/tratamiento-para-cabello-danado\/\" \/>\n<meta property=\"og:site_name\" content=\"Okur\" \/>\n<meta property=\"article:modified_time\" content=\"2024-02-25T16:17:08+00:00\" \/>\n<meta property=\"og:image\" content=\"https:\/\/www.okur.com.co\/sitio\/wp-content\/uploads\/2021\/08\/Tratamiento-Capilar-Argan-okur.jpg\" \/>\n\t<meta property=\"og:image:width\" content=\"800\" \/>\n\t<meta property=\"og:image:height\" content=\"800\" \/>\n\t<meta property=\"og:image:type\" content=\"image\/jpeg\" \/>\n<meta name=\"twitter:card\" content=\"summary_large_image\" \/>\n<meta name=\"twitter:label1\" content=\"Tiempo de lectura\" \/>\n\t<meta name=\"twitter:data1\" content=\"4 minutos\" \/>\n<script type=\"application\/ld+json\" class=\"yoast-schema-graph\">{\"@context\":\"https:\/\/schema.org\",\"@graph\":[{\"@type\":\"WebPage\",\"@id\":\"https:\/\/www.okur.com.co\/sitio\/producto\/tratamiento-para-cabello-danado\/\",\"url\":\"https:\/\/www.okur.com.co\/sitio\/producto\/tratamiento-para-cabello-danado\/\",\"name\":\"Cabello da\u00f1ado, seco o sin vida \ud83d\udc4cTratamiento Arg\u00e1n y Miel - Okur\",\"isPartOf\":{\"@id\":\"https:\/\/www.okur.com.co\/sitio\/#website\"},\"primaryImageOfPage\":{\"@id\":\"https:\/\/www.okur.com.co\/sitio\/producto\/tratamiento-para-cabello-danado\/#primaryimage\"},\"image\":{\"@id\":\"https:\/\/www.okur.com.co\/sitio\/producto\/tratamiento-para-cabello-danado\/#primaryimage\"},\"thumbnailUrl\":\"https:\/\/www.okur.com.co\/sitio\/wp-content\/uploads\/2021\/08\/Tratamiento-Capilar-Argan-okur.jpg\",\"datePublished\":\"2021-08-17T23:12:34+00:00\",\"dateModified\":\"2024-02-25T16:17:08+00:00\",\"description\":\"El tratamiento de arg\u00e1n y miel es la soluci\u00f3n que necesitas para tu cabello da\u00f1ado. Restaura la vitalidad, hidrataci\u00f3n y brillo del cabello.\",\"breadcrumb\":{\"@id\":\"https:\/\/www.okur.com.co\/sitio\/producto\/tratamiento-para-cabello-danado\/#breadcrumb\"},\"inLanguage\":\"es\",\"potentialAction\":[{\"@type\":\"ReadAction\",\"target\":[\"https:\/\/www.okur.com.co\/sitio\/producto\/tratamiento-para-cabello-danado\/\"]}]},{\"@type\":\"ImageObject\",\"inLanguage\":\"es\",\"@id\":\"https:\/\/www.okur.com.co\/sitio\/producto\/tratamiento-para-cabello-danado\/#primaryimage\",\"url\":\"https:\/\/www.okur.com.co\/sitio\/wp-content\/uploads\/2021\/08\/Tratamiento-Capilar-Argan-okur.jpg\",\"contentUrl\":\"https:\/\/www.okur.com.co\/sitio\/wp-content\/uploads\/2021\/08\/Tratamiento-Capilar-Argan-okur.jpg\",\"width\":800,\"height\":800,\"caption\":\"Cabello da\u00f1ado -Tratamiento Arg\u00e1n y Miel\"},{\"@type\":\"BreadcrumbList\",\"@id\":\"https:\/\/www.okur.com.co\/sitio\/producto\/tratamiento-para-cabello-danado\/#breadcrumb\",\"itemListElement\":[{\"@type\":\"ListItem\",\"position\":1,\"name\":\"Portada\",\"item\":\"https:\/\/www.okur.com.co\/sitio\/\"},{\"@type\":\"ListItem\",\"position\":2,\"name\":\"Tienda\",\"item\":\"https:\/\/www.okur.com.co\/sitio\/\"},{\"@type\":\"ListItem\",\"position\":3,\"name\":\"Cabello Da\u00f1ado I Mascarilla Arg\u00e1n y Miel\"}]},{\"@type\":\"WebSite\",\"@id\":\"https:\/\/www.okur.com.co\/sitio\/#website\",\"url\":\"https:\/\/www.okur.com.co\/sitio\/\",\"name\":\"Okur\",\"description\":\"Tienda para el cuidado capilar de la familia\",\"potentialAction\":[{\"@type\":\"SearchAction\",\"target\":{\"@type\":\"EntryPoint\",\"urlTemplate\":\"https:\/\/www.okur.com.co\/sitio\/?s={search_term_string}\"},\"query-input\":{\"@type\":\"PropertyValueSpecification\",\"valueRequired\":true,\"valueName\":\"search_term_string\"}}],\"inLanguage\":\"es\"}]}<\/script>\n<!-- \/ Yoast SEO plugin. -->","yoast_head_json":{"title":"Cabello da\u00f1ado, seco o sin vida \ud83d\udc4cTratamiento Arg\u00e1n y Miel - Okur","description":"El tratamiento de arg\u00e1n y miel es la soluci\u00f3n que necesitas para tu cabello da\u00f1ado. Restaura la vitalidad, hidrataci\u00f3n y brillo del cabello.","robots":{"index":"index","follow":"follow","max-snippet":"max-snippet:-1","max-image-preview":"max-image-preview:large","max-video-preview":"max-video-preview:-1"},"canonical":"https:\/\/www.okur.com.co\/sitio\/producto\/tratamiento-para-cabello-danado\/","og_locale":"es_ES","og_type":"article","og_title":"Cabello da\u00f1ado, seco o sin vida \ud83d\udc4cTratamiento Arg\u00e1n y Miel - Okur","og_description":"El tratamiento de arg\u00e1n y miel es la soluci\u00f3n que necesitas para tu cabello da\u00f1ado. Restaura la vitalidad, hidrataci\u00f3n y brillo del cabello.","og_url":"https:\/\/www.okur.com.co\/sitio\/producto\/tratamiento-para-cabello-danado\/","og_site_name":"Okur","article_modified_time":"2024-02-25T16:17:08+00:00","og_image":[{"width":800,"height":800,"url":"https:\/\/www.okur.com.co\/sitio\/wp-content\/uploads\/2021\/08\/Tratamiento-Capilar-Argan-okur.jpg","type":"image\/jpeg"}],"twitter_card":"summary_large_image","twitter_misc":{"Tiempo de lectura":"4 minutos"},"schema":{"@context":"https:\/\/schema.org","@graph":[{"@type":"WebPage","@id":"https:\/\/www.okur.com.co\/sitio\/producto\/tratamiento-para-cabello-danado\/","url":"https:\/\/www.okur.com.co\/sitio\/producto\/tratamiento-para-cabello-danado\/","name":"Cabello da\u00f1ado, seco o sin vida \ud83d\udc4cTratamiento Arg\u00e1n y Miel - Okur","isPartOf":{"@id":"https:\/\/www.okur.com.co\/sitio\/#website"},"primaryImageOfPage":{"@id":"https:\/\/www.okur.com.co\/sitio\/producto\/tratamiento-para-cabello-danado\/#primaryimage"},"image":{"@id":"https:\/\/www.okur.com.co\/sitio\/producto\/tratamiento-para-cabello-danado\/#primaryimage"},"thumbnailUrl":"https:\/\/www.okur.com.co\/sitio\/wp-content\/uploads\/2021\/08\/Tratamiento-Capilar-Argan-okur.jpg","datePublished":"2021-08-17T23:12:34+00:00","dateModified":"2024-02-25T16:17:08+00:00","description":"El tratamiento de arg\u00e1n y miel es la soluci\u00f3n que necesitas para tu cabello da\u00f1ado. Restaura la vitalidad, hidrataci\u00f3n y brillo del cabello.","breadcrumb":{"@id":"https:\/\/www.okur.com.co\/sitio\/producto\/tratamiento-para-cabello-danado\/#breadcrumb"},"inLanguage":"es","potentialAction":[{"@type":"ReadAction","target":["https:\/\/www.okur.com.co\/sitio\/producto\/tratamiento-para-cabello-danado\/"]}]},{"@type":"ImageObject","inLanguage":"es","@id":"https:\/\/www.okur.com.co\/sitio\/producto\/tratamiento-para-cabello-danado\/#primaryimage","url":"https:\/\/www.okur.com.co\/sitio\/wp-content\/uploads\/2021\/08\/Tratamiento-Capilar-Argan-okur.jpg","contentUrl":"https:\/\/www.okur.com.co\/sitio\/wp-content\/uploads\/2021\/08\/Tratamiento-Capilar-Argan-okur.jpg","width":800,"height":800,"caption":"Cabello da\u00f1ado -Tratamiento Arg\u00e1n y Miel"},{"@type":"BreadcrumbList","@id":"https:\/\/www.okur.com.co\/sitio\/producto\/tratamiento-para-cabello-danado\/#breadcrumb","itemListElement":[{"@type":"ListItem","position":1,"name":"Portada","item":"https:\/\/www.okur.com.co\/sitio\/"},{"@type":"ListItem","position":2,"name":"Tienda","item":"https:\/\/www.okur.com.co\/sitio\/"},{"@type":"ListItem","position":3,"name":"Cabello Da\u00f1ado I Mascarilla Arg\u00e1n y Miel"}]},{"@type":"WebSite","@id":"https:\/\/www.okur.com.co\/sitio\/#website","url":"https:\/\/www.okur.com.co\/sitio\/","name":"Okur","description":"Tienda para el cuidado capilar de la familia","potentialAction":[{"@type":"SearchAction","target":{"@type":"EntryPoint","urlTemplate":"https:\/\/www.okur.com.co\/sitio\/?s={search_term_string}"},"query-input":{"@type":"PropertyValueSpecification","valueRequired":true,"valueName":"search_term_string"}}],"inLanguage":"es"}]}},"_links":{"self":[{"href":"https:\/\/www.okur.com.co\/sitio\/wp-json\/wp\/v2\/product\/460","targetHints":{"allow":["GET"]}}],"collection":[{"href":"https:\/\/www.okur.com.co\/sitio\/wp-json\/wp\/v2\/product"}],"about":[{"href":"https:\/\/www.okur.com.co\/sitio\/wp-json\/wp\/v2\/types\/product"}],"replies":[{"embeddable":true,"href":"https:\/\/www.okur.com.co\/sitio\/wp-json\/wp\/v2\/comments?post=460"}],"wp:featuredmedia":[{"embeddable":true,"href":"https:\/\/www.okur.com.co\/sitio\/wp-json\/wp\/v2\/media\/479"}],"wp:attachment":[{"href":"https:\/\/www.okur.com.co\/sitio\/wp-json\/wp\/v2\/media?parent=460"}],"wp:term":[{"taxonomy":"product_brand","embeddable":true,"href":"https:\/\/www.okur.com.co\/sitio\/wp-json\/wp\/v2\/product_brand?post=460"},{"taxonomy":"product_cat","embeddable":true,"href":"https:\/\/www.okur.com.co\/sitio\/wp-json\/wp\/v2\/product_cat?post=460"},{"taxonomy":"product_tag","embeddable":true,"href":"https:\/\/www.okur.com.co\/sitio\/wp-json\/wp\/v2\/product_tag?post=460"}],"curies":[{"name":"wp","href":"https:\/\/api.w.org\/{rel}","templated":true}]}}