{"id":459,"date":"2021-08-17T17:53:34","date_gmt":"2021-08-17T22:53:34","guid":{"rendered":"https:\/\/www.okur.com.co\/sitio\/?post_type=product&#038;p=459"},"modified":"2024-05-15T22:13:54","modified_gmt":"2024-05-16T03:13:54","slug":"caida-del-cabello","status":"publish","type":"product","link":"https:\/\/www.okur.com.co\/sitio\/producto\/caida-del-cabello\/","title":{"rendered":"Ca\u00edda del Cabello I T\u00f3nico Capilar"},"content":{"rendered":"<div class=\"flex-1 overflow-hidden\">\n<div class=\"react-scroll-to-bottom--css-nwgur-79elbk h-full\">\n<div class=\"react-scroll-to-bottom--css-nwgur-1n7m0yu\">\n<div class=\"flex flex-col pb-9 text-sm\">\n<div class=\"w-full text-token-text-primary\" data-testid=\"conversation-turn-89\">\n<div class=\"px-4 py-2 justify-center text-base md:gap-6 m-auto\">\n<div class=\"flex flex-1 text-base mx-auto gap-3 md:px-5 lg:px-1 xl:px-5 md:max-w-3xl lg:max-w-[40rem] xl:max-w-[48rem] group final-completion\">\n<div class=\"relative flex w-full flex-col agent-turn\">\n<div class=\"flex-col gap-1 md:gap-3\">\n<div class=\"flex flex-grow flex-col max-w-full\">\n<div class=\"min-h-[20px] text-message flex flex-col items-start gap-3 whitespace-pre-wrap break-words [.text-message+&amp;]:mt-5 overflow-x-auto\" data-message-author-role=\"assistant\" data-message-id=\"03809ff8-68dc-446e-b7f1-2e401489be1e\">\n<div class=\"markdown prose w-full break-words dark:prose-invert light\">\n<p>\u00bfPreocupado por la Ca\u00edda del Cabello? Nuestro producto es la soluci\u00f3n ideal para evitarla y prevenir enfermedades del cuero cabelludo, gracias a sus propiedades antioxidantes que benefician el fol\u00edculo piloso. Adem\u00e1s, su f\u00f3rmula cuenta con propiedades seborreguladoras y regenerativas que no solo mejoran la ca\u00edda del cabello, sino que tambi\u00e9n lo fortalecen desde la ra\u00edz.<\/p>\n<p>Enriquecido con tomillo, conocido por sus propiedades antimicrobianas, nuestro producto es especialmente efectivo para prevenir la calvicie, ya que contiene baicapil, un ingrediente especial que estimula el crecimiento del cabello y fortalece los fol\u00edculos capilares. Adem\u00e1s, el extracto de ginkgo biloba, compuesto principalmente por amino\u00e1cidos que intervienen en la formaci\u00f3n de fol\u00edculos pilosos, promueve el crecimiento del cabello y ayuda en su prevenci\u00f3n.<\/p>\n<p>Nuestra f\u00f3rmula tambi\u00e9n ofrece beneficios reparadores, estimulando la regeneraci\u00f3n del cabello da\u00f1ado, reestructurando las hebras secas y maltratadas, y proporcionando brillo y suavidad. Con nuestro producto, puedes mantener un cabello saludable y radiante en todo momento.<\/p>\n<\/div>\n<\/div>\n<\/div>\n<\/div>\n<\/div>\n<\/div>\n<\/div>\n<\/div>\n<\/div>\n<\/div>\n<\/div>\n<\/div>\n<div class=\"flex-1 overflow-hidden\">\n<div class=\"react-scroll-to-bottom--css-nwgur-79elbk h-full\">\n<div class=\"react-scroll-to-bottom--css-nwgur-1n7m0yu\">\n<div class=\"flex flex-col pb-9 text-sm\">\n<div class=\"w-full text-token-text-primary\" data-testid=\"conversation-turn-91\">\n<div class=\"px-4 py-2 justify-center text-base md:gap-6 m-auto\">\n<div class=\"flex flex-1 text-base mx-auto gap-3 md:px-5 lg:px-1 xl:px-5 md:max-w-3xl lg:max-w-[40rem] xl:max-w-[48rem] group final-completion\">\n<div class=\"relative flex w-full flex-col agent-turn\">\n<div class=\"flex-col gap-1 md:gap-3\">\n<div class=\"flex flex-grow flex-col max-w-full\">\n<div class=\"min-h-[20px] text-message flex flex-col items-start gap-3 whitespace-pre-wrap break-words [.text-message+&amp;]:mt-5 overflow-x-auto\" data-message-author-role=\"assistant\" data-message-id=\"b704927c-eb02-4df3-9a16-0878fe4e5f7d\">\n<div class=\"markdown prose w-full break-words dark:prose-invert light\">\n<p><strong>Modo de Uso<\/strong><\/p>\n<p>Para obtener resultados \u00f3ptimos, sigue estas simples instrucciones:<\/p>\n<ul>\n<li><strong>Uso Diario:<\/strong> Se recomienda utilizar diariamente, preferiblemente por la noche, con el cabello completamente seco.<\/li>\n<li><strong>Aplicaci\u00f3n Suave:<\/strong> Aplica el producto sobre el cuero cabelludo seco, masajeando suavemente con la yema de los dedos hasta cubrirlo por completo.<\/li>\n<li><strong>Dejar Actuar:<\/strong> Deja el producto aplicado durante la noche y enjuaga por la ma\u00f1ana. Para obtener resultados visibles, se recomienda un uso continuo durante al menos 2 meses.<\/li>\n<\/ul>\n<p>Este producto es apto para todo tipo de cabello y beneficia no solo al cuero cabelludo, sino tambi\u00e9n a las hebras, previniendo la caspa y la resequedad. Adem\u00e1s, proporciona una oxigenaci\u00f3n revitalizante y estimula la regeneraci\u00f3n del cabello da\u00f1ado.<\/p>\n<\/div>\n<\/div>\n<\/div>\n<div class=\"mt-1 flex justify-start gap-3 empty:hidden\"><\/div>\n<\/div>\n<\/div>\n<\/div>\n<\/div>\n<\/div>\n<\/div>\n<\/div>\n<\/div>\n<\/div>\n","protected":false},"excerpt":{"rendered":"<p>La Ca\u00edda del Cabello lo puedes evitar con nuestro T\u00f3nico Capilar Okur.<\/p>\n<p>Ayuda a prevenir la ca\u00edda del cabello en alopecias iniciales, al promover el crecimiento de cabellos m\u00e1s fuertes. Act\u00faa como un estimulante capilar, mejorando la estructura del cabello, su brillo y su textura. Regula el sebo que produce el pelo y, por ende, la grasa que se acumula en el mismo. Hidrata el cuero cabelludo seco y, en general, es un acondicionador natural, que aporta suavidad y brillo.<\/p>\n<p><strong>Ingredientes Adicionales<\/strong><\/p>\n<ul>\n<li>Palmito Salvaje: Estimula el crecimiento capilar.<\/li>\n<li>T\u00e9 Verde: Act\u00faa como antimicrobiano y antioxidante.<\/li>\n<li>Flor Capuchina: Ofrece propiedades sebo reguladoras y anticaspa para un cuero cabelludo saludable y equilibrado.<\/li>\n<\/ul>\n<p>Ayuda a prevenir la ca\u00edda del cabello en alopecias iniciales, al promover el crecimiento de cabellos m\u00e1s fuertes. Act\u00faa como un estimulante capilar, mejorando la estructura del cabello, su brillo y su textura. Regula el sebo que produce el pelo y, por ende, la grasa que se acumula en el mismo.<\/p>\n<p>Hidrata el cuero cabelludo seco y, en general, es un acondicionador natural, que aporta suavidad y brillo.<\/p>\n","protected":false},"featured_media":478,"comment_status":"open","ping_status":"closed","template":"","meta":{"_et_pb_use_builder":"","_et_pb_old_content":"","_et_gb_content_width":""},"product_brand":[],"product_cat":[35,34,19],"product_tag":[43,38,39],"class_list":{"0":"post-459","1":"product","2":"type-product","3":"status-publish","4":"has-post-thumbnail","6":"product_cat-debil","7":"product_cat-delgado","8":"product_cat-tonicos","9":"product_tag-caida","10":"product_tag-crecimientodelcabello","11":"product_tag-para-ayudar-a-el-cuero-cabelludo","13":"first","14":"instock","15":"shipping-taxable","16":"purchasable","17":"product-type-simple"},"yoast_head":"<!-- This site is optimized with the Yoast SEO plugin v26.9 - https:\/\/yoast.com\/product\/yoast-seo-wordpress\/ -->\n<title>Ca\u00edda del Cabello \ud83d\ude0d Como evitarlo<\/title>\n<meta name=\"description\" content=\"Ca\u00edda del Cabello, descubre nuestro T\u00f3nico Capilar, con ingredientes naturales, estimula el crecimiento del cabello y fortalece los fol\u00edculos capilares.\" \/>\n<meta name=\"robots\" content=\"index, follow, max-snippet:-1, max-image-preview:large, max-video-preview:-1\" \/>\n<link rel=\"canonical\" href=\"https:\/\/www.okur.com.co\/sitio\/producto\/caida-del-cabello\/\" \/>\n<meta property=\"og:locale\" content=\"es_ES\" \/>\n<meta property=\"og:type\" content=\"article\" \/>\n<meta property=\"og:title\" content=\"Ca\u00edda del Cabello \ud83d\ude0d Como evitarlo\" \/>\n<meta property=\"og:description\" content=\"Ca\u00edda del Cabello, descubre nuestro T\u00f3nico Capilar, con ingredientes naturales, estimula el crecimiento del cabello y fortalece los fol\u00edculos capilares.\" \/>\n<meta property=\"og:url\" content=\"https:\/\/www.okur.com.co\/sitio\/producto\/caida-del-cabello\/\" \/>\n<meta property=\"og:site_name\" content=\"Okur\" \/>\n<meta property=\"article:modified_time\" content=\"2024-05-16T03:13:54+00:00\" \/>\n<meta property=\"og:image\" content=\"https:\/\/www.okur.com.co\/sitio\/wp-content\/uploads\/2021\/08\/Tonico-Capilar-sin-sal-Okur.jpg\" \/>\n\t<meta property=\"og:image:width\" content=\"800\" \/>\n\t<meta property=\"og:image:height\" content=\"800\" \/>\n\t<meta property=\"og:image:type\" content=\"image\/jpeg\" \/>\n<meta name=\"twitter:card\" content=\"summary_large_image\" \/>\n<meta name=\"twitter:label1\" content=\"Tiempo de lectura\" \/>\n\t<meta name=\"twitter:data1\" content=\"2 minutos\" \/>\n<script type=\"application\/ld+json\" class=\"yoast-schema-graph\">{\"@context\":\"https:\/\/schema.org\",\"@graph\":[{\"@type\":\"WebPage\",\"@id\":\"https:\/\/www.okur.com.co\/sitio\/producto\/caida-del-cabello\/\",\"url\":\"https:\/\/www.okur.com.co\/sitio\/producto\/caida-del-cabello\/\",\"name\":\"Ca\u00edda del Cabello \ud83d\ude0d Como evitarlo\",\"isPartOf\":{\"@id\":\"https:\/\/www.okur.com.co\/sitio\/#website\"},\"primaryImageOfPage\":{\"@id\":\"https:\/\/www.okur.com.co\/sitio\/producto\/caida-del-cabello\/#primaryimage\"},\"image\":{\"@id\":\"https:\/\/www.okur.com.co\/sitio\/producto\/caida-del-cabello\/#primaryimage\"},\"thumbnailUrl\":\"https:\/\/www.okur.com.co\/sitio\/wp-content\/uploads\/2021\/08\/Tonico-Capilar-sin-sal-Okur.jpg\",\"datePublished\":\"2021-08-17T22:53:34+00:00\",\"dateModified\":\"2024-05-16T03:13:54+00:00\",\"description\":\"Ca\u00edda del Cabello, descubre nuestro T\u00f3nico Capilar, con ingredientes naturales, estimula el crecimiento del cabello y fortalece los fol\u00edculos capilares.\",\"breadcrumb\":{\"@id\":\"https:\/\/www.okur.com.co\/sitio\/producto\/caida-del-cabello\/#breadcrumb\"},\"inLanguage\":\"es\",\"potentialAction\":[{\"@type\":\"ReadAction\",\"target\":[\"https:\/\/www.okur.com.co\/sitio\/producto\/caida-del-cabello\/\"]}]},{\"@type\":\"ImageObject\",\"inLanguage\":\"es\",\"@id\":\"https:\/\/www.okur.com.co\/sitio\/producto\/caida-del-cabello\/#primaryimage\",\"url\":\"https:\/\/www.okur.com.co\/sitio\/wp-content\/uploads\/2021\/08\/Tonico-Capilar-sin-sal-Okur.jpg\",\"contentUrl\":\"https:\/\/www.okur.com.co\/sitio\/wp-content\/uploads\/2021\/08\/Tonico-Capilar-sin-sal-Okur.jpg\",\"width\":800,\"height\":800,\"caption\":\"Ca\u00edda del Cabello, ev\u00edtalo con el t\u00f3nico Okur\"},{\"@type\":\"BreadcrumbList\",\"@id\":\"https:\/\/www.okur.com.co\/sitio\/producto\/caida-del-cabello\/#breadcrumb\",\"itemListElement\":[{\"@type\":\"ListItem\",\"position\":1,\"name\":\"Portada\",\"item\":\"https:\/\/www.okur.com.co\/sitio\/\"},{\"@type\":\"ListItem\",\"position\":2,\"name\":\"Tienda\",\"item\":\"https:\/\/www.okur.com.co\/sitio\/\"},{\"@type\":\"ListItem\",\"position\":3,\"name\":\"Ca\u00edda del Cabello I T\u00f3nico Capilar\"}]},{\"@type\":\"WebSite\",\"@id\":\"https:\/\/www.okur.com.co\/sitio\/#website\",\"url\":\"https:\/\/www.okur.com.co\/sitio\/\",\"name\":\"Okur\",\"description\":\"Tienda para el cuidado capilar de la familia\",\"potentialAction\":[{\"@type\":\"SearchAction\",\"target\":{\"@type\":\"EntryPoint\",\"urlTemplate\":\"https:\/\/www.okur.com.co\/sitio\/?s={search_term_string}\"},\"query-input\":{\"@type\":\"PropertyValueSpecification\",\"valueRequired\":true,\"valueName\":\"search_term_string\"}}],\"inLanguage\":\"es\"}]}<\/script>\n<!-- \/ Yoast SEO plugin. -->","yoast_head_json":{"title":"Ca\u00edda del Cabello \ud83d\ude0d Como evitarlo","description":"Ca\u00edda del Cabello, descubre nuestro T\u00f3nico Capilar, con ingredientes naturales, estimula el crecimiento del cabello y fortalece los fol\u00edculos capilares.","robots":{"index":"index","follow":"follow","max-snippet":"max-snippet:-1","max-image-preview":"max-image-preview:large","max-video-preview":"max-video-preview:-1"},"canonical":"https:\/\/www.okur.com.co\/sitio\/producto\/caida-del-cabello\/","og_locale":"es_ES","og_type":"article","og_title":"Ca\u00edda del Cabello \ud83d\ude0d Como evitarlo","og_description":"Ca\u00edda del Cabello, descubre nuestro T\u00f3nico Capilar, con ingredientes naturales, estimula el crecimiento del cabello y fortalece los fol\u00edculos capilares.","og_url":"https:\/\/www.okur.com.co\/sitio\/producto\/caida-del-cabello\/","og_site_name":"Okur","article_modified_time":"2024-05-16T03:13:54+00:00","og_image":[{"width":800,"height":800,"url":"https:\/\/www.okur.com.co\/sitio\/wp-content\/uploads\/2021\/08\/Tonico-Capilar-sin-sal-Okur.jpg","type":"image\/jpeg"}],"twitter_card":"summary_large_image","twitter_misc":{"Tiempo de lectura":"2 minutos"},"schema":{"@context":"https:\/\/schema.org","@graph":[{"@type":"WebPage","@id":"https:\/\/www.okur.com.co\/sitio\/producto\/caida-del-cabello\/","url":"https:\/\/www.okur.com.co\/sitio\/producto\/caida-del-cabello\/","name":"Ca\u00edda del Cabello \ud83d\ude0d Como evitarlo","isPartOf":{"@id":"https:\/\/www.okur.com.co\/sitio\/#website"},"primaryImageOfPage":{"@id":"https:\/\/www.okur.com.co\/sitio\/producto\/caida-del-cabello\/#primaryimage"},"image":{"@id":"https:\/\/www.okur.com.co\/sitio\/producto\/caida-del-cabello\/#primaryimage"},"thumbnailUrl":"https:\/\/www.okur.com.co\/sitio\/wp-content\/uploads\/2021\/08\/Tonico-Capilar-sin-sal-Okur.jpg","datePublished":"2021-08-17T22:53:34+00:00","dateModified":"2024-05-16T03:13:54+00:00","description":"Ca\u00edda del Cabello, descubre nuestro T\u00f3nico Capilar, con ingredientes naturales, estimula el crecimiento del cabello y fortalece los fol\u00edculos capilares.","breadcrumb":{"@id":"https:\/\/www.okur.com.co\/sitio\/producto\/caida-del-cabello\/#breadcrumb"},"inLanguage":"es","potentialAction":[{"@type":"ReadAction","target":["https:\/\/www.okur.com.co\/sitio\/producto\/caida-del-cabello\/"]}]},{"@type":"ImageObject","inLanguage":"es","@id":"https:\/\/www.okur.com.co\/sitio\/producto\/caida-del-cabello\/#primaryimage","url":"https:\/\/www.okur.com.co\/sitio\/wp-content\/uploads\/2021\/08\/Tonico-Capilar-sin-sal-Okur.jpg","contentUrl":"https:\/\/www.okur.com.co\/sitio\/wp-content\/uploads\/2021\/08\/Tonico-Capilar-sin-sal-Okur.jpg","width":800,"height":800,"caption":"Ca\u00edda del Cabello, ev\u00edtalo con el t\u00f3nico Okur"},{"@type":"BreadcrumbList","@id":"https:\/\/www.okur.com.co\/sitio\/producto\/caida-del-cabello\/#breadcrumb","itemListElement":[{"@type":"ListItem","position":1,"name":"Portada","item":"https:\/\/www.okur.com.co\/sitio\/"},{"@type":"ListItem","position":2,"name":"Tienda","item":"https:\/\/www.okur.com.co\/sitio\/"},{"@type":"ListItem","position":3,"name":"Ca\u00edda del Cabello I T\u00f3nico Capilar"}]},{"@type":"WebSite","@id":"https:\/\/www.okur.com.co\/sitio\/#website","url":"https:\/\/www.okur.com.co\/sitio\/","name":"Okur","description":"Tienda para el cuidado capilar de la familia","potentialAction":[{"@type":"SearchAction","target":{"@type":"EntryPoint","urlTemplate":"https:\/\/www.okur.com.co\/sitio\/?s={search_term_string}"},"query-input":{"@type":"PropertyValueSpecification","valueRequired":true,"valueName":"search_term_string"}}],"inLanguage":"es"}]}},"_links":{"self":[{"href":"https:\/\/www.okur.com.co\/sitio\/wp-json\/wp\/v2\/product\/459","targetHints":{"allow":["GET"]}}],"collection":[{"href":"https:\/\/www.okur.com.co\/sitio\/wp-json\/wp\/v2\/product"}],"about":[{"href":"https:\/\/www.okur.com.co\/sitio\/wp-json\/wp\/v2\/types\/product"}],"replies":[{"embeddable":true,"href":"https:\/\/www.okur.com.co\/sitio\/wp-json\/wp\/v2\/comments?post=459"}],"wp:featuredmedia":[{"embeddable":true,"href":"https:\/\/www.okur.com.co\/sitio\/wp-json\/wp\/v2\/media\/478"}],"wp:attachment":[{"href":"https:\/\/www.okur.com.co\/sitio\/wp-json\/wp\/v2\/media?parent=459"}],"wp:term":[{"taxonomy":"product_brand","embeddable":true,"href":"https:\/\/www.okur.com.co\/sitio\/wp-json\/wp\/v2\/product_brand?post=459"},{"taxonomy":"product_cat","embeddable":true,"href":"https:\/\/www.okur.com.co\/sitio\/wp-json\/wp\/v2\/product_cat?post=459"},{"taxonomy":"product_tag","embeddable":true,"href":"https:\/\/www.okur.com.co\/sitio\/wp-json\/wp\/v2\/product_tag?post=459"}],"curies":[{"name":"wp","href":"https:\/\/api.w.org\/{rel}","templated":true}]}}