{"id":458,"date":"2021-08-17T18:00:06","date_gmt":"2021-08-17T23:00:06","guid":{"rendered":"https:\/\/www.okur.com.co\/sitio\/?post_type=product&#038;p=458"},"modified":"2024-08-19T22:55:31","modified_gmt":"2024-08-20T03:55:31","slug":"cabello-seco-deshidratado","status":"publish","type":"product","link":"https:\/\/www.okur.com.co\/sitio\/producto\/cabello-seco-deshidratado\/","title":{"rendered":"Cabello seco y Deshidratado | Acondicionador"},"content":{"rendered":"<h4><strong>Para que sirve<\/strong><\/h4>\n<p>\u00bfCabello Seco y Deshidratado? Nuestro Acondicionador reparador Okur,\u00a0 formulado con una selecci\u00f3n cuidadosa de ingredientes naturales, ofrece una soluci\u00f3n completa para una variedad de problemas capilares.<\/p>\n<p>Enriquecido con extracto de Aguacate, conocido por sus propiedades hidratantes y reparadoras, nuestro Acondicionador Reparador restaura la vitalidad y la suavidad de tu cabello, dej\u00e1ndolo radiante y sedoso. Recupera la humedad y combate la resequedad.<\/p>\n<p><a href=\"https:\/\/www.okur.com.co\/sitio\/producto\/kit-humectacion-etnica\/\">Desde el cabello seco y da\u00f1ado<\/a> hasta el cabello opaco y sin vida, nuestro acondicionador aborda una variedad de problemas capilares para devolverle a tu melena su salud y belleza natural. Con cada uso, sentir\u00e1s la diferencia, gracias a la poderosa combinaci\u00f3n de ingredientes naturales que nutren y fortalecen tu cabello desde la ra\u00edz hasta las puntas.<\/p>\n<p>\u00a1Dale a tu cabello el cuidado que se merece con nuestro Acondicionador Reparador de Okur y descubre una melena m\u00e1s fuerte, suave y radiante como nunca antes!<\/p>\n<p>&nbsp;<\/p>\n<h4><strong>Beneficios<\/strong><\/h4>\n<div class=\"flex-1 overflow-hidden\">\n<div class=\"react-scroll-to-bottom--css-nwgur-79elbk h-full\">\n<div class=\"react-scroll-to-bottom--css-nwgur-1n7m0yu\">\n<div class=\"flex flex-col pb-9 text-sm\">\n<div class=\"w-full text-token-text-primary\" data-testid=\"conversation-turn-65\">\n<div class=\"px-4 py-2 justify-center text-base md:gap-6 m-auto\">\n<div class=\"flex flex-1 text-base mx-auto gap-3 md:px-5 lg:px-1 xl:px-5 md:max-w-3xl lg:max-w-[40rem] xl:max-w-[48rem] group final-completion\">\n<div class=\"relative flex w-full flex-col agent-turn\">\n<div class=\"flex-col gap-1 md:gap-3\">\n<div class=\"flex flex-grow flex-col max-w-full\">\n<div class=\"min-h-[20px] text-message flex flex-col items-start gap-3 whitespace-pre-wrap break-words [.text-message+&amp;]:mt-5 overflow-x-auto\" data-message-author-role=\"assistant\" data-message-id=\"d3ecccd0-fc61-4471-b5d6-e4e9ababa496\">\n<div class=\"markdown prose w-full break-words dark:prose-invert light\">\n<p>El extracto natural de aguacate no solo rehidrata la hebra capilar, sino que tambi\u00e9n combate la sequedad provocada por el uso frecuente de herramientas t\u00e9rmicas como la plancha y el secador, as\u00ed como por tratamientos qu\u00edmicos. Adem\u00e1s, fortalece las fibras de queratina y los fol\u00edculos pilosos, reduciendo as\u00ed la ca\u00edda excesiva del cabello.<\/p>\n<p>Con propiedades emolientes excepcionales, el aguacate act\u00faa como un acondicionador natural, aportando suavidad y brillo al cabello. Su capacidad para reparar el cabello seco y opaco, as\u00ed como para hidratar y humectar cada hebra, lo convierte en un aliado indispensable para mantener un cabello saludable y radiante. Adem\u00e1s, gracias a sus ricos aceites vegetales, el aguacate ayuda a prevenir el encrespamiento, dejando el cabello suave y manejable en todo momento.<\/p>\n<p>&nbsp;<\/p>\n<\/div>\n<\/div>\n<\/div>\n<\/div>\n<\/div>\n<\/div>\n<\/div>\n<\/div>\n<\/div>\n<\/div>\n<\/div>\n<\/div>\n<h4><strong>Instrucciones de Uso<\/strong><\/h4>\n<p>Aplica el producto sobre el cabello h\u00famedo despu\u00e9s de lavarlo con el shampoo Okur. Masajea suavemente el producto con la yema de los dedos, asegur\u00e1ndote de cubrir todo el cabello para obtener una textura suave y un brillo excepcional. Puedes dejarlo actuar de 2 a 5 minutos para obtener mejores resultados.<\/p>\n","protected":false},"excerpt":{"rendered":"<p>Cuando se trata del cuidado del cabello, comprender\u00a0<strong>la diferencia<\/strong>\u00a0entre\u00a0<strong>cabello seco<\/strong>\u00a0y\u00a0<strong>deshidratado\u00a0<\/strong>es crucial. Aunque estos t\u00e9rminos suelen utilizarse indistintamente, tienen\u00a0<strong>caracter\u00edsticas distintas\u00a0<\/strong>y requieren\u00a0<strong>enfoques\u00a0<\/strong>de\u00a0<strong>tratamiento diferentes<\/strong>.<\/p>\n<p><a href=\"https:\/\/www.okur.com.co\/sitio\/producto\/kit-humectacion-etnica\/\">Cabello Seco y Deshidratado<\/a>, Con nuestro Acondicionador Reparador Okur, encontrar\u00e1s la soluci\u00f3n que tanto necesitas para tu cabello deshidratado. Infundido con ingredientes naturales del extracto de aguacate, este acondicionador revitaliza y fortalece tu cabello, devolvi\u00e9ndole su suavidad y brillo natural. \u00a1Dale a tu cabello el cuidado reparador que se merece y disfruta de una melena radiante y saludable en cada aplicaci\u00f3n!<\/p>\n<p>Adem\u00e1s de restaurar la vitalidad de tu cabello seco y deshidratado, nuestro acondicionador tambi\u00e9n ofrece una serie de beneficios adicionales. Desde la restauraci\u00f3n del cuero cabelludo hasta la prevenci\u00f3n de la caspa, pasando por la reparaci\u00f3n de la sequedad capilar y el est\u00edmulo de la producci\u00f3n de col\u00e1geno en tus hebras, cada uso promete una mejora notable en la salud y apariencia de tu cabello.<\/p>\n<p>Experimenta la diferencia con nuestro Acondicionador Reparador Okur. \u00a1A\u00f1ade brillo y suavidad, reduce la electricidad est\u00e1tica y el encrespamiento, y disfruta de un cabello m\u00e1s manejable y fresco con cada aplicaci\u00f3n!<\/p>\n","protected":false},"featured_media":482,"comment_status":"open","ping_status":"closed","template":"","meta":{"_et_pb_use_builder":"off","_et_pb_old_content":"BENEFICIOS\r\n\r\nAguacate: Entre sus propiedades m\u00e1s relevantes destacan que restituye \u00e9l\r\ncuero cabelludo, evita la aparici\u00f3n de caspa, repara la resequedad capilar y\r\nfavorece a la producci\u00f3n de col\u00e1geno en tus hebras.\r\nContribuye a dar brillo y sensaci\u00f3n de cabello suave y sedoso. Reduce la\r\nelectricidad est\u00e1tica y el cabello alborotado.\r\nAporta un buen deslizamiento y buena lubricidad al cabello.\r\n\r\nExcelente\u00a0efecto acondicionador del cabello, generando reparaci\u00f3n,\r\nmejorando la flexibilidad de la fibra dando sensaci\u00f3n de frescura.\r\nMantequilla Es hidratante, mejora la textura, protector\r\nt\u00e9rmico, suavizante, acondicionante.\r\n\r\nMODO DE EMPLEO\r\n\r\nD\u00eda por medio o de acuerdo a los requerimientos del usuario.\r\nAplique sobre el cabello h\u00famedo despu\u00e9s juagar el shampoo, debe hacer\r\nun masaje suave con la yema de los dedos, hasta obtener una textura en su\r\ncabello m\u00e1s suave y con excelente brillo.\r\nPuede dej\u00e1rselo aplicado m\u00e1s o menos de 2 a 5 minutos.","_et_gb_content_width":""},"product_brand":[],"product_cat":[23,33,31],"product_tag":[41,37],"class_list":{"0":"post-458","1":"product","2":"type-product","3":"status-publish","4":"has-post-thumbnail","6":"product_cat-acondicionador","7":"product_cat-frizz","8":"product_cat-seco","9":"product_tag-acondicionador-reparador","10":"product_tag-falta-brillo","12":"first","13":"instock","14":"shipping-taxable","15":"purchasable","16":"product-type-simple"},"yoast_head":"<!-- This site is optimized with the Yoast SEO plugin v26.9 - https:\/\/yoast.com\/product\/yoast-seo-wordpress\/ -->\n<title>Cabello seco y Deshidratado \ud83e\udd51 Acondicionador Reparador Okur<\/title>\n<meta name=\"description\" content=\"Transforma tu cabello seco y deshidratado con Acondicionador Reparador que contiene extracto de Aguacate \ud83e\udd51 que revitaliza y fortalece.\" \/>\n<meta name=\"robots\" content=\"index, follow, max-snippet:-1, max-image-preview:large, max-video-preview:-1\" \/>\n<link rel=\"canonical\" href=\"https:\/\/www.okur.com.co\/sitio\/producto\/cabello-seco-deshidratado\/\" \/>\n<meta property=\"og:locale\" content=\"es_ES\" \/>\n<meta property=\"og:type\" content=\"article\" \/>\n<meta property=\"og:title\" content=\"Cabello seco y Deshidratado \ud83e\udd51 Acondicionador Reparador Okur\" \/>\n<meta property=\"og:description\" content=\"Transforma tu cabello seco y deshidratado con Acondicionador Reparador que contiene extracto de Aguacate \ud83e\udd51 que revitaliza y fortalece.\" \/>\n<meta property=\"og:url\" content=\"https:\/\/www.okur.com.co\/sitio\/producto\/cabello-seco-deshidratado\/\" \/>\n<meta property=\"og:site_name\" content=\"Okur\" \/>\n<meta property=\"article:modified_time\" content=\"2024-08-20T03:55:31+00:00\" \/>\n<meta property=\"og:image\" content=\"https:\/\/www.okur.com.co\/sitio\/wp-content\/uploads\/2021\/08\/Acondicionador-sin-sal-Okur.jpg\" \/>\n\t<meta property=\"og:image:width\" content=\"800\" \/>\n\t<meta property=\"og:image:height\" content=\"800\" \/>\n\t<meta property=\"og:image:type\" content=\"image\/jpeg\" \/>\n<meta name=\"twitter:card\" content=\"summary_large_image\" \/>\n<meta name=\"twitter:label1\" content=\"Tiempo de lectura\" \/>\n\t<meta name=\"twitter:data1\" content=\"2 minutos\" \/>\n<script type=\"application\/ld+json\" class=\"yoast-schema-graph\">{\"@context\":\"https:\/\/schema.org\",\"@graph\":[{\"@type\":\"WebPage\",\"@id\":\"https:\/\/www.okur.com.co\/sitio\/producto\/cabello-seco-deshidratado\/\",\"url\":\"https:\/\/www.okur.com.co\/sitio\/producto\/cabello-seco-deshidratado\/\",\"name\":\"Cabello seco y Deshidratado \ud83e\udd51 Acondicionador Reparador Okur\",\"isPartOf\":{\"@id\":\"https:\/\/www.okur.com.co\/sitio\/#website\"},\"primaryImageOfPage\":{\"@id\":\"https:\/\/www.okur.com.co\/sitio\/producto\/cabello-seco-deshidratado\/#primaryimage\"},\"image\":{\"@id\":\"https:\/\/www.okur.com.co\/sitio\/producto\/cabello-seco-deshidratado\/#primaryimage\"},\"thumbnailUrl\":\"https:\/\/www.okur.com.co\/sitio\/wp-content\/uploads\/2021\/08\/Acondicionador-sin-sal-Okur.jpg\",\"datePublished\":\"2021-08-17T23:00:06+00:00\",\"dateModified\":\"2024-08-20T03:55:31+00:00\",\"description\":\"Transforma tu cabello seco y deshidratado con Acondicionador Reparador que contiene extracto de Aguacate \ud83e\udd51 que revitaliza y fortalece.\",\"breadcrumb\":{\"@id\":\"https:\/\/www.okur.com.co\/sitio\/producto\/cabello-seco-deshidratado\/#breadcrumb\"},\"inLanguage\":\"es\",\"potentialAction\":[{\"@type\":\"ReadAction\",\"target\":[\"https:\/\/www.okur.com.co\/sitio\/producto\/cabello-seco-deshidratado\/\"]}]},{\"@type\":\"ImageObject\",\"inLanguage\":\"es\",\"@id\":\"https:\/\/www.okur.com.co\/sitio\/producto\/cabello-seco-deshidratado\/#primaryimage\",\"url\":\"https:\/\/www.okur.com.co\/sitio\/wp-content\/uploads\/2021\/08\/Acondicionador-sin-sal-Okur.jpg\",\"contentUrl\":\"https:\/\/www.okur.com.co\/sitio\/wp-content\/uploads\/2021\/08\/Acondicionador-sin-sal-Okur.jpg\",\"width\":800,\"height\":800,\"caption\":\"Cabello seco y deshidratado Acondicionador Reparador Okur\"},{\"@type\":\"BreadcrumbList\",\"@id\":\"https:\/\/www.okur.com.co\/sitio\/producto\/cabello-seco-deshidratado\/#breadcrumb\",\"itemListElement\":[{\"@type\":\"ListItem\",\"position\":1,\"name\":\"Portada\",\"item\":\"https:\/\/www.okur.com.co\/sitio\/\"},{\"@type\":\"ListItem\",\"position\":2,\"name\":\"Tienda\",\"item\":\"https:\/\/www.okur.com.co\/sitio\/\"},{\"@type\":\"ListItem\",\"position\":3,\"name\":\"Cabello seco y Deshidratado | Acondicionador\"}]},{\"@type\":\"WebSite\",\"@id\":\"https:\/\/www.okur.com.co\/sitio\/#website\",\"url\":\"https:\/\/www.okur.com.co\/sitio\/\",\"name\":\"Okur\",\"description\":\"Tienda para el cuidado capilar de la familia\",\"potentialAction\":[{\"@type\":\"SearchAction\",\"target\":{\"@type\":\"EntryPoint\",\"urlTemplate\":\"https:\/\/www.okur.com.co\/sitio\/?s={search_term_string}\"},\"query-input\":{\"@type\":\"PropertyValueSpecification\",\"valueRequired\":true,\"valueName\":\"search_term_string\"}}],\"inLanguage\":\"es\"}]}<\/script>\n<!-- \/ Yoast SEO plugin. -->","yoast_head_json":{"title":"Cabello seco y Deshidratado \ud83e\udd51 Acondicionador Reparador Okur","description":"Transforma tu cabello seco y deshidratado con Acondicionador Reparador que contiene extracto de Aguacate \ud83e\udd51 que revitaliza y fortalece.","robots":{"index":"index","follow":"follow","max-snippet":"max-snippet:-1","max-image-preview":"max-image-preview:large","max-video-preview":"max-video-preview:-1"},"canonical":"https:\/\/www.okur.com.co\/sitio\/producto\/cabello-seco-deshidratado\/","og_locale":"es_ES","og_type":"article","og_title":"Cabello seco y Deshidratado \ud83e\udd51 Acondicionador Reparador Okur","og_description":"Transforma tu cabello seco y deshidratado con Acondicionador Reparador que contiene extracto de Aguacate \ud83e\udd51 que revitaliza y fortalece.","og_url":"https:\/\/www.okur.com.co\/sitio\/producto\/cabello-seco-deshidratado\/","og_site_name":"Okur","article_modified_time":"2024-08-20T03:55:31+00:00","og_image":[{"width":800,"height":800,"url":"https:\/\/www.okur.com.co\/sitio\/wp-content\/uploads\/2021\/08\/Acondicionador-sin-sal-Okur.jpg","type":"image\/jpeg"}],"twitter_card":"summary_large_image","twitter_misc":{"Tiempo de lectura":"2 minutos"},"schema":{"@context":"https:\/\/schema.org","@graph":[{"@type":"WebPage","@id":"https:\/\/www.okur.com.co\/sitio\/producto\/cabello-seco-deshidratado\/","url":"https:\/\/www.okur.com.co\/sitio\/producto\/cabello-seco-deshidratado\/","name":"Cabello seco y Deshidratado \ud83e\udd51 Acondicionador Reparador Okur","isPartOf":{"@id":"https:\/\/www.okur.com.co\/sitio\/#website"},"primaryImageOfPage":{"@id":"https:\/\/www.okur.com.co\/sitio\/producto\/cabello-seco-deshidratado\/#primaryimage"},"image":{"@id":"https:\/\/www.okur.com.co\/sitio\/producto\/cabello-seco-deshidratado\/#primaryimage"},"thumbnailUrl":"https:\/\/www.okur.com.co\/sitio\/wp-content\/uploads\/2021\/08\/Acondicionador-sin-sal-Okur.jpg","datePublished":"2021-08-17T23:00:06+00:00","dateModified":"2024-08-20T03:55:31+00:00","description":"Transforma tu cabello seco y deshidratado con Acondicionador Reparador que contiene extracto de Aguacate \ud83e\udd51 que revitaliza y fortalece.","breadcrumb":{"@id":"https:\/\/www.okur.com.co\/sitio\/producto\/cabello-seco-deshidratado\/#breadcrumb"},"inLanguage":"es","potentialAction":[{"@type":"ReadAction","target":["https:\/\/www.okur.com.co\/sitio\/producto\/cabello-seco-deshidratado\/"]}]},{"@type":"ImageObject","inLanguage":"es","@id":"https:\/\/www.okur.com.co\/sitio\/producto\/cabello-seco-deshidratado\/#primaryimage","url":"https:\/\/www.okur.com.co\/sitio\/wp-content\/uploads\/2021\/08\/Acondicionador-sin-sal-Okur.jpg","contentUrl":"https:\/\/www.okur.com.co\/sitio\/wp-content\/uploads\/2021\/08\/Acondicionador-sin-sal-Okur.jpg","width":800,"height":800,"caption":"Cabello seco y deshidratado Acondicionador Reparador Okur"},{"@type":"BreadcrumbList","@id":"https:\/\/www.okur.com.co\/sitio\/producto\/cabello-seco-deshidratado\/#breadcrumb","itemListElement":[{"@type":"ListItem","position":1,"name":"Portada","item":"https:\/\/www.okur.com.co\/sitio\/"},{"@type":"ListItem","position":2,"name":"Tienda","item":"https:\/\/www.okur.com.co\/sitio\/"},{"@type":"ListItem","position":3,"name":"Cabello seco y Deshidratado | Acondicionador"}]},{"@type":"WebSite","@id":"https:\/\/www.okur.com.co\/sitio\/#website","url":"https:\/\/www.okur.com.co\/sitio\/","name":"Okur","description":"Tienda para el cuidado capilar de la familia","potentialAction":[{"@type":"SearchAction","target":{"@type":"EntryPoint","urlTemplate":"https:\/\/www.okur.com.co\/sitio\/?s={search_term_string}"},"query-input":{"@type":"PropertyValueSpecification","valueRequired":true,"valueName":"search_term_string"}}],"inLanguage":"es"}]}},"_links":{"self":[{"href":"https:\/\/www.okur.com.co\/sitio\/wp-json\/wp\/v2\/product\/458","targetHints":{"allow":["GET"]}}],"collection":[{"href":"https:\/\/www.okur.com.co\/sitio\/wp-json\/wp\/v2\/product"}],"about":[{"href":"https:\/\/www.okur.com.co\/sitio\/wp-json\/wp\/v2\/types\/product"}],"replies":[{"embeddable":true,"href":"https:\/\/www.okur.com.co\/sitio\/wp-json\/wp\/v2\/comments?post=458"}],"wp:featuredmedia":[{"embeddable":true,"href":"https:\/\/www.okur.com.co\/sitio\/wp-json\/wp\/v2\/media\/482"}],"wp:attachment":[{"href":"https:\/\/www.okur.com.co\/sitio\/wp-json\/wp\/v2\/media?parent=458"}],"wp:term":[{"taxonomy":"product_brand","embeddable":true,"href":"https:\/\/www.okur.com.co\/sitio\/wp-json\/wp\/v2\/product_brand?post=458"},{"taxonomy":"product_cat","embeddable":true,"href":"https:\/\/www.okur.com.co\/sitio\/wp-json\/wp\/v2\/product_cat?post=458"},{"taxonomy":"product_tag","embeddable":true,"href":"https:\/\/www.okur.com.co\/sitio\/wp-json\/wp\/v2\/product_tag?post=458"}],"curies":[{"name":"wp","href":"https:\/\/api.w.org\/{rel}","templated":true}]}}