{"id":457,"date":"2021-08-17T17:45:20","date_gmt":"2021-08-17T22:45:20","guid":{"rendered":"https:\/\/www.okur.com.co\/sitio\/?post_type=product&#038;p=457"},"modified":"2024-02-24T16:15:43","modified_gmt":"2024-02-24T21:15:43","slug":"cabello-danado","status":"publish","type":"product","link":"https:\/\/www.okur.com.co\/sitio\/producto\/cabello-danado\/","title":{"rendered":"Cabello Da\u00f1ado &#8211; Ayuda al crecimiento"},"content":{"rendered":"<p><strong>Control del Frizz y Cabello Alborotado:<\/strong> Nuestra f\u00f3rmula reduce eficazmente la electricidad est\u00e1tica y doma el cabello alborotado, proporcionando un aspecto m\u00e1s pulido y manejable.<\/p>\n<p><strong>Suavidad y Flexibilidad Mejoradas:<\/strong> Enriquecido con ingredientes naturales, nuestro producto aumenta la suavidad del cabello y mejora la flexibilidad de la fibra capilar. Esto permite un deslizamiento suave de los dedos o peines, aportando energ\u00eda y vitalidad a tu melena.<\/p>\n<p><strong>Reconstituci\u00f3n y Regeneraci\u00f3n Capilar:<\/strong> La inclusi\u00f3n del extracto de ginkgo biloba revitaliza y estimula el crecimiento del cabello, ayudando a reconstituir la fibra capilar desde la ra\u00edz hasta las puntas.<\/p>\n<p><strong>Hidrataci\u00f3n Profunda y Nutrici\u00f3n Intensa:<\/strong> Los amino\u00e1cidos presentes en la leche de cabra act\u00faan como hidratantes y nutritivos para el cabello. Adem\u00e1s, su acci\u00f3n acondicionadora repara profundamente los cabellos tinturados y qu\u00edmicamente tratados, restaurando su fuerza y flexibilidad natural.<\/p>\n<p><strong>Efecto Saludable y Brillante:<\/strong> Al recuperar la salud y la vitalidad del cabello, nuestra f\u00f3rmula proporciona un efecto saludable y brillante, dejando tu melena radiante y llena de vida.<\/p>\n<p>Con nuestra combinaci\u00f3n \u00fanica de ingredientes, tu cabello experimentar\u00e1 una transformaci\u00f3n completa, recuperando su belleza natural y su brillo saludable.<\/p>\n<h4><strong>Instrucciones de Uso<\/strong><\/h4>\n<p>D\u00eda por medio o de acuerdo a los requerimientos del usuario. Aplique sobre el cabello h\u00famedo de medios a puntas, masajeando suavemente, puede usarse como crema de peinar. Se puede dejar aplicado.<\/p>\n<p>Para mejor resultado aplique en las noches una buena cantidad y masajeando, combinado con el T\u00f3nico Capilar Okur, lo deja hasta el otro d\u00eda.<\/p>\n","protected":false},"excerpt":{"rendered":"<p>Cabello da\u00f1ado, ayuda al crecimiento, El extracto de ginkgo biloba estimula la circulaci\u00f3n sangu\u00ednea en el cuero cabelludo, fomentando el crecimiento de nuevos cabellos. Adem\u00e1s, fortalece los fol\u00edculos capilares, resultando en un cabello m\u00e1s resistente y menos propenso a la ca\u00edda.<\/p>\n<p>Gracias a sus propiedades regeneradoras, el ginkgo biloba ayuda a prevenir la resequedad tanto del cuero cabelludo como del cabello, lo que reduce significativamente el quiebre. Adem\u00e1s, previene el envejecimiento prematuro del cabello y el agrietamiento del cuero cabelludo, manteniendo los fol\u00edculos pilosos perfectamente hidratados y nutridos.<\/p>\n<div class=\"flex-1 overflow-hidden\">\n<div class=\"react-scroll-to-bottom--css-nwgur-79elbk h-full\">\n<div class=\"react-scroll-to-bottom--css-nwgur-1n7m0yu\">\n<div class=\"flex flex-col pb-9 text-sm\">\n<div class=\"w-full text-token-text-primary\" data-testid=\"conversation-turn-105\">\n<div class=\"px-4 py-2 justify-center text-base md:gap-6 m-auto\">\n<div class=\"flex flex-1 text-base mx-auto gap-3 md:px-5 lg:px-1 xl:px-5 md:max-w-3xl lg:max-w-[40rem] xl:max-w-[48rem] group final-completion\">\n<div class=\"relative flex w-full flex-col agent-turn\">\n<div class=\"flex-col gap-1 md:gap-3\">\n<div class=\"flex flex-grow flex-col max-w-full\">\n<div class=\"min-h-[20px] text-message flex flex-col items-start gap-3 whitespace-pre-wrap break-words [.text-message+&amp;]:mt-5 overflow-x-auto\" data-message-author-role=\"assistant\" data-message-id=\"acb57f50-3574-4ea6-b0ae-3d0d2721ea43\">\n<div class=\"markdown prose w-full break-words dark:prose-invert light\">\n<p>La leche de cabra es un tesoro de la naturaleza para el cabello. Rica en vitaminas, minerales y \u00e1cidos grasos esenciales, esta leche ofrece una hidrataci\u00f3n profunda y una nutrici\u00f3n intensa al cuero cabelludo y las hebras capilares.<\/p>\n<p>Sus prote\u00ednas y l\u00edpidos proporcionan una hidrataci\u00f3n duradera, dejando el cabello suave, sedoso y manejable. Adem\u00e1s, sus propiedades acondicionadoras ayudan a reparar los da\u00f1os causados por el calor, la coloraci\u00f3n y otros tratamientos qu\u00edmicos, restaurando la salud y el brillo natural del cabello.<\/p>\n<p>La leche de cabra tambi\u00e9n es conocida por sus cualidades calmantes y antiinflamatorias, lo que la hace ideal para calmar el cuero cabelludo sensible y combatir problemas como la picaz\u00f3n y la caspa.<\/p>\n<p>En resumen, la leche de cabra es un ingrediente vers\u00e1til y efectivo que promueve la salud y la belleza del cabello, dej\u00e1ndolo fuerte, radiante y revitalizado.<\/p>\n<\/div>\n<\/div>\n<\/div>\n<\/div>\n<\/div>\n<\/div>\n<\/div>\n<\/div>\n<\/div>\n<\/div>\n<\/div>\n<\/div>\n<p>&nbsp;<\/p>\n","protected":false},"featured_media":473,"comment_status":"open","ping_status":"closed","template":"","meta":{"_et_pb_use_builder":"","_et_pb_old_content":"","_et_gb_content_width":""},"product_brand":[],"product_cat":[35,34,31,18],"product_tag":[41,46,43,38,39],"class_list":{"0":"post-457","1":"product","2":"type-product","3":"status-publish","4":"has-post-thumbnail","6":"product_cat-debil","7":"product_cat-delgado","8":"product_cat-seco","9":"product_cat-tratamientos","10":"product_tag-acondicionador-reparador","11":"product_tag-ayuda-al-crecimiento","12":"product_tag-caida","13":"product_tag-crecimientodelcabello","14":"product_tag-para-ayudar-a-el-cuero-cabelludo","16":"first","17":"instock","18":"shipping-taxable","19":"purchasable","20":"product-type-simple"},"yoast_head":"<!-- This site is optimized with the Yoast SEO plugin v26.9 - https:\/\/yoast.com\/product\/yoast-seo-wordpress\/ -->\n<title>Cabello Da\u00f1ado \ud83d\udc10 Ayuda al Crecimiento<\/title>\n<meta name=\"description\" content=\"Descubre c\u00f3mo el extracto de ginkgo biloba y la leche de cabra estimulan el crecimiento y fortalecen los fol\u00edculos capilares, reduciendo la ca\u00edda.\" \/>\n<meta name=\"robots\" content=\"index, follow, max-snippet:-1, max-image-preview:large, max-video-preview:-1\" \/>\n<link rel=\"canonical\" href=\"https:\/\/www.okur.com.co\/sitio\/producto\/cabello-danado\/\" \/>\n<meta property=\"og:locale\" content=\"es_ES\" \/>\n<meta property=\"og:type\" content=\"article\" \/>\n<meta property=\"og:title\" content=\"Cabello Da\u00f1ado \ud83d\udc10 Ayuda al Crecimiento\" \/>\n<meta property=\"og:description\" content=\"Descubre c\u00f3mo el extracto de ginkgo biloba y la leche de cabra estimulan el crecimiento y fortalecen los fol\u00edculos capilares, reduciendo la ca\u00edda.\" \/>\n<meta property=\"og:url\" content=\"https:\/\/www.okur.com.co\/sitio\/producto\/cabello-danado\/\" \/>\n<meta property=\"og:site_name\" content=\"Okur\" \/>\n<meta property=\"article:modified_time\" content=\"2024-02-24T21:15:43+00:00\" \/>\n<meta property=\"og:image\" content=\"https:\/\/www.okur.com.co\/sitio\/wp-content\/uploads\/2021\/08\/Regenerador-capilar-sin-sal-Okur.jpg\" \/>\n\t<meta property=\"og:image:width\" content=\"800\" \/>\n\t<meta property=\"og:image:height\" content=\"800\" \/>\n\t<meta property=\"og:image:type\" content=\"image\/jpeg\" \/>\n<meta name=\"twitter:card\" content=\"summary_large_image\" \/>\n<meta name=\"twitter:label1\" content=\"Tiempo de lectura\" \/>\n\t<meta name=\"twitter:data1\" content=\"2 minutos\" \/>\n<script type=\"application\/ld+json\" class=\"yoast-schema-graph\">{\"@context\":\"https:\/\/schema.org\",\"@graph\":[{\"@type\":\"WebPage\",\"@id\":\"https:\/\/www.okur.com.co\/sitio\/producto\/cabello-danado\/\",\"url\":\"https:\/\/www.okur.com.co\/sitio\/producto\/cabello-danado\/\",\"name\":\"Cabello Da\u00f1ado \ud83d\udc10 Ayuda al Crecimiento\",\"isPartOf\":{\"@id\":\"https:\/\/www.okur.com.co\/sitio\/#website\"},\"primaryImageOfPage\":{\"@id\":\"https:\/\/www.okur.com.co\/sitio\/producto\/cabello-danado\/#primaryimage\"},\"image\":{\"@id\":\"https:\/\/www.okur.com.co\/sitio\/producto\/cabello-danado\/#primaryimage\"},\"thumbnailUrl\":\"https:\/\/www.okur.com.co\/sitio\/wp-content\/uploads\/2021\/08\/Regenerador-capilar-sin-sal-Okur.jpg\",\"datePublished\":\"2021-08-17T22:45:20+00:00\",\"dateModified\":\"2024-02-24T21:15:43+00:00\",\"description\":\"Descubre c\u00f3mo el extracto de ginkgo biloba y la leche de cabra estimulan el crecimiento y fortalecen los fol\u00edculos capilares, reduciendo la ca\u00edda.\",\"breadcrumb\":{\"@id\":\"https:\/\/www.okur.com.co\/sitio\/producto\/cabello-danado\/#breadcrumb\"},\"inLanguage\":\"es\",\"potentialAction\":[{\"@type\":\"ReadAction\",\"target\":[\"https:\/\/www.okur.com.co\/sitio\/producto\/cabello-danado\/\"]}]},{\"@type\":\"ImageObject\",\"inLanguage\":\"es\",\"@id\":\"https:\/\/www.okur.com.co\/sitio\/producto\/cabello-danado\/#primaryimage\",\"url\":\"https:\/\/www.okur.com.co\/sitio\/wp-content\/uploads\/2021\/08\/Regenerador-capilar-sin-sal-Okur.jpg\",\"contentUrl\":\"https:\/\/www.okur.com.co\/sitio\/wp-content\/uploads\/2021\/08\/Regenerador-capilar-sin-sal-Okur.jpg\",\"width\":800,\"height\":800},{\"@type\":\"BreadcrumbList\",\"@id\":\"https:\/\/www.okur.com.co\/sitio\/producto\/cabello-danado\/#breadcrumb\",\"itemListElement\":[{\"@type\":\"ListItem\",\"position\":1,\"name\":\"Portada\",\"item\":\"https:\/\/www.okur.com.co\/sitio\/\"},{\"@type\":\"ListItem\",\"position\":2,\"name\":\"Tienda\",\"item\":\"https:\/\/www.okur.com.co\/sitio\/\"},{\"@type\":\"ListItem\",\"position\":3,\"name\":\"Cabello Da\u00f1ado &#8211; Ayuda al crecimiento\"}]},{\"@type\":\"WebSite\",\"@id\":\"https:\/\/www.okur.com.co\/sitio\/#website\",\"url\":\"https:\/\/www.okur.com.co\/sitio\/\",\"name\":\"Okur\",\"description\":\"Tienda para el cuidado capilar de la familia\",\"potentialAction\":[{\"@type\":\"SearchAction\",\"target\":{\"@type\":\"EntryPoint\",\"urlTemplate\":\"https:\/\/www.okur.com.co\/sitio\/?s={search_term_string}\"},\"query-input\":{\"@type\":\"PropertyValueSpecification\",\"valueRequired\":true,\"valueName\":\"search_term_string\"}}],\"inLanguage\":\"es\"}]}<\/script>\n<!-- \/ Yoast SEO plugin. -->","yoast_head_json":{"title":"Cabello Da\u00f1ado \ud83d\udc10 Ayuda al Crecimiento","description":"Descubre c\u00f3mo el extracto de ginkgo biloba y la leche de cabra estimulan el crecimiento y fortalecen los fol\u00edculos capilares, reduciendo la ca\u00edda.","robots":{"index":"index","follow":"follow","max-snippet":"max-snippet:-1","max-image-preview":"max-image-preview:large","max-video-preview":"max-video-preview:-1"},"canonical":"https:\/\/www.okur.com.co\/sitio\/producto\/cabello-danado\/","og_locale":"es_ES","og_type":"article","og_title":"Cabello Da\u00f1ado \ud83d\udc10 Ayuda al Crecimiento","og_description":"Descubre c\u00f3mo el extracto de ginkgo biloba y la leche de cabra estimulan el crecimiento y fortalecen los fol\u00edculos capilares, reduciendo la ca\u00edda.","og_url":"https:\/\/www.okur.com.co\/sitio\/producto\/cabello-danado\/","og_site_name":"Okur","article_modified_time":"2024-02-24T21:15:43+00:00","og_image":[{"width":800,"height":800,"url":"https:\/\/www.okur.com.co\/sitio\/wp-content\/uploads\/2021\/08\/Regenerador-capilar-sin-sal-Okur.jpg","type":"image\/jpeg"}],"twitter_card":"summary_large_image","twitter_misc":{"Tiempo de lectura":"2 minutos"},"schema":{"@context":"https:\/\/schema.org","@graph":[{"@type":"WebPage","@id":"https:\/\/www.okur.com.co\/sitio\/producto\/cabello-danado\/","url":"https:\/\/www.okur.com.co\/sitio\/producto\/cabello-danado\/","name":"Cabello Da\u00f1ado \ud83d\udc10 Ayuda al Crecimiento","isPartOf":{"@id":"https:\/\/www.okur.com.co\/sitio\/#website"},"primaryImageOfPage":{"@id":"https:\/\/www.okur.com.co\/sitio\/producto\/cabello-danado\/#primaryimage"},"image":{"@id":"https:\/\/www.okur.com.co\/sitio\/producto\/cabello-danado\/#primaryimage"},"thumbnailUrl":"https:\/\/www.okur.com.co\/sitio\/wp-content\/uploads\/2021\/08\/Regenerador-capilar-sin-sal-Okur.jpg","datePublished":"2021-08-17T22:45:20+00:00","dateModified":"2024-02-24T21:15:43+00:00","description":"Descubre c\u00f3mo el extracto de ginkgo biloba y la leche de cabra estimulan el crecimiento y fortalecen los fol\u00edculos capilares, reduciendo la ca\u00edda.","breadcrumb":{"@id":"https:\/\/www.okur.com.co\/sitio\/producto\/cabello-danado\/#breadcrumb"},"inLanguage":"es","potentialAction":[{"@type":"ReadAction","target":["https:\/\/www.okur.com.co\/sitio\/producto\/cabello-danado\/"]}]},{"@type":"ImageObject","inLanguage":"es","@id":"https:\/\/www.okur.com.co\/sitio\/producto\/cabello-danado\/#primaryimage","url":"https:\/\/www.okur.com.co\/sitio\/wp-content\/uploads\/2021\/08\/Regenerador-capilar-sin-sal-Okur.jpg","contentUrl":"https:\/\/www.okur.com.co\/sitio\/wp-content\/uploads\/2021\/08\/Regenerador-capilar-sin-sal-Okur.jpg","width":800,"height":800},{"@type":"BreadcrumbList","@id":"https:\/\/www.okur.com.co\/sitio\/producto\/cabello-danado\/#breadcrumb","itemListElement":[{"@type":"ListItem","position":1,"name":"Portada","item":"https:\/\/www.okur.com.co\/sitio\/"},{"@type":"ListItem","position":2,"name":"Tienda","item":"https:\/\/www.okur.com.co\/sitio\/"},{"@type":"ListItem","position":3,"name":"Cabello Da\u00f1ado &#8211; Ayuda al crecimiento"}]},{"@type":"WebSite","@id":"https:\/\/www.okur.com.co\/sitio\/#website","url":"https:\/\/www.okur.com.co\/sitio\/","name":"Okur","description":"Tienda para el cuidado capilar de la familia","potentialAction":[{"@type":"SearchAction","target":{"@type":"EntryPoint","urlTemplate":"https:\/\/www.okur.com.co\/sitio\/?s={search_term_string}"},"query-input":{"@type":"PropertyValueSpecification","valueRequired":true,"valueName":"search_term_string"}}],"inLanguage":"es"}]}},"_links":{"self":[{"href":"https:\/\/www.okur.com.co\/sitio\/wp-json\/wp\/v2\/product\/457","targetHints":{"allow":["GET"]}}],"collection":[{"href":"https:\/\/www.okur.com.co\/sitio\/wp-json\/wp\/v2\/product"}],"about":[{"href":"https:\/\/www.okur.com.co\/sitio\/wp-json\/wp\/v2\/types\/product"}],"replies":[{"embeddable":true,"href":"https:\/\/www.okur.com.co\/sitio\/wp-json\/wp\/v2\/comments?post=457"}],"wp:featuredmedia":[{"embeddable":true,"href":"https:\/\/www.okur.com.co\/sitio\/wp-json\/wp\/v2\/media\/473"}],"wp:attachment":[{"href":"https:\/\/www.okur.com.co\/sitio\/wp-json\/wp\/v2\/media?parent=457"}],"wp:term":[{"taxonomy":"product_brand","embeddable":true,"href":"https:\/\/www.okur.com.co\/sitio\/wp-json\/wp\/v2\/product_brand?post=457"},{"taxonomy":"product_cat","embeddable":true,"href":"https:\/\/www.okur.com.co\/sitio\/wp-json\/wp\/v2\/product_cat?post=457"},{"taxonomy":"product_tag","embeddable":true,"href":"https:\/\/www.okur.com.co\/sitio\/wp-json\/wp\/v2\/product_tag?post=457"}],"curies":[{"name":"wp","href":"https:\/\/api.w.org\/{rel}","templated":true}]}}