{"id":455,"date":"2021-08-17T17:47:00","date_gmt":"2021-08-17T22:47:00","guid":{"rendered":"https:\/\/www.okur.com.co\/sitio\/?post_type=product&#038;p=455"},"modified":"2024-08-19T01:21:59","modified_gmt":"2024-08-19T06:21:59","slug":"cabello-reseco","status":"publish","type":"product","link":"https:\/\/www.okur.com.co\/sitio\/producto\/cabello-reseco\/","title":{"rendered":"Cabello Seco \ud83e\udd65 Shampoo Coco"},"content":{"rendered":"<div class=\"flex-1 overflow-hidden\">\n<div class=\"react-scroll-to-bottom--css-ayyhr-79elbk h-full\">\n<div class=\"react-scroll-to-bottom--css-ayyhr-1n7m0yu\">\n<div class=\"flex flex-col pb-9 text-sm\">\n<div class=\"w-full text-token-text-primary\" data-testid=\"conversation-turn-137\">\n<div class=\"px-4 py-2 justify-center text-base md:gap-6 m-auto\">\n<div class=\"flex flex-1 text-base mx-auto gap-3 md:px-5 lg:px-1 xl:px-5 md:max-w-3xl lg:max-w-[40rem] xl:max-w-[48rem] group final-completion\">\n<div class=\"relative flex w-full flex-col agent-turn\">\n<div class=\"flex-col gap-1 md:gap-3\">\n<div class=\"flex flex-grow flex-col max-w-full\">\n<div class=\"min-h-[20px] text-message flex flex-col items-start gap-3 whitespace-pre-wrap break-words [.text-message+&amp;]:mt-5 overflow-x-auto\" data-message-author-role=\"assistant\" data-message-id=\"664f7b2e-ac86-44ab-ab96-edc32860b657\">\n<div class=\"markdown prose w-full break-words dark:prose-invert light\">\n<h4><strong>Beneficios<\/strong><\/h4>\n<p>Shampoo de Coco Okur, especial para combatir el cabello seco, contiene vitamina E, que act\u00faa como un Potente antioxidante que revitaliza el cabello y el cuero cabelludo, estimulando su crecimiento y aportando vitalidad. Tambi\u00e9n contiene Extracto de Coco, brindando propiedades suavizantes, humectantes, y brillo, mientras protege la piel y act\u00faa como acondicionador. Nutre el fol\u00edculo piloso, manteni\u00e9ndolo hidratado y protegido.<\/p>\n<p>El extracto de coco cuida y mantiene hidratada la estructura del fol\u00edculo piloso, contribuyendo a su salud y funcionamiento adecuado. Ayuda a mejorar el brillo y la suavidad. Reduce eficazmente la friz y la electricidad est\u00e1tica.<\/p>\n<p><strong>Instrucciones de Uso<\/strong><\/p>\n<ul>\n<li style=\"list-style-type: none;\">\n<ul>\n<li>Utiliza el shampoo d\u00eda por medio o seg\u00fan las necesidades de tu cabello.<\/li>\n<li>Masajea suavemente sobre el cabello h\u00famedo con la yema de los dedos hasta obtener una fina espuma.<\/li>\n<li>Enjuaga completamente y repite la operaci\u00f3n si deseas una limpieza m\u00e1s profunda.<\/li>\n<\/ul>\n<\/li>\n<\/ul>\n<\/div>\n<\/div>\n<\/div>\n<div class=\"mt-1 flex justify-start gap-3 empty:hidden\">\n<div class=\"text-gray-400 flex self-end lg:self-center justify-center lg:justify-start mt-0 -ml-1 h-7 visible\"><button class=\"flex items-center gap-1.5 rounded-md p-1 text-xs text-token-text-tertiary hover:text-token-text-primary md:invisible md:group-hover:visible md:group-[.final-completion]:visible\"><\/button><\/p>\n<div class=\"flex items-center gap-1.5 text-xs\"><\/div>\n<div class=\"flex\"><\/div>\n<\/div>\n<\/div>\n<\/div>\n<\/div>\n<\/div>\n<\/div>\n<\/div>\n<\/div>\n<\/div>\n<\/div>\n<\/div>\n<div class=\"w-full pt-2 md:pt-0 dark:border-white\/20 md:border-transparent md:dark:border-transparent md:w-[calc(100%-.5rem)]\">\n<form class=\"stretch mx-2 flex flex-row gap-3 last:mb-2 md:mx-4 md:last:mb-6 lg:mx-auto lg:max-w-2xl xl:max-w-3xl\">\n<div class=\"relative flex h-full flex-1 flex-col\">\n<div class=\"flex w-full items-center\"><\/div>\n<\/div>\n<\/form>\n<\/div>\n","protected":false},"excerpt":{"rendered":"<p>&nbsp;<\/p>\n<div class=\"w-full text-token-text-primary\" data-testid=\"conversation-turn-139\">\n<div class=\"px-4 py-2 justify-center text-base md:gap-6 m-auto\">\n<div class=\"flex flex-1 text-base mx-auto gap-3 md:px-5 lg:px-1 xl:px-5 md:max-w-3xl lg:max-w-[40rem] xl:max-w-[48rem] group\">\n<div class=\"relative flex w-full flex-col agent-turn\">\n<div class=\"flex-col gap-1 md:gap-3\">\n<div class=\"flex flex-grow flex-col max-w-full\">\n<div class=\"min-h-[20px] text-message flex flex-col items-start gap-3 whitespace-pre-wrap break-words [.text-message+&amp;]:mt-5 overflow-x-auto\" data-message-author-role=\"assistant\" data-message-id=\"cb6f5c21-5f73-438a-9f99-5ec31ea3c7c4\">\n<div class=\"markdown prose w-full break-words dark:prose-invert light\">\n<p>El producto perfecto para proporcionar una hidrataci\u00f3n profunda al cabello reseco, especialmente despu\u00e9s de ser expuesto a altas temperaturas y tratamientos qu\u00edmicos. Mejora significativamente la textura del cabello seco, facilitando el peinado y aportando una suavidad notable tanto en condiciones secas como h\u00famedas.<\/p>\n<p>Los resultados del uso del shampoo de coco pueden variar seg\u00fan varios factores, como el estado actual de tu cabello, la frecuencia de uso del shampoo, y otros h\u00e1bitos de cuidado capilar que puedas tener.<\/p>\n<p>En general, es posible notar algunos beneficios despu\u00e9s de unas pocas aplicaciones, como un cabello m\u00e1s suave, con m\u00e1s brillo y menos friz. Sin embargo, para obtener resultados m\u00e1s significativos, como una mejora en la salud del cuero cabelludo, una reducci\u00f3n en la sequedad o una mayor hidrataci\u00f3n puede llevar varias semanas de uso regular del shampoo. Se recomienda ser constante en su uso y darle tiempo al producto (al menos 8 semanas) para que pueda actuar de manera efectiva en tu cabello.<\/p>\n<\/div>\n<\/div>\n<\/div>\n<\/div>\n<\/div>\n<\/div>\n<\/div>\n<\/div>\n<div class=\"w-full text-token-text-primary\" data-testid=\"conversation-turn-140\">\n<div class=\"px-4 py-2 justify-center text-base md:gap-6 m-auto\">\n<div class=\"flex flex-1 text-base mx-auto gap-3 md:px-5 lg:px-1 xl:px-5 md:max-w-3xl lg:max-w-[40rem] xl:max-w-[48rem] group\">\n<div class=\"flex-shrink-0 flex flex-col relative items-end\">\n<div class=\"pt-0.5\">\n<div class=\"gizmo-shadow-stroke flex h-6 w-6 items-center justify-center overflow-hidden rounded-full\"><\/div>\n<\/div>\n<\/div>\n<\/div>\n<\/div>\n<\/div>\n","protected":false},"featured_media":474,"comment_status":"open","ping_status":"closed","template":"","meta":{"_et_pb_use_builder":"","_et_pb_old_content":"","_et_gb_content_width":""},"product_brand":[],"product_cat":[34,33,31,17],"product_tag":[46,42,43,38,37],"class_list":{"0":"post-455","1":"product","2":"type-product","3":"status-publish","4":"has-post-thumbnail","6":"product_cat-delgado","7":"product_cat-frizz","8":"product_cat-seco","9":"product_cat-shampoo","10":"product_tag-ayuda-al-crecimiento","11":"product_tag-cabello-deshidratado","12":"product_tag-caida","13":"product_tag-crecimientodelcabello","14":"product_tag-falta-brillo","16":"first","17":"instock","18":"shipping-taxable","19":"purchasable","20":"product-type-simple"},"yoast_head":"<!-- This site is optimized with the Yoast SEO plugin v26.9 - https:\/\/yoast.com\/product\/yoast-seo-wordpress\/ -->\n<title>Cabello Reseco \ud83d\ude1d Suaviza, humecta y da brillo<\/title>\n<meta name=\"description\" content=\"Shampoo de \ud83e\udd65 Coco de Okur, para aliviar el cabello reseco, con ingredientes naturales nutre y fortalece. Recup\u00e9ralo en ocho semanas.\" \/>\n<meta name=\"robots\" content=\"index, follow, max-snippet:-1, max-image-preview:large, max-video-preview:-1\" \/>\n<link rel=\"canonical\" href=\"https:\/\/www.okur.com.co\/sitio\/producto\/cabello-reseco\/\" \/>\n<meta property=\"og:locale\" content=\"es_ES\" \/>\n<meta property=\"og:type\" content=\"article\" \/>\n<meta property=\"og:title\" content=\"Cabello Reseco \ud83d\ude1d Suaviza, humecta y da brillo\" \/>\n<meta property=\"og:description\" content=\"Shampoo de \ud83e\udd65 Coco de Okur, para aliviar el cabello reseco, con ingredientes naturales nutre y fortalece. Recup\u00e9ralo en ocho semanas.\" \/>\n<meta property=\"og:url\" content=\"https:\/\/www.okur.com.co\/sitio\/producto\/cabello-reseco\/\" \/>\n<meta property=\"og:site_name\" content=\"Okur\" \/>\n<meta property=\"article:modified_time\" content=\"2024-08-19T06:21:59+00:00\" \/>\n<meta property=\"og:image\" content=\"https:\/\/www.okur.com.co\/sitio\/wp-content\/uploads\/2021\/08\/Shampoo-de-coco-sin-sal-okur.jpg\" \/>\n\t<meta property=\"og:image:width\" content=\"800\" \/>\n\t<meta property=\"og:image:height\" content=\"800\" \/>\n\t<meta property=\"og:image:type\" content=\"image\/jpeg\" \/>\n<meta name=\"twitter:card\" content=\"summary_large_image\" \/>\n<meta name=\"twitter:label1\" content=\"Tiempo de lectura\" \/>\n\t<meta name=\"twitter:data1\" content=\"1 minuto\" \/>\n<script type=\"application\/ld+json\" class=\"yoast-schema-graph\">{\"@context\":\"https:\/\/schema.org\",\"@graph\":[{\"@type\":\"WebPage\",\"@id\":\"https:\/\/www.okur.com.co\/sitio\/producto\/cabello-reseco\/\",\"url\":\"https:\/\/www.okur.com.co\/sitio\/producto\/cabello-reseco\/\",\"name\":\"Cabello Reseco \ud83d\ude1d Suaviza, humecta y da brillo\",\"isPartOf\":{\"@id\":\"https:\/\/www.okur.com.co\/sitio\/#website\"},\"primaryImageOfPage\":{\"@id\":\"https:\/\/www.okur.com.co\/sitio\/producto\/cabello-reseco\/#primaryimage\"},\"image\":{\"@id\":\"https:\/\/www.okur.com.co\/sitio\/producto\/cabello-reseco\/#primaryimage\"},\"thumbnailUrl\":\"https:\/\/www.okur.com.co\/sitio\/wp-content\/uploads\/2021\/08\/Shampoo-de-coco-sin-sal-okur.jpg\",\"datePublished\":\"2021-08-17T22:47:00+00:00\",\"dateModified\":\"2024-08-19T06:21:59+00:00\",\"description\":\"Shampoo de \ud83e\udd65 Coco de Okur, para aliviar el cabello reseco, con ingredientes naturales nutre y fortalece. Recup\u00e9ralo en ocho semanas.\",\"breadcrumb\":{\"@id\":\"https:\/\/www.okur.com.co\/sitio\/producto\/cabello-reseco\/#breadcrumb\"},\"inLanguage\":\"es\",\"potentialAction\":[{\"@type\":\"ReadAction\",\"target\":[\"https:\/\/www.okur.com.co\/sitio\/producto\/cabello-reseco\/\"]}]},{\"@type\":\"ImageObject\",\"inLanguage\":\"es\",\"@id\":\"https:\/\/www.okur.com.co\/sitio\/producto\/cabello-reseco\/#primaryimage\",\"url\":\"https:\/\/www.okur.com.co\/sitio\/wp-content\/uploads\/2021\/08\/Shampoo-de-coco-sin-sal-okur.jpg\",\"contentUrl\":\"https:\/\/www.okur.com.co\/sitio\/wp-content\/uploads\/2021\/08\/Shampoo-de-coco-sin-sal-okur.jpg\",\"width\":800,\"height\":800,\"caption\":\"nutrici\u00f3n para el cabello\"},{\"@type\":\"BreadcrumbList\",\"@id\":\"https:\/\/www.okur.com.co\/sitio\/producto\/cabello-reseco\/#breadcrumb\",\"itemListElement\":[{\"@type\":\"ListItem\",\"position\":1,\"name\":\"Portada\",\"item\":\"https:\/\/www.okur.com.co\/sitio\/\"},{\"@type\":\"ListItem\",\"position\":2,\"name\":\"Tienda\",\"item\":\"https:\/\/www.okur.com.co\/sitio\/\"},{\"@type\":\"ListItem\",\"position\":3,\"name\":\"Cabello Seco \ud83e\udd65 Shampoo Coco\"}]},{\"@type\":\"WebSite\",\"@id\":\"https:\/\/www.okur.com.co\/sitio\/#website\",\"url\":\"https:\/\/www.okur.com.co\/sitio\/\",\"name\":\"Okur\",\"description\":\"Tienda para el cuidado capilar de la familia\",\"potentialAction\":[{\"@type\":\"SearchAction\",\"target\":{\"@type\":\"EntryPoint\",\"urlTemplate\":\"https:\/\/www.okur.com.co\/sitio\/?s={search_term_string}\"},\"query-input\":{\"@type\":\"PropertyValueSpecification\",\"valueRequired\":true,\"valueName\":\"search_term_string\"}}],\"inLanguage\":\"es\"}]}<\/script>\n<!-- \/ Yoast SEO plugin. -->","yoast_head_json":{"title":"Cabello Reseco \ud83d\ude1d Suaviza, humecta y da brillo","description":"Shampoo de \ud83e\udd65 Coco de Okur, para aliviar el cabello reseco, con ingredientes naturales nutre y fortalece. Recup\u00e9ralo en ocho semanas.","robots":{"index":"index","follow":"follow","max-snippet":"max-snippet:-1","max-image-preview":"max-image-preview:large","max-video-preview":"max-video-preview:-1"},"canonical":"https:\/\/www.okur.com.co\/sitio\/producto\/cabello-reseco\/","og_locale":"es_ES","og_type":"article","og_title":"Cabello Reseco \ud83d\ude1d Suaviza, humecta y da brillo","og_description":"Shampoo de \ud83e\udd65 Coco de Okur, para aliviar el cabello reseco, con ingredientes naturales nutre y fortalece. Recup\u00e9ralo en ocho semanas.","og_url":"https:\/\/www.okur.com.co\/sitio\/producto\/cabello-reseco\/","og_site_name":"Okur","article_modified_time":"2024-08-19T06:21:59+00:00","og_image":[{"width":800,"height":800,"url":"https:\/\/www.okur.com.co\/sitio\/wp-content\/uploads\/2021\/08\/Shampoo-de-coco-sin-sal-okur.jpg","type":"image\/jpeg"}],"twitter_card":"summary_large_image","twitter_misc":{"Tiempo de lectura":"1 minuto"},"schema":{"@context":"https:\/\/schema.org","@graph":[{"@type":"WebPage","@id":"https:\/\/www.okur.com.co\/sitio\/producto\/cabello-reseco\/","url":"https:\/\/www.okur.com.co\/sitio\/producto\/cabello-reseco\/","name":"Cabello Reseco \ud83d\ude1d Suaviza, humecta y da brillo","isPartOf":{"@id":"https:\/\/www.okur.com.co\/sitio\/#website"},"primaryImageOfPage":{"@id":"https:\/\/www.okur.com.co\/sitio\/producto\/cabello-reseco\/#primaryimage"},"image":{"@id":"https:\/\/www.okur.com.co\/sitio\/producto\/cabello-reseco\/#primaryimage"},"thumbnailUrl":"https:\/\/www.okur.com.co\/sitio\/wp-content\/uploads\/2021\/08\/Shampoo-de-coco-sin-sal-okur.jpg","datePublished":"2021-08-17T22:47:00+00:00","dateModified":"2024-08-19T06:21:59+00:00","description":"Shampoo de \ud83e\udd65 Coco de Okur, para aliviar el cabello reseco, con ingredientes naturales nutre y fortalece. Recup\u00e9ralo en ocho semanas.","breadcrumb":{"@id":"https:\/\/www.okur.com.co\/sitio\/producto\/cabello-reseco\/#breadcrumb"},"inLanguage":"es","potentialAction":[{"@type":"ReadAction","target":["https:\/\/www.okur.com.co\/sitio\/producto\/cabello-reseco\/"]}]},{"@type":"ImageObject","inLanguage":"es","@id":"https:\/\/www.okur.com.co\/sitio\/producto\/cabello-reseco\/#primaryimage","url":"https:\/\/www.okur.com.co\/sitio\/wp-content\/uploads\/2021\/08\/Shampoo-de-coco-sin-sal-okur.jpg","contentUrl":"https:\/\/www.okur.com.co\/sitio\/wp-content\/uploads\/2021\/08\/Shampoo-de-coco-sin-sal-okur.jpg","width":800,"height":800,"caption":"nutrici\u00f3n para el cabello"},{"@type":"BreadcrumbList","@id":"https:\/\/www.okur.com.co\/sitio\/producto\/cabello-reseco\/#breadcrumb","itemListElement":[{"@type":"ListItem","position":1,"name":"Portada","item":"https:\/\/www.okur.com.co\/sitio\/"},{"@type":"ListItem","position":2,"name":"Tienda","item":"https:\/\/www.okur.com.co\/sitio\/"},{"@type":"ListItem","position":3,"name":"Cabello Seco \ud83e\udd65 Shampoo Coco"}]},{"@type":"WebSite","@id":"https:\/\/www.okur.com.co\/sitio\/#website","url":"https:\/\/www.okur.com.co\/sitio\/","name":"Okur","description":"Tienda para el cuidado capilar de la familia","potentialAction":[{"@type":"SearchAction","target":{"@type":"EntryPoint","urlTemplate":"https:\/\/www.okur.com.co\/sitio\/?s={search_term_string}"},"query-input":{"@type":"PropertyValueSpecification","valueRequired":true,"valueName":"search_term_string"}}],"inLanguage":"es"}]}},"_links":{"self":[{"href":"https:\/\/www.okur.com.co\/sitio\/wp-json\/wp\/v2\/product\/455","targetHints":{"allow":["GET"]}}],"collection":[{"href":"https:\/\/www.okur.com.co\/sitio\/wp-json\/wp\/v2\/product"}],"about":[{"href":"https:\/\/www.okur.com.co\/sitio\/wp-json\/wp\/v2\/types\/product"}],"replies":[{"embeddable":true,"href":"https:\/\/www.okur.com.co\/sitio\/wp-json\/wp\/v2\/comments?post=455"}],"wp:featuredmedia":[{"embeddable":true,"href":"https:\/\/www.okur.com.co\/sitio\/wp-json\/wp\/v2\/media\/474"}],"wp:attachment":[{"href":"https:\/\/www.okur.com.co\/sitio\/wp-json\/wp\/v2\/media?parent=455"}],"wp:term":[{"taxonomy":"product_brand","embeddable":true,"href":"https:\/\/www.okur.com.co\/sitio\/wp-json\/wp\/v2\/product_brand?post=455"},{"taxonomy":"product_cat","embeddable":true,"href":"https:\/\/www.okur.com.co\/sitio\/wp-json\/wp\/v2\/product_cat?post=455"},{"taxonomy":"product_tag","embeddable":true,"href":"https:\/\/www.okur.com.co\/sitio\/wp-json\/wp\/v2\/product_tag?post=455"}],"curies":[{"name":"wp","href":"https:\/\/api.w.org\/{rel}","templated":true}]}}