{"id":48,"date":"2021-07-31T18:48:08","date_gmt":"2021-07-31T18:48:08","guid":{"rendered":"https:\/\/www.okamitech.com.co\/okur\/?page_id=48"},"modified":"2021-09-02T14:02:35","modified_gmt":"2021-09-02T19:02:35","slug":"conocenos","status":"publish","type":"page","link":"https:\/\/www.okur.com.co\/sitio\/conocenos\/","title":{"rendered":"Con\u00f3cenos"},"content":{"rendered":"<p>[et_pb_section fb_built=\u00bb1&#8243; custom_padding_last_edited=\u00bbon|tablet\u00bb next_background_color=\u00bb#ffffff\u00bb admin_label=\u00bbHeader\u00bb _builder_version=\u00bb4.10.5&#8243; background_color=\u00bb#fcfaf7&#8243; background_image=\u00bbhttps:\/\/www.okur.com.co\/sitio\/wp-content\/uploads\/2021\/09\/hojas-2-1.jpg\u00bb background_position=\u00bbtop_center\u00bb custom_padding=\u00bb||4vw|||\u00bb custom_padding_tablet=\u00bb||0vw|\u00bb custom_padding_phone=\u00bb\u00bb bottom_divider_style=\u00bbwave\u00bb bottom_divider_height=\u00bb80%\u00bb bottom_divider_repeat=\u00bb0.6x\u00bb bottom_divider_flip=\u00bbvertical|horizontal\u00bb hover_enabled=\u00bb0&#8243; global_colors_info=\u00bb{}\u00bb title_text=\u00bbhojas-2-1&#8243; sticky_enabled=\u00bb0&#8243;][et_pb_row column_structure=\u00bb1_2,1_2&#8243; _builder_version=\u00bb4.9.10&#8243; custom_margin=\u00bb100px||\u00bb custom_margin_tablet=\u00bb||\u00bb custom_margin_phone=\u00bb0px|||\u00bb custom_margin_last_edited=\u00bbon|tablet\u00bb custom_css_main_element=\u00bbdisplay:flex;||align-items:center;\u00bb global_colors_info=\u00bb{}\u00bb custom_css_main_element_last_edited=\u00bbon|tablet\u00bb custom_css_main_element_tablet=\u00bbdisplay:block;\u00bb custom_css_main_element_phone=\u00bbdisplay:block;\u00bb][et_pb_column type=\u00bb1_2&#8243; _builder_version=\u00bb3.25&#8243; custom_padding=\u00bb|||\u00bb global_colors_info=\u00bb{}\u00bb custom_padding__hover=\u00bb|||\u00bb][et_pb_text _builder_version=\u00bb4.9.10&#8243; header_font=\u00bbPoppins|700|||||||\u00bb header_text_color=\u00bb#809638&#8243; header_font_size=\u00bb60px\u00bb header_letter_spacing=\u00bb1px\u00bb header_line_height=\u00bb1.2em\u00bb header_font_size_tablet=\u00bb40px\u00bb header_font_size_phone=\u00bb34px\u00bb header_font_size_last_edited=\u00bbon|desktop\u00bb header_letter_spacing_tablet=\u00bb0px\u00bb header_letter_spacing_phone=\u00bb0px\u00bb header_letter_spacing_last_edited=\u00bbon|tablet\u00bb global_colors_info=\u00bb{}\u00bb]<\/p>\n<h1>Nuestra historia<\/h1>\n<p>[\/et_pb_text][et_pb_text _builder_version=\u00bb4.9.10&#8243; text_font=\u00bbPoppins|300|||||||\u00bb text_letter_spacing=\u00bb0.5px\u00bb text_line_height=\u00bb2em\u00bb transform_scale_tablet=\u00bb\u00bb transform_scale_phone=\u00bb\u00bb transform_scale_last_edited=\u00bbon|desktop\u00bb transform_translate_tablet=\u00bb\u00bb transform_translate_phone=\u00bb\u00bb transform_translate_last_edited=\u00bbon|desktop\u00bb transform_rotate_tablet=\u00bb\u00bb transform_rotate_phone=\u00bb\u00bb transform_rotate_last_edited=\u00bbon|desktop\u00bb transform_skew_tablet=\u00bb\u00bb transform_skew_phone=\u00bb\u00bb transform_skew_last_edited=\u00bbon|desktop\u00bb transform_origin_tablet=\u00bb\u00bb transform_origin_phone=\u00bb\u00bb transform_origin_last_edited=\u00bbon|desktop\u00bb transform_styles_last_edited=\u00bbon|desktop\u00bb text_orientation=\u00bbjustified\u00bb text_font_size_tablet=\u00bb16px\u00bb text_font_size_phone=\u00bb14px\u00bb text_font_size_last_edited=\u00bboff|desktop\u00bb text_letter_spacing_tablet=\u00bb\u00bb text_letter_spacing_phone=\u00bb0px\u00bb text_letter_spacing_last_edited=\u00bbon|tablet\u00bb transform_styles_tablet=\u00bb\u00bb transform_styles_phone=\u00bb\u00bb global_colors_info=\u00bb{}\u00bb]<\/p>\n<p>En 2017 integrantes de un grupo familiar decidieron explorar y contribuir a la necesidad del cuidado del cabello, todo comenz\u00f3 cuando las noticias y hechos alrededor de los productos capilares y de cuidado personal posicionados en el mercado, estaban con dificultades en su reputaci\u00f3n a nivel global, ocasionado por las demandas y evidencias de efectos secundarios en las personas que los usaban recurrentemente. Las mujeres de la familia decididas a investigar a fondo y luego de un sin n\u00famero de pruebas durante dos a\u00f1os, encontraron los componentes e ingredientes que pod\u00edan garantizar la eliminaci\u00f3n de efectos secundarios por el uso frecuente de este tipo de productos; su investigaci\u00f3n las llevo a que los mejores ingredientes est\u00e1n en la selva amaz\u00f3nica y el campo de nuestros territorios, identificando una propuesta diferente, sencilla y sostenible, que apoya con soluciones para el cuidado personal.<\/p>\n<p>[\/et_pb_text][\/et_pb_column][et_pb_column type=\u00bb1_2&#8243; _builder_version=\u00bb3.25&#8243; custom_padding=\u00bb|||\u00bb global_colors_info=\u00bb{}\u00bb custom_padding__hover=\u00bb|||\u00bb][et_pb_image src=\u00bbhttps:\/\/www.okur.com.co\/sitio\/wp-content\/uploads\/2021\/08\/Historia-2000.jpg\u00bb title_text=\u00bbHistoria-2000&#8243; align=\u00bbright\u00bb _builder_version=\u00bb4.9.10&#8243; transform_scale=\u00bb120%|120%\u00bb transform_scale_tablet=\u00bb100%|100%\u00bb transform_scale_phone=\u00bb\u00bb transform_scale_last_edited=\u00bbon|tablet\u00bb transform_translate_tablet=\u00bb\u00bb transform_translate_phone=\u00bb\u00bb transform_translate_last_edited=\u00bbon|desktop\u00bb transform_rotate_tablet=\u00bb\u00bb transform_rotate_phone=\u00bb\u00bb transform_rotate_last_edited=\u00bbon|desktop\u00bb transform_skew_tablet=\u00bb\u00bb transform_skew_phone=\u00bb\u00bb transform_skew_last_edited=\u00bbon|desktop\u00bb transform_origin_tablet=\u00bb\u00bb transform_origin_phone=\u00bb\u00bb transform_origin_last_edited=\u00bbon|desktop\u00bb transform_styles_last_edited=\u00bbon|tablet\u00bb width=\u00bb60%\u00bb width_tablet=\u00bb60%\u00bb width_phone=\u00bb\u00bb width_last_edited=\u00bbon|tablet\u00bb module_alignment=\u00bbcenter\u00bb custom_margin=\u00bb|||\u00bb transform_styles_tablet=\u00bb\u00bb transform_styles_phone=\u00bb\u00bb border_radii=\u00bbon|300px|300px|300px|300px\u00bb always_center_on_mobile=\u00bboff\u00bb global_colors_info=\u00bb{}\u00bb][\/et_pb_image][\/et_pb_column][\/et_pb_row][\/et_pb_section][et_pb_section fb_built=\u00bb1&#8243; admin_label=\u00bbSection Title\u00bb _builder_version=\u00bb3.22.1&#8243; custom_padding=\u00bb||0px|||\u00bb global_colors_info=\u00bb{}\u00bb][et_pb_row _builder_version=\u00bb3.25&#8243; locked=\u00bboff\u00bb global_colors_info=\u00bb{}\u00bb][et_pb_column type=\u00bb4_4&#8243; _builder_version=\u00bb3.25&#8243; custom_padding=\u00bb|||\u00bb global_colors_info=\u00bb{}\u00bb custom_padding__hover=\u00bb|||\u00bb][et_pb_text _builder_version=\u00bb4.9.10&#8243; header_font=\u00bb||||||||\u00bb header_2_font=\u00bbPoppins|700|||||||\u00bb header_2_text_color=\u00bb#809638&#8243; header_2_font_size=\u00bb50px\u00bb header_2_line_height=\u00bb1.2em\u00bb header_2_font_size_tablet=\u00bb36px\u00bb header_2_font_size_phone=\u00bb28px\u00bb header_2_font_size_last_edited=\u00bbon|phone\u00bb header_2_letter_spacing_tablet=\u00bb0px\u00bb header_2_letter_spacing_phone=\u00bb0px\u00bb header_2_letter_spacing_last_edited=\u00bboff|tablet\u00bb global_colors_info=\u00bb{}\u00bb]<\/p>\n<h2>Nuestra Misi\u00f3n<\/h2>\n<p>[\/et_pb_text][\/et_pb_column][\/et_pb_row][et_pb_row column_structure=\u00bb3_5,2_5&#8243; make_equal=\u00bbon\u00bb _builder_version=\u00bb4.9.10&#8243; _module_preset=\u00bbdefault\u00bb custom_css_main_element=\u00bbdisplay: flex;||align-items: center;\u00bb global_colors_info=\u00bb{}\u00bb][et_pb_column type=\u00bb3_5&#8243; _builder_version=\u00bb4.9.10&#8243; _module_preset=\u00bbdefault\u00bb background_enable_color=\u00bboff\u00bb global_colors_info=\u00bb{}\u00bb][et_pb_blurb image_max_width=\u00bb90px\u00bb content_max_width=\u00bb800px\u00bb image_max_width_last_edited=\u00bboff|desktop\u00bb _builder_version=\u00bb4.9.10&#8243; header_font=\u00bbCormorant Garamond|700|||||||\u00bb header_font_size=\u00bb26px\u00bb body_font=\u00bbPoppins|300|||||||\u00bb body_text_color=\u00bbrgba(7,9,15,0.5)\u00bb body_font_size=\u00bb15px\u00bb body_line_height=\u00bb2em\u00bb background_color=\u00bb#EEE9E6&#8243; background_color_gradient_direction=\u00bb-60deg\u00bb transform_scale_tablet=\u00bb100%|100%\u00bb transform_scale_last_edited=\u00bboff|desktop\u00bb transform_translate_last_edited=\u00bboff|desktop\u00bb transform_rotate_last_edited=\u00bboff|desktop\u00bb transform_skew_last_edited=\u00bboff|desktop\u00bb transform_origin_last_edited=\u00bboff|desktop\u00bb transform_styles_last_edited=\u00bboff|desktop\u00bb text_orientation=\u00bbcenter\u00bb background_layout=\u00bbdark\u00bb custom_margin_tablet=\u00bb||-40px\u00bb custom_margin_last_edited=\u00bboff|desktop\u00bb custom_padding=\u00bb80px|30px|80px|30px|true|true\u00bb custom_padding_tablet=\u00bb30px||30px||true\u00bb custom_padding_phone=\u00bb\u00bb custom_padding_last_edited=\u00bbon|desktop\u00bb animation=\u00bboff\u00bb header_font_size_tablet=\u00bb\u00bb header_font_size_phone=\u00bb21px\u00bb header_font_size_last_edited=\u00bbon|phone\u00bb body_font_size_tablet=\u00bb\u00bb body_font_size_phone=\u00bb14px\u00bb body_font_size_last_edited=\u00bbon|phone\u00bb body_line_height_tablet=\u00bb\u00bb body_line_height_phone=\u00bb1.8em\u00bb body_line_height_last_edited=\u00bbon|phone\u00bb border_radii=\u00bbon|6px|6px|6px|6px\u00bb border_radii_image=\u00bbon|100px|100px|100px|100px\u00bb box_shadow_style=\u00bbpreset1&#8243; box_shadow_vertical=\u00bb20px\u00bb box_shadow_blur=\u00bb40px\u00bb box_shadow_color=\u00bbrgba(236,227,219,0.4)\u00bb locked=\u00bboff\u00bb global_colors_info=\u00bb{}\u00bb]<\/p>\n<p>Fomentar el bienestar de las familias a trav\u00e9s del cuidado personal, entregando productos y servicios que sean sustentables con distribuidores, usuarios finales y el medio ambiente.<\/p>\n<p>[\/et_pb_blurb][\/et_pb_column][et_pb_column type=\u00bb2_5&#8243; _builder_version=\u00bb4.9.10&#8243; _module_preset=\u00bbdefault\u00bb global_colors_info=\u00bb{}\u00bb][et_pb_image src=\u00bbhttps:\/\/www.okur.com.co\/sitio\/wp-content\/uploads\/2021\/08\/Mision-2000.jpg\u00bb title_text=\u00bbMisi\u00f3n-2000&#8243; align_tablet=\u00bbcenter\u00bb align_phone=\u00bb\u00bb align_last_edited=\u00bbon|desktop\u00bb _builder_version=\u00bb4.9.10&#8243; border_radii=\u00bbon|8px|8px|8px|8px\u00bb border_color_all=\u00bbrgba(0,0,0,0.1)\u00bb box_shadow_style=\u00bbpreset1&#8243; box_shadow_vertical=\u00bb70px\u00bb box_shadow_blur=\u00bb100px\u00bb box_shadow_color=\u00bbrgba(0,0,0,0.2)\u00bb global_colors_info=\u00bb{}\u00bb][\/et_pb_image][\/et_pb_column][\/et_pb_row][\/et_pb_section][et_pb_section fb_built=\u00bb1&#8243; admin_label=\u00bbSection Title\u00bb _builder_version=\u00bb3.22.1&#8243; custom_padding=\u00bb||0px|||\u00bb global_colors_info=\u00bb{}\u00bb][et_pb_row _builder_version=\u00bb3.25&#8243; locked=\u00bboff\u00bb global_colors_info=\u00bb{}\u00bb][et_pb_column type=\u00bb4_4&#8243; _builder_version=\u00bb3.25&#8243; custom_padding=\u00bb|||\u00bb global_colors_info=\u00bb{}\u00bb custom_padding__hover=\u00bb|||\u00bb][et_pb_text _builder_version=\u00bb4.9.10&#8243; header_font=\u00bb||||||||\u00bb header_2_font=\u00bbPoppins|700|||||||\u00bb header_2_text_color=\u00bb#809638&#8243; header_2_font_size=\u00bb50px\u00bb header_2_line_height=\u00bb1.2em\u00bb header_2_font_size_tablet=\u00bb36px\u00bb header_2_font_size_phone=\u00bb28px\u00bb header_2_font_size_last_edited=\u00bbon|phone\u00bb header_2_letter_spacing_tablet=\u00bb0px\u00bb header_2_letter_spacing_phone=\u00bb0px\u00bb header_2_letter_spacing_last_edited=\u00bboff|tablet\u00bb global_colors_info=\u00bb{}\u00bb]<\/p>\n<h2>Nuestra Visi\u00f3n<\/h2>\n<p>[\/et_pb_text][\/et_pb_column][\/et_pb_row][\/et_pb_section][et_pb_section fb_built=\u00bb1&#8243; specialty=\u00bbon\u00bb admin_label=\u00bbWhat We Do\u00bb _builder_version=\u00bb4.9.10&#8243; background_enable_image=\u00bboff\u00bb background_size=\u00bbinitial\u00bb background_position=\u00bbbottom_center\u00bb background_blend=\u00bbmultiply\u00bb custom_padding=\u00bb0px||102px|||\u00bb global_colors_info=\u00bb{}\u00bb][et_pb_column type=\u00bb2_3&#8243; specialty_columns=\u00bb2&#8243; _builder_version=\u00bb3.25&#8243; custom_padding=\u00bb|||\u00bb global_colors_info=\u00bb{}\u00bb custom_padding__hover=\u00bb|||\u00bb][et_pb_row_inner _builder_version=\u00bb4.9.10&#8243; background_color=\u00bb#EEE9E6&#8243; custom_margin=\u00bb35px|||||\u00bb custom_padding=\u00bb|20px||20px|false|true\u00bb border_radii=\u00bbon|8px|8px|8px|8px\u00bb box_shadow_style=\u00bbpreset1&#8243; box_shadow_vertical=\u00bb20px\u00bb box_shadow_blur=\u00bb40px\u00bb box_shadow_color=\u00bbrgba(168,163,156,0.41)\u00bb global_colors_info=\u00bb{}\u00bb][et_pb_column_inner saved_specialty_column_type=\u00bb2_3&#8243; _builder_version=\u00bb3.25&#8243; custom_padding=\u00bb|||\u00bb global_colors_info=\u00bb{}\u00bb custom_padding__hover=\u00bb|||\u00bb][et_pb_text _builder_version=\u00bb4.9.11&#8243; _module_preset=\u00bbdefault\u00bb text_font=\u00bbPoppins|300|||||||\u00bb global_colors_info=\u00bb{}\u00bb]<\/p>\n<p>En OKUR estamos comprometidos con brindar a nuestros clientes una amplia gama de productos de calidad que sean beneficiosos para el ser humano y el medio ambiente. Nuestro \u00e9xito futuro depende de este compromiso.<\/p>\n<p>Para lograr nuestra misi\u00f3n, desarrollaremos productos a base de ingredientes naturales, rentables y que contengan beneficio mutuo para nuestros accionistas, clientes, distribuidores y empleados, asegurando un futuro a largo plazo y superando las expectativas de nuestros grupos de inter\u00e9s.<\/p>\n<p>Okur tiene un equipo confiable que trabaja en conjunto para lograr ser ejemplo de honestidad, nos enorgullecemos hacer esfuerzos adicionales para con nuestros clientes.<\/p>\n<p>[\/et_pb_text][\/et_pb_column_inner][\/et_pb_row_inner][\/et_pb_column][et_pb_column type=\u00bb1_3&#8243; _builder_version=\u00bb3.25&#8243; custom_padding=\u00bb|||\u00bb global_colors_info=\u00bb{}\u00bb custom_padding__hover=\u00bb|||\u00bb][et_pb_image src=\u00bbhttps:\/\/www.okur.com.co\/sitio\/wp-content\/uploads\/2021\/08\/Vision-2000.jpg\u00bb title_text=\u00bbVisi\u00f3n-2000&#8243; align_tablet=\u00bbcenter\u00bb align_phone=\u00bb\u00bb align_last_edited=\u00bbon|desktop\u00bb _builder_version=\u00bb4.9.10&#8243; border_radii=\u00bbon|8px|8px|8px|8px\u00bb border_width_all=\u00bb2px\u00bb border_color_all=\u00bbrgba(0,0,0,0.1)\u00bb box_shadow_style=\u00bbpreset1&#8243; box_shadow_vertical=\u00bb70px\u00bb box_shadow_blur=\u00bb100px\u00bb box_shadow_color=\u00bbrgba(0,0,0,0.2)\u00bb global_colors_info=\u00bb{}\u00bb][\/et_pb_image][\/et_pb_column][\/et_pb_section]<\/p>\n","protected":false},"excerpt":{"rendered":"<p>Nuestra historiaEn 2017 integrantes de un grupo familiar decidieron explorar y contribuir a la necesidad del cuidado del cabello, todo comenz\u00f3 cuando las noticias y hechos alrededor de los productos capilares y de cuidado personal posicionados en el mercado, estaban con dificultades en su reputaci\u00f3n a nivel global, ocasionado por las demandas y evidencias de [&hellip;]<\/p>\n","protected":false},"author":1,"featured_media":0,"parent":0,"menu_order":0,"comment_status":"closed","ping_status":"closed","template":"","meta":{"_et_pb_use_builder":"on","_et_pb_old_content":"","_et_gb_content_width":"","footnotes":""},"class_list":["post-48","page","type-page","status-publish","hentry"],"yoast_head":"<!-- This site is optimized with the Yoast SEO plugin v26.9 - https:\/\/yoast.com\/product\/yoast-seo-wordpress\/ -->\n<title>Con\u00f3cenos - Okur<\/title>\n<meta name=\"robots\" content=\"index, follow, max-snippet:-1, max-image-preview:large, max-video-preview:-1\" \/>\n<link rel=\"canonical\" href=\"https:\/\/www.okur.com.co\/sitio\/conocenos\/\" \/>\n<meta property=\"og:locale\" content=\"es_ES\" \/>\n<meta property=\"og:type\" content=\"article\" \/>\n<meta property=\"og:title\" content=\"Con\u00f3cenos - Okur\" \/>\n<meta property=\"og:description\" content=\"Nuestra tienda\" \/>\n<meta property=\"og:url\" content=\"https:\/\/www.okur.com.co\/sitio\/conocenos\/\" \/>\n<meta property=\"og:site_name\" content=\"Okur\" \/>\n<meta property=\"article:modified_time\" content=\"2021-09-02T19:02:35+00:00\" \/>\n<meta name=\"twitter:card\" content=\"summary_large_image\" \/>\n<meta name=\"twitter:label1\" content=\"Tiempo de lectura\" \/>\n\t<meta name=\"twitter:data1\" content=\"8 minutos\" \/>\n<script type=\"application\/ld+json\" class=\"yoast-schema-graph\">{\"@context\":\"https:\/\/schema.org\",\"@graph\":[{\"@type\":\"WebPage\",\"@id\":\"https:\/\/www.okur.com.co\/sitio\/conocenos\/\",\"url\":\"https:\/\/www.okur.com.co\/sitio\/conocenos\/\",\"name\":\"Con\u00f3cenos - Okur\",\"isPartOf\":{\"@id\":\"https:\/\/www.okur.com.co\/sitio\/#website\"},\"datePublished\":\"2021-07-31T18:48:08+00:00\",\"dateModified\":\"2021-09-02T19:02:35+00:00\",\"breadcrumb\":{\"@id\":\"https:\/\/www.okur.com.co\/sitio\/conocenos\/#breadcrumb\"},\"inLanguage\":\"es\",\"potentialAction\":[{\"@type\":\"ReadAction\",\"target\":[\"https:\/\/www.okur.com.co\/sitio\/conocenos\/\"]}]},{\"@type\":\"BreadcrumbList\",\"@id\":\"https:\/\/www.okur.com.co\/sitio\/conocenos\/#breadcrumb\",\"itemListElement\":[{\"@type\":\"ListItem\",\"position\":1,\"name\":\"Portada\",\"item\":\"https:\/\/www.okur.com.co\/sitio\/\"},{\"@type\":\"ListItem\",\"position\":2,\"name\":\"Con\u00f3cenos\"}]},{\"@type\":\"WebSite\",\"@id\":\"https:\/\/www.okur.com.co\/sitio\/#website\",\"url\":\"https:\/\/www.okur.com.co\/sitio\/\",\"name\":\"Okur\",\"description\":\"Tienda para el cuidado capilar de la familia\",\"potentialAction\":[{\"@type\":\"SearchAction\",\"target\":{\"@type\":\"EntryPoint\",\"urlTemplate\":\"https:\/\/www.okur.com.co\/sitio\/?s={search_term_string}\"},\"query-input\":{\"@type\":\"PropertyValueSpecification\",\"valueRequired\":true,\"valueName\":\"search_term_string\"}}],\"inLanguage\":\"es\"}]}<\/script>\n<!-- \/ Yoast SEO plugin. -->","yoast_head_json":{"title":"Con\u00f3cenos - Okur","robots":{"index":"index","follow":"follow","max-snippet":"max-snippet:-1","max-image-preview":"max-image-preview:large","max-video-preview":"max-video-preview:-1"},"canonical":"https:\/\/www.okur.com.co\/sitio\/conocenos\/","og_locale":"es_ES","og_type":"article","og_title":"Con\u00f3cenos - Okur","og_description":"Nuestra tienda","og_url":"https:\/\/www.okur.com.co\/sitio\/conocenos\/","og_site_name":"Okur","article_modified_time":"2021-09-02T19:02:35+00:00","twitter_card":"summary_large_image","twitter_misc":{"Tiempo de lectura":"8 minutos"},"schema":{"@context":"https:\/\/schema.org","@graph":[{"@type":"WebPage","@id":"https:\/\/www.okur.com.co\/sitio\/conocenos\/","url":"https:\/\/www.okur.com.co\/sitio\/conocenos\/","name":"Con\u00f3cenos - Okur","isPartOf":{"@id":"https:\/\/www.okur.com.co\/sitio\/#website"},"datePublished":"2021-07-31T18:48:08+00:00","dateModified":"2021-09-02T19:02:35+00:00","breadcrumb":{"@id":"https:\/\/www.okur.com.co\/sitio\/conocenos\/#breadcrumb"},"inLanguage":"es","potentialAction":[{"@type":"ReadAction","target":["https:\/\/www.okur.com.co\/sitio\/conocenos\/"]}]},{"@type":"BreadcrumbList","@id":"https:\/\/www.okur.com.co\/sitio\/conocenos\/#breadcrumb","itemListElement":[{"@type":"ListItem","position":1,"name":"Portada","item":"https:\/\/www.okur.com.co\/sitio\/"},{"@type":"ListItem","position":2,"name":"Con\u00f3cenos"}]},{"@type":"WebSite","@id":"https:\/\/www.okur.com.co\/sitio\/#website","url":"https:\/\/www.okur.com.co\/sitio\/","name":"Okur","description":"Tienda para el cuidado capilar de la familia","potentialAction":[{"@type":"SearchAction","target":{"@type":"EntryPoint","urlTemplate":"https:\/\/www.okur.com.co\/sitio\/?s={search_term_string}"},"query-input":{"@type":"PropertyValueSpecification","valueRequired":true,"valueName":"search_term_string"}}],"inLanguage":"es"}]}},"_links":{"self":[{"href":"https:\/\/www.okur.com.co\/sitio\/wp-json\/wp\/v2\/pages\/48","targetHints":{"allow":["GET"]}}],"collection":[{"href":"https:\/\/www.okur.com.co\/sitio\/wp-json\/wp\/v2\/pages"}],"about":[{"href":"https:\/\/www.okur.com.co\/sitio\/wp-json\/wp\/v2\/types\/page"}],"author":[{"embeddable":true,"href":"https:\/\/www.okur.com.co\/sitio\/wp-json\/wp\/v2\/users\/1"}],"replies":[{"embeddable":true,"href":"https:\/\/www.okur.com.co\/sitio\/wp-json\/wp\/v2\/comments?post=48"}],"version-history":[{"count":21,"href":"https:\/\/www.okur.com.co\/sitio\/wp-json\/wp\/v2\/pages\/48\/revisions"}],"predecessor-version":[{"id":504,"href":"https:\/\/www.okur.com.co\/sitio\/wp-json\/wp\/v2\/pages\/48\/revisions\/504"}],"wp:attachment":[{"href":"https:\/\/www.okur.com.co\/sitio\/wp-json\/wp\/v2\/media?parent=48"}],"curies":[{"name":"wp","href":"https:\/\/api.w.org\/{rel}","templated":true}]}}